{"id":891,"date":"2024-03-03T21:28:17","date_gmt":"2024-03-03T21:28:17","guid":{"rendered":"https:\/\/nezir-europe.org\/?page_id=891"},"modified":"2025-10-21T18:17:24","modified_gmt":"2025-10-21T18:17:24","slug":"dataprotection","status":"publish","type":"page","link":"https:\/\/nezir-europe.org\/tr_tr\/dataprotection\/","title":{"rendered":"Veri Koruma"},"content":{"rendered":"<div data-elementor-type=\"wp-page\" data-elementor-id=\"891\" class=\"elementor elementor-891\" data-elementor-post-type=\"page\">\n\t\t\t\t<div class=\"elementor-element elementor-element-ad3b7fd e-flex e-con-boxed e-con e-parent\" data-id=\"ad3b7fd\" data-element_type=\"container\">\n\t\t\t\t\t<div class=\"e-con-inner\">\n\t\t\t\t<div class=\"elementor-element elementor-element-3d08bd6 elementor-widget elementor-widget-text-editor\" data-id=\"3d08bd6\" data-element_type=\"widget\" data-widget_type=\"text-editor.default\">\n\t\t\t\t<div class=\"elementor-widget-container\">\n\t\t\t\t\t\t\t\t\t<h3>Gizlilik Politikas\u0131<\/h3><h4>1. bi\u0307r baki\u015fta veri\u0307 koruma<\/h4><h5>Genel bilgi<\/h5><p>A\u015fa\u011f\u0131daki bilgiler, bu web sitesini ziyaret etti\u011finizde ki\u015fisel verilerinize ne oldu\u011funa dair basit bir genel bak\u0131\u015f sa\u011flar. Ki\u015fisel veriler, sizi ki\u015fisel olarak tan\u0131mlamak i\u00e7in kullan\u0131labilecek her t\u00fcrl\u00fc veridir. Veri koruma konusuna ili\u015fkin ayr\u0131nt\u0131l\u0131 bilgileri bu metnin alt\u0131nda yer alan veri koruma beyan\u0131m\u0131zda bulabilirsiniz.<\/p><h5>Bu web sitesinde veri toplama<\/h5><h5>Bu web sitesinde veri toplanmas\u0131ndan kim sorumludur?<\/h5><p>Bu web sitesindeki veri i\u015fleme web sitesi operat\u00f6r\u00fc taraf\u0131ndan ger\u00e7ekle\u015ftirilir. Operat\u00f6r\u00fcn ileti\u015fim bilgilerini bu gizlilik politikas\u0131n\u0131n \u201eKontrol\u00f6r hakk\u0131nda bilgiler\u201c b\u00f6l\u00fcm\u00fcnde bulabilirsiniz.<\/p><h5>Verilerinizi nas\u0131l topluyoruz?<\/h5><p>Bir yandan, verileriniz bize sa\u011flad\u0131\u011f\u0131n\u0131zda toplan\u0131r. Bu, \u00f6rne\u011fin, bir ileti\u015fim formuna girdi\u011finiz veriler olabilir.<\/p><p>Di\u011fer veriler, web sitesini ziyaret etti\u011finizde BT sistemlerimiz taraf\u0131ndan otomatik olarak veya sizin izninizle toplan\u0131r. Bunlar \u00f6ncelikle teknik verilerdir (\u00f6rne\u011fin internet taray\u0131c\u0131s\u0131, i\u015fletim sistemi veya sayfa g\u00f6r\u00fcnt\u00fcleme s\u00fcresi). Bu veriler, bu web sitesine girdi\u011finiz anda otomatik olarak toplan\u0131r.<\/p><h5>Verilerinizi ne i\u00e7in kullan\u0131yoruz?<\/h5><p>Verilerin bir k\u0131sm\u0131, web sitesinin hatas\u0131z bir \u015fekilde sunulmas\u0131n\u0131 sa\u011flamak i\u00e7in toplan\u0131r. Di\u011fer veriler kullan\u0131c\u0131 davran\u0131\u015f\u0131n\u0131z\u0131 analiz etmek i\u00e7in kullan\u0131labilir.<\/p><h5>Verilerinizle ilgili hangi haklara sahipsiniz?<\/h5><p>Saklanan ki\u015fisel verilerinizin kayna\u011f\u0131, al\u0131c\u0131s\u0131 ve amac\u0131 hakk\u0131nda istedi\u011finiz zaman \u00fccretsiz olarak bilgi alma hakk\u0131na sahipsiniz. Ayr\u0131ca bu verilerin d\u00fczeltilmesini veya silinmesini talep etme hakk\u0131na da sahipsiniz. Veri i\u015fleme i\u00e7in onay verdiyseniz, bu onay\u0131 istedi\u011finiz zaman gelecek i\u00e7in iptal edebilirsiniz. Ayr\u0131ca, belirli ko\u015fullar alt\u0131nda ki\u015fisel verilerinizin i\u015flenmesinin k\u0131s\u0131tlanmas\u0131n\u0131 talep etme hakk\u0131na da sahipsiniz. Ayr\u0131ca, yetkili denetim makam\u0131na \u015fikayette bulunma hakk\u0131na da sahipsiniz.<\/p><p>Veri koruma konusunda ba\u015fka sorular\u0131n\u0131z varsa istedi\u011finiz zaman bizimle ileti\u015fime ge\u00e7ebilirsiniz.<\/p><h5>\u00dc\u00e7\u00fcnc\u00fc taraf sa\u011flay\u0131c\u0131lar\u0131n analiz ara\u00e7lar\u0131 ve ara\u00e7lar\u0131<\/h5><p>Bu web sitesini ziyaret etti\u011finizde, gezinme davran\u0131\u015f\u0131n\u0131z istatistiksel olarak de\u011ferlendirilebilir. Bu esas olarak s\u00f6zde analiz programlar\u0131 ile yap\u0131l\u0131r.<\/p><p>Bu analiz programlar\u0131 hakk\u0131nda ayr\u0131nt\u0131l\u0131 bilgi a\u015fa\u011f\u0131daki gizlilik politikas\u0131nda bulunabilir.<\/p><h4>2. bar\u0131nd\u0131rma<\/h4><p>Web sitemizin i\u00e7eri\u011fini a\u015fa\u011f\u0131daki sa\u011flay\u0131c\u0131 ile bar\u0131nd\u0131r\u0131yoruz:<\/p><h5>Strato<\/h5><p>Sa\u011flay\u0131c\u0131 Strato AG, Otto-Ostrowski-Stra\u00dfe 7, 10249 Berlin'dir (bundan b\u00f6yle \u201eStrato\u201c olarak an\u0131lacakt\u0131r). Web sitemizi ziyaret etti\u011finizde, Strato IP adresleriniz de dahil olmak \u00fczere \u00e7e\u015fitli g\u00fcnl\u00fck dosyalar\u0131n\u0131 kaydeder.<\/p><p>Daha fazla bilgi Strato'nun gizlilik politikas\u0131nda bulunabilir: <a href=\"https:\/\/www.strato.de\/datenschutz\/\" target=\"_blank\" rel=\"noopener noreferrer\">https:\/\/www.strato.de\/datenschutz\/<\/a>.<\/p><p>Strato'nun kullan\u0131m\u0131 GDPR'nin 6. maddesinin 1. f\u0131kras\u0131n\u0131n f bendine dayanmaktad\u0131r. Web sitemizin m\u00fcmk\u00fcn oldu\u011funca g\u00fcvenilir bir \u015fekilde g\u00f6r\u00fcnt\u00fclenmesini sa\u011flamak i\u00e7in me\u015fru bir menfaatimiz vard\u0131r. \u0130lgili bir onay talep edilmi\u015fse, i\u015fleme yaln\u0131zca Madde 6 paragraf 1 lit. a GDPR ve Madde 25 paragraf 1 TTDSG temelinde ger\u00e7ekle\u015ftirilir, onay \u00e7erezlerin depolanmas\u0131n\u0131 veya kullan\u0131c\u0131n\u0131n terminal cihaz\u0131ndaki bilgilere eri\u015fimi (\u00f6rn. cihaz parmak izi) i\u00e7erdi\u011fi s\u00fcrece TTDSG anlam\u0131nda. Onay her zaman iptal edilebilir.<\/p><h4>3 Genel notlar ve zorunlu bilgiler<\/h4><h5>Veri Koruma<\/h5><p>Bu sayfalar\u0131n operat\u00f6rleri ki\u015fisel verilerinizin korunmas\u0131n\u0131 \u00e7ok ciddiye almaktad\u0131r. Ki\u015fisel verilerinizi gizli ve yasal veri koruma d\u00fczenlemelerine ve bu gizlilik politikas\u0131na uygun olarak ele al\u0131yoruz.<\/p><p>Bu web sitesini kulland\u0131\u011f\u0131n\u0131zda, \u00e7e\u015fitli ki\u015fisel veriler toplan\u0131r. Ki\u015fisel veriler, sizi ki\u015fisel olarak tan\u0131mlamak i\u00e7in kullan\u0131labilecek verilerdir. Bu gizlilik politikas\u0131 hangi verileri toplad\u0131\u011f\u0131m\u0131z\u0131 ve bunlar\u0131 ne i\u00e7in kulland\u0131\u011f\u0131m\u0131z\u0131 a\u00e7\u0131klamaktad\u0131r. Ayr\u0131ca bunun nas\u0131l ve ne ama\u00e7la yap\u0131ld\u0131\u011f\u0131n\u0131 da a\u00e7\u0131klar.<\/p><p>\u0130nternet \u00fczerinden veri aktar\u0131m\u0131n\u0131n (\u00f6rne\u011fin e-posta ile ileti\u015fim kurarken) g\u00fcvenlik a\u00e7\u0131klar\u0131na tabi olabilece\u011fini belirtmek isteriz. Verilerin \u00fc\u00e7\u00fcnc\u00fc taraflar\u0131n eri\u015fimine kar\u015f\u0131 tam olarak korunmas\u0131 m\u00fcmk\u00fcn de\u011fildir.<\/p><h5>Sorumlu kurulu\u015f hakk\u0131nda not<\/h5><p>Bu web sitesindeki veri i\u015flemeden sorumlu kontrol\u00f6r<\/p><p>Nezir e.V.<br \/>Bunsenstrasse 7-11<br \/>41540 Dormagen<\/p><p>E-posta: info@nezir-europe.org<\/p><p>Kontrol\u00f6r, ki\u015fisel verilerin (\u00f6rne\u011fin isimler, e-posta adresleri, vb.) i\u015flenme ama\u00e7lar\u0131n\u0131 ve ara\u00e7lar\u0131n\u0131 tek ba\u015f\u0131na veya ba\u015fkalar\u0131yla birlikte belirleyen ger\u00e7ek veya t\u00fczel ki\u015fidir.<\/p><h5>Depolama s\u00fcresi<\/h5><p>Bu gizlilik politikas\u0131nda daha spesifik bir saklama s\u00fcresi belirtilmedi\u011fi s\u00fcrece, ki\u015fisel verileriniz, veri i\u015fleme amac\u0131 art\u0131k ge\u00e7erli olmayana kadar bizde kalacakt\u0131r. Silme i\u00e7in hakl\u0131 bir talepte bulunursan\u0131z veya veri i\u015fleme izninizi iptal ederseniz, ki\u015fisel verilerinizi saklamak i\u00e7in yasal olarak izin verilen ba\u015fka nedenlerimiz olmad\u0131\u011f\u0131 s\u00fcrece verileriniz silinecektir (\u00f6rne\u011fin, vergi veya ticaret hukuku kapsam\u0131ndaki saklama s\u00fcreleri); ikinci durumda, silme i\u015flemi bu nedenler art\u0131k ge\u00e7erli olmad\u0131ktan sonra ger\u00e7ekle\u015fecektir.<\/p><h5>Bu web sitesinde veri i\u015flemenin yasal dayana\u011f\u0131 hakk\u0131nda genel bilgiler<\/h5><p>Veri i\u015flemeye izin verdiyseniz, ki\u015fisel verilerinizi GDPR'nin 6. maddesinin 1. f\u0131kras\u0131n\u0131n a bendi veya GDPR'nin 9. maddesinin 2. f\u0131kras\u0131n\u0131n a bendi uyar\u0131nca, GDPR'nin 9. maddesinin 1. f\u0131kras\u0131 uyar\u0131nca \u00f6zel veri kategorileri i\u015flendi\u011fi s\u00fcrece i\u015fleriz. Ki\u015fisel verilerin \u00fc\u00e7\u00fcnc\u00fc \u00fclkelere aktar\u0131lmas\u0131na a\u00e7\u0131k r\u0131za g\u00f6sterilmesi durumunda, veri i\u015fleme ayr\u0131ca GDPR Madde 49 paragraf 1 lit. a temelinde ger\u00e7ekle\u015ftirilir. \u00c7erezlerin depolanmas\u0131na veya son cihaz\u0131n\u0131zdaki bilgilere eri\u015fime (\u00f6rn. cihaz parmak izi yoluyla) izin verdiyseniz, veri i\u015fleme ayr\u0131ca GDPR'nin 25 (1) maddesi temelinde ger\u00e7ekle\u015ftirilir. Onay her zaman iptal edilebilir. Verileriniz bir s\u00f6zle\u015fmenin yerine getirilmesi veya s\u00f6zle\u015fme \u00f6ncesi \u00f6nlemlerin uygulanmas\u0131 i\u00e7in gerekliyse, verilerinizi GDPR Madde 6 paragraf 1 lit. b temelinde i\u015fleriz. Ayr\u0131ca, GDPR Madde 6 paragraf 1 lit. c temelinde yasal bir y\u00fck\u00fcml\u00fcl\u00fc\u011f\u00fc yerine getirmek i\u00e7in gerekli olmas\u0131 halinde verilerinizi i\u015fleriz. Veri i\u015fleme, GDPR Madde 6 paragraf 1 litre f uyar\u0131nca me\u015fru menfaatimiz temelinde de ger\u00e7ekle\u015ftirilebilir. Her bir durumda ilgili yasal dayanaklara ili\u015fkin bilgiler, bu gizlilik politikas\u0131n\u0131n a\u015fa\u011f\u0131daki paragraflar\u0131nda verilmektedir.<\/p><h5>Ki\u015fisel verilerin al\u0131c\u0131lar\u0131<\/h5><p>Ticari faaliyetlerimizin bir par\u00e7as\u0131 olarak \u00e7e\u015fitli harici kurulu\u015flarla birlikte \u00e7al\u0131\u015f\u0131yoruz. Baz\u0131 durumlarda, ki\u015fisel verilerin bu harici kurulu\u015flara aktar\u0131lmas\u0131 da gereklidir. Ki\u015fisel verileri harici kurulu\u015flara yaln\u0131zca bir s\u00f6zle\u015fmenin yerine getirilmesi i\u00e7in gerekliyse, yasal olarak bunu yapmak zorundaysak (\u00f6rne\u011fin vergi makamlar\u0131na veri aktarmak), GDPR Madde 6 paragraf 1 lit. f uyar\u0131nca aktar\u0131mda me\u015fru bir menfaatimiz varsa veya verilerin aktar\u0131lmas\u0131na ba\u015fka bir yasal dayanak izin veriyorsa aktar\u0131r\u0131z. \u0130\u015flemcileri kullan\u0131rken, m\u00fc\u015fterilerimizin ki\u015fisel verilerini yaln\u0131zca sipari\u015f i\u015fleme i\u00e7in ge\u00e7erli bir s\u00f6zle\u015fme temelinde aktar\u0131r\u0131z. Ortak i\u015fleme durumunda, bir ortak i\u015fleme s\u00f6zle\u015fmesi imzalan\u0131r.<\/p><h5>Veri i\u015fleme izninizin iptali<\/h5><p>Bir\u00e7ok veri i\u015fleme i\u015flemi yaln\u0131zca sizin a\u00e7\u0131k r\u0131zan\u0131zla m\u00fcmk\u00fcnd\u00fcr. Onay\u0131n\u0131z\u0131 istedi\u011finiz zaman geri \u00e7ekebilirsiniz. \u0130ptal i\u015flemine kadar ger\u00e7ekle\u015ftirilen veri i\u015flemenin yasall\u0131\u011f\u0131, iptal i\u015fleminden etkilenmez.<\/p><h5>\u00d6zel durumlarda verilerin toplanmas\u0131na ve do\u011frudan pazarlamaya itiraz etme hakk\u0131 (GDPR Madde 21)<\/h5><p>Veri i\u015fleme GDPR'nin 6. maddesinin 1. f\u0131kras\u0131n\u0131n e veya f bendi temelinde ger\u00e7ekle\u015ftiriliyorsa, \u00f6zel durumunuzdan kaynaklanan nedenlerle ki\u015fisel verilerinizin i\u015flenmesine istedi\u011finiz zaman itiraz etme hakk\u0131na sahipsiniz; bu ayn\u0131 zamanda bu h\u00fck\u00fcmlere dayal\u0131 profil olu\u015fturma i\u00e7in de ge\u00e7erlidir. \u0130\u015flemenin dayand\u0131\u011f\u0131 ilgili yasal dayanak bu gizlilik politikas\u0131nda bulunabilir. Bir itirazda bulunman\u0131z halinde, \u00e7\u0131karlar\u0131n\u0131z\u0131, haklar\u0131n\u0131z\u0131 ve \u00f6zg\u00fcrl\u00fcklerinizi ge\u00e7ersiz k\u0131lan i\u015fleme i\u00e7in zorlay\u0131c\u0131 me\u015fru gerek\u00e7eler g\u00f6steremedi\u011fimiz veya i\u015flemenin yasal taleplerin olu\u015fturulmas\u0131, uygulanmas\u0131 veya savunulmas\u0131na hizmet etmedi\u011fi s\u00fcrece ilgili ki\u015fisel verilerinizi art\u0131k i\u015flemeyece\u011fiz (GDPR Madde 21 (1) uyar\u0131nca itiraz).<\/p><p>Ki\u015fisel verileriniz do\u011frudan pazarlama amac\u0131yla i\u015fleniyorsa, sizinle ilgili ki\u015fisel verilerin bu t\u00fcr pazarlama amac\u0131yla i\u015flenmesine istedi\u011finiz zaman itiraz etme hakk\u0131na sahipsiniz; bu ayn\u0131 zamanda bu t\u00fcr do\u011frudan pazarlama ile ili\u015fkili oldu\u011fu \u00f6l\u00e7\u00fcde profil olu\u015fturma i\u00e7in de ge\u00e7erlidir. \u0130tiraz etmeniz halinde, ki\u015fisel verileriniz daha sonra do\u011frudan pazarlama amac\u0131yla kullan\u0131lmayacakt\u0131r (GDPR Madde 21 (2) uyar\u0131nca itiraz).<\/p><h5>Yetkili denetim makam\u0131na \u015fikayette bulunma hakk\u0131<\/h5><p>GDPR'nin ihlal edilmesi durumunda, veri sahipleri, \u00f6zellikle ikamet ettikleri, \u00e7al\u0131\u015ft\u0131klar\u0131 veya iddia edilen ihlalin ger\u00e7ekle\u015fti\u011fi \u00dcye Devletteki bir denetim makam\u0131na \u015fikayette bulunma hakk\u0131na sahiptir. \u015eikayette bulunma hakk\u0131, di\u011fer idari veya adli \u00e7\u00f6z\u00fcm yollar\u0131na halel getirmez.<\/p><h5>Veri ta\u015f\u0131nabilirli\u011fi hakk\u0131<\/h5><p>Onay\u0131n\u0131za dayanarak veya bir s\u00f6zle\u015fmenin yerine getirilmesi i\u00e7in otomatik olarak i\u015fledi\u011fimiz verilerin size veya \u00fc\u00e7\u00fcnc\u00fc bir tarafa yayg\u0131n olarak kullan\u0131lan, makine taraf\u0131ndan okunabilir bir formatta teslim edilmesini sa\u011flama hakk\u0131na sahipsiniz. Verilerin ba\u015fka bir denetleyiciye do\u011frudan aktar\u0131lmas\u0131n\u0131 talep ederseniz, bu yaln\u0131zca teknik olarak m\u00fcmk\u00fcn oldu\u011fu \u00f6l\u00e7\u00fcde yap\u0131lacakt\u0131r.<\/p><h5>Bilgi, d\u00fczeltme ve silme<\/h5><p>Y\u00fcr\u00fcrl\u00fckteki yasal h\u00fck\u00fcmler \u00e7er\u00e7evesinde, saklanan ki\u015fisel verileriniz, bunlar\u0131n kayna\u011f\u0131 ve al\u0131c\u0131s\u0131 ve veri i\u015flemenin amac\u0131 hakk\u0131nda istedi\u011finiz zaman \u00fccretsiz bilgi alma ve gerekirse bu verileri d\u00fczeltme veya silme hakk\u0131na sahipsiniz. Ki\u015fisel veriler konusunda ba\u015fka sorular\u0131n\u0131z varsa istedi\u011finiz zaman bizimle ileti\u015fime ge\u00e7ebilirsiniz.<\/p><h5>\u0130\u015flemenin k\u0131s\u0131tlanmas\u0131 hakk\u0131<\/h5><p>Ki\u015fisel verilerinizin i\u015flenmesinin k\u0131s\u0131tlanmas\u0131n\u0131 talep etme hakk\u0131na sahipsiniz. Bunu yapmak i\u00e7in istedi\u011finiz zaman bizimle ileti\u015fime ge\u00e7ebilirsiniz. \u0130\u015flemenin k\u0131s\u0131tlanmas\u0131 hakk\u0131 a\u015fa\u011f\u0131daki durumlarda mevcuttur:<\/p><ul><li>Taraf\u0131m\u0131zca saklanan ki\u015fisel verilerinizin do\u011frulu\u011funa itiraz ederseniz, bunu kontrol etmek i\u00e7in genellikle zamana ihtiyac\u0131m\u0131z vard\u0131r. \u0130nceleme s\u00fcresi boyunca, ki\u015fisel verilerinizin i\u015flenmesinin k\u0131s\u0131tlanmas\u0131n\u0131 talep etme hakk\u0131na sahipsiniz.<\/li><li>Ki\u015fisel verilerinizin i\u015flenmesinin hukuka ayk\u0131r\u0131 olmas\u0131 durumunda, silme yerine veri i\u015flemenin k\u0131s\u0131tlanmas\u0131n\u0131 talep edebilirsiniz.<\/li><li>Ki\u015fisel verilerinize art\u0131k ihtiyac\u0131m\u0131z yoksa, ancak yasal taleplerin uygulanmas\u0131, savunulmas\u0131 veya ileri s\u00fcr\u00fclmesi i\u00e7in ihtiyac\u0131n\u0131z varsa, ki\u015fisel verilerinizin silinmesi yerine i\u015flenmesinin k\u0131s\u0131tlanmas\u0131n\u0131 talep etme hakk\u0131na sahipsiniz.<\/li><li>GDPR Madde 21 (1) uyar\u0131nca bir itirazda bulunduysan\u0131z, sizin ve bizim \u00e7\u0131karlar\u0131m\u0131z aras\u0131nda bir denge kurulmal\u0131d\u0131r. Kimin \u00e7\u0131karlar\u0131n\u0131n \u00fcst\u00fcn geldi\u011fi hen\u00fcz belirlenmedi\u011fi s\u00fcrece, ki\u015fisel verilerinizin i\u015flenmesinin k\u0131s\u0131tlanmas\u0131n\u0131 talep etme hakk\u0131na sahipsiniz.<\/li><\/ul><p>Ki\u015fisel verilerinizin i\u015flenmesini k\u0131s\u0131tlad\u0131ysan\u0131z, bu veriler - saklanmas\u0131 d\u0131\u015f\u0131nda - yaln\u0131zca sizin izninizle veya yasal taleplerin olu\u015fturulmas\u0131, uygulanmas\u0131 veya savunulmas\u0131 veya ba\u015fka bir ger\u00e7ek veya t\u00fczel ki\u015finin haklar\u0131n\u0131n korunmas\u0131 veya Avrupa Birli\u011fi'nin veya bir \u00dcye Devletin \u00f6nemli kamu yarar\u0131 nedenleriyle i\u015flenebilir.<\/p><h4>4. bu web si\u0307tesi\u0307nde veri\u0307 toplama<\/h4><h5>\u00c7erezler<\/h5><p>\u0130nternet sayfalar\u0131m\u0131zda \u201e\u00e7erezler\u201c kullan\u0131lmaktad\u0131r. \u00c7erezler k\u00fc\u00e7\u00fck veri paketleridir ve son cihaz\u0131n\u0131za herhangi bir zarar vermezler. Cihaz\u0131n\u0131zda ya bir oturum s\u00fcresince ge\u00e7ici olarak (oturum \u00e7erezleri) ya da kal\u0131c\u0131 olarak (kal\u0131c\u0131 \u00e7erezler) saklan\u0131rlar. Oturum \u00e7erezleri ziyaretinizin sonunda otomatik olarak silinir. Kal\u0131c\u0131 \u00e7erezler, siz kendiniz silene veya web taray\u0131c\u0131n\u0131z taraf\u0131ndan otomatik olarak silinene kadar son cihaz\u0131n\u0131zda saklanmaya devam eder.<\/p><p>\u00c7erezler bizden (birinci taraf \u00e7erezleri) veya \u00fc\u00e7\u00fcnc\u00fc taraf \u015firketlerden (\u00fc\u00e7\u00fcnc\u00fc taraf \u00e7erezleri olarak adland\u0131r\u0131l\u0131r) kaynaklanabilir. \u00dc\u00e7\u00fcnc\u00fc taraf \u00e7erezleri, \u00fc\u00e7\u00fcnc\u00fc taraf \u015firketlerden gelen belirli hizmetlerin web sitelerine entegre edilmesini sa\u011flar (\u00f6rne\u011fin, \u00f6deme hizmetlerini i\u015flemek i\u00e7in \u00e7erezler).<\/p><p>\u00c7erezlerin \u00e7e\u015fitli i\u015flevleri vard\u0131r. Bir\u00e7ok \u00e7erez teknik olarak gereklidir, \u00e7\u00fcnk\u00fc belirli web sitesi i\u015flevleri bunlar olmadan \u00e7al\u0131\u015fmaz (\u00f6rne\u011fin, al\u0131\u015fveri\u015f sepeti i\u015flevi veya videolar\u0131n g\u00f6r\u00fcnt\u00fclenmesi). Di\u011fer \u00e7erezler kullan\u0131c\u0131 davran\u0131\u015f\u0131n\u0131 analiz etmek veya reklam amac\u0131yla kullan\u0131labilir.<\/p><p>Elektronik ileti\u015fim s\u00fcrecini y\u00fcr\u00fctmek, talep etti\u011finiz belirli i\u015flevleri sa\u011flamak (\u00f6rn. al\u0131\u015fveri\u015f sepeti i\u015flevi i\u00e7in) veya web sitesini optimize etmek (\u00f6rn. web kitlesini \u00f6l\u00e7mek i\u00e7in \u00e7erezler) i\u00e7in gerekli olan \u00e7erezler (gerekli \u00e7erezler), ba\u015fka bir yasal dayanak belirtilmedik\u00e7e, GDPR Madde 6 paragraf 1 lit. f temelinde saklan\u0131r. Web sitesi operat\u00f6r\u00fc, hizmetlerinin teknik olarak hatas\u0131z ve optimize edilmi\u015f bir \u015fekilde sunulmas\u0131 i\u00e7in gerekli \u00e7erezlerin saklanmas\u0131nda me\u015fru bir menfaate sahiptir. \u00c7erezlerin ve benzer tan\u0131ma teknolojilerinin saklanmas\u0131 i\u00e7in onay talep edilmi\u015fse, i\u015fleme yaln\u0131zca bu onay temelinde ger\u00e7ekle\u015ftirilir (GDPR Madde 6 Paragraf 1 Bent a ve TTDSG Madde 25 Paragraf 1); onay her zaman iptal edilebilir.<\/p><p>Taray\u0131c\u0131n\u0131z\u0131, \u00e7erezlerin ayarlanmas\u0131 hakk\u0131nda bilgilendirilecek ve yaln\u0131zca bireysel durumlarda \u00e7erezlere izin verecek, belirli durumlar i\u00e7in veya genel olarak \u00e7erezlerin kabul edilmesini hari\u00e7 tutacak ve taray\u0131c\u0131y\u0131 kapat\u0131rken \u00e7erezlerin otomatik olarak silinmesini etkinle\u015ftirecek \u015fekilde ayarlayabilirsiniz. \u00c7erezler devre d\u0131\u015f\u0131 b\u0131rak\u0131l\u0131rsa, bu web sitesinin i\u015flevselli\u011fi k\u0131s\u0131tlanabilir.<\/p><p>Bu web sitesinde hangi \u00e7erezlerin ve hizmetlerin kullan\u0131ld\u0131\u011f\u0131n\u0131 bu gizlilik politikas\u0131nda bulabilirsiniz.<\/p><h4 class=\"p1\">5. Google Web Yaz\u0131 Tiplerinin kullan\u0131m\u0131<\/h4><p class=\"p1\">Web sitemiz, yaz\u0131 tiplerinin standartla\u015ft\u0131r\u0131lm\u0131\u015f ve \u00e7ekici bir \u015fekilde g\u00f6r\u00fcnt\u00fclenmesi i\u00e7in Google taraf\u0131ndan sa\u011flanan web yaz\u0131 tiplerini kullanmaktad\u0131r. Bir sayfay\u0131 \u00e7a\u011f\u0131rd\u0131\u011f\u0131n\u0131zda, taray\u0131c\u0131n\u0131z gerekli web yaz\u0131 tiplerini do\u011frudan Google'\u0131n sunucular\u0131ndan y\u00fckler, bu nedenle IP adresiniz ABD'deki Google'a iletilebilir. Bu aktar\u0131m, \u00e7evrimi\u00e7i tekliflerimizin tek tip ve \u00e7ekici bir \u015fekilde sunulmas\u0131n\u0131 sa\u011flamak i\u00e7in GDPR Madde 6 paragraf 1 lit. f uyar\u0131nca me\u015fru menfaatimiz temelinde ger\u00e7ekle\u015fir.<\/p><p class=\"p1\">Bu i\u015flev, web sitesinin d\u00fczg\u00fcn g\u00f6r\u00fcnt\u00fclenmesi i\u00e7in gerekli oldu\u011fundan devre d\u0131\u015f\u0131 b\u0131rak\u0131lamaz.<\/p><p class=\"p1 translation-block\">Google Web Yaz\u0131 Tipleri hakk\u0131nda daha fazla bilgi <a href=\"https:\/\/developers.google.com\/fonts\/faq\" target=\"_self\">https:\/\/developers.google.com\/fonts\/faq<\/a> adresinde ve Google'\u0131n gizlilik politikas\u0131nda bulunabilir: <a href=\"https:\/\/www.google.com\/policies\/privacy\/\" target=\"_self\">https:\/\/www.google.com\/policies\/privacy\/<\/a>.<\/p>\t\t\t\t\t\t\t\t<\/div>\n\t\t\t\t<\/div>\n\t\t\t\t\t<\/div>\n\t\t\t\t<\/div>\n\t\t\t\t<\/div>","protected":false},"excerpt":{"rendered":"<p>Datenschutz\u00aderkl\u00e4rung 1. Datenschutz auf einen Blick Allgemeine Hinweise Die folgenden Hinweise geben einen einfachen \u00dcberblick dar\u00fcber, was mit Ihren personenbezogenen Daten passiert, wenn Sie diese Website besuchen. Personenbezogene Daten sind alle Daten, mit denen Sie pers\u00f6nlich identifiziert werden k\u00f6nnen. Ausf\u00fchrliche Informationen zum Thema Datenschutz entnehmen Sie unserer unter diesem Text aufgef\u00fchrten Datenschutzerkl\u00e4rung. Datenerfassung auf dieser [&hellip;]<\/p>","protected":false},"author":1,"featured_media":0,"parent":0,"menu_order":0,"comment_status":"closed","ping_status":"closed","template":"","meta":{"_acf_changed":false,"give_campaign_id":0,"footnotes":""},"class_list":["post-891","page","type-page","status-publish","hentry"],"acf":[],"campaignId":"","_links":{"self":[{"href":"https:\/\/nezir-europe.org\/tr_tr\/wp-json\/wp\/v2\/pages\/891","targetHints":{"allow":["GET"]}}],"collection":[{"href":"https:\/\/nezir-europe.org\/tr_tr\/wp-json\/wp\/v2\/pages"}],"about":[{"href":"https:\/\/nezir-europe.org\/tr_tr\/wp-json\/wp\/v2\/types\/page"}],"author":[{"embeddable":true,"href":"https:\/\/nezir-europe.org\/tr_tr\/wp-json\/wp\/v2\/users\/1"}],"replies":[{"embeddable":true,"href":"https:\/\/nezir-europe.org\/tr_tr\/wp-json\/wp\/v2\/comments?post=891"}],"version-history":[{"count":40,"href":"https:\/\/nezir-europe.org\/tr_tr\/wp-json\/wp\/v2\/pages\/891\/revisions"}],"predecessor-version":[{"id":9444,"href":"https:\/\/nezir-europe.org\/tr_tr\/wp-json\/wp\/v2\/pages\/891\/revisions\/9444"}],"wp:attachment":[{"href":"https:\/\/nezir-europe.org\/tr_tr\/wp-json\/wp\/v2\/media?parent=891"}],"curies":[{"name":"wp","href":"https:\/\/api.w.org\/{rel}","templated":true}]}}