{"id":4046,"date":"2024-08-01T21:32:16","date_gmt":"2024-08-01T21:32:16","guid":{"rendered":"https:\/\/nezir-europe.org\/?page_id=4046"},"modified":"2025-10-21T18:35:51","modified_gmt":"2025-10-21T18:35:51","slug":"our-mission-statement","status":"publish","type":"page","link":"https:\/\/nezir-europe.org\/tr_tr\/about-us\/our-mission-statement\/","title":{"rendered":"De\u011ferlerimiz"},"content":{"rendered":"<div data-elementor-type=\"wp-page\" data-elementor-id=\"4046\" class=\"elementor elementor-4046\" data-elementor-post-type=\"page\">\n\t\t\t\t<div class=\"elementor-element elementor-element-27e23452 e-con-full e-flex e-con e-parent\" data-id=\"27e23452\" data-element_type=\"container\" data-settings=\"{&quot;background_background&quot;:&quot;classic&quot;}\">\n\t\t<div class=\"elementor-element elementor-element-7528a7f0 e-flex e-con-boxed e-con e-child\" data-id=\"7528a7f0\" data-element_type=\"container\">\n\t\t\t\t\t<div class=\"e-con-inner\">\n\t\t\t\t<div class=\"elementor-element elementor-element-387328fc elementor-widget__width-inherit elementor-widget elementor-widget-heading\" data-id=\"387328fc\" data-element_type=\"widget\" data-widget_type=\"heading.default\">\n\t\t\t\t<div class=\"elementor-widget-container\">\n\t\t\t\t\t<p class=\"elementor-heading-title elementor-size-default\">\u00d6zelliklerimiz neler?<\/p>\t\t\t\t<\/div>\n\t\t\t\t<\/div>\n\t\t\t\t<div class=\"elementor-element elementor-element-1ac4d83f elementor-widget__width-inherit elementor-widget elementor-widget-heading\" data-id=\"1ac4d83f\" data-element_type=\"widget\" data-widget_type=\"heading.default\">\n\t\t\t\t<div class=\"elementor-widget-container\">\n\t\t\t\t\t<h2 class=\"elementor-heading-title elementor-size-default\">De\u011ferlerimiz<\/h2>\t\t\t\t<\/div>\n\t\t\t\t<\/div>\n\t\t\t\t<div class=\"elementor-element elementor-element-86410a2 elementor-widget__width-inherit elementor-widget elementor-widget-heading\" data-id=\"86410a2\" data-element_type=\"widget\" data-widget_type=\"heading.default\">\n\t\t\t\t<div class=\"elementor-widget-container\">\n\t\t\t\t\t<div class=\"elementor-heading-title elementor-size-default\">Nezir Europe Derne\u011fi, daha adil bir d\u00fcnya i\u00e7in kalp ve ak\u0131lla \u00e7al\u0131\u015fmaktad\u0131r. Din, k\u00f6ken veya cinsiyet ayr\u0131m\u0131 g\u00f6zetmeksizin ihtiya\u00e7 sahiplerini, yetimleri, g\u00f6\u00e7menleri ve felaket ma\u011fdurlar\u0131n\u0131 destekliyoruz. Yard\u0131m\u0131m\u0131z, insanl\u0131k, d\u00fcr\u00fcstl\u00fck ve \u015feffafl\u0131k ilkelerine dayanmaktad\u0131r.<\/div>\t\t\t\t<\/div>\n\t\t\t\t<\/div>\n\t\t\t\t\t<\/div>\n\t\t\t\t<\/div>\n\t\t<div class=\"elementor-element elementor-element-75f4bdb5 e-flex e-con-boxed e-con e-child\" data-id=\"75f4bdb5\" data-element_type=\"container\" data-settings=\"{&quot;background_background&quot;:&quot;classic&quot;}\">\n\t\t\t\t\t<div class=\"e-con-inner\">\n\t\t\t\t<div class=\"elementor-element elementor-element-2d4daf77 elementor-widget__width-initial elementor-widget-mobile__width-inherit elementor-view-default elementor-position-block-start elementor-mobile-position-block-start elementor-invisible elementor-widget elementor-widget-icon-box\" data-id=\"2d4daf77\" data-element_type=\"widget\" data-settings=\"{&quot;_animation&quot;:&quot;fadeInUp&quot;}\" data-widget_type=\"icon-box.default\">\n\t\t\t\t<div class=\"elementor-widget-container\">\n\t\t\t\t\t\t\t<div class=\"elementor-icon-box-wrapper\">\n\n\t\t\t\t\t\t<div class=\"elementor-icon-box-icon\">\n\t\t\t\t<span  class=\"elementor-icon\">\n\t\t\t\t<svg aria-hidden=\"true\" class=\"e-font-icon-svg e-fas-heart\" viewbox=\"0 0 512 512\" xmlns=\"http:\/\/www.w3.org\/2000\/svg\"><path d=\"M462.3 62.6C407.5 15.9 326 24.3 275.7 76.2L256 96.5l-19.7-20.3C186.1 24.3 104.5 15.9 49.7 62.6c-62.8 53.6-66.1 149.8-9.9 207.9l193.5 199.8c12.5 12.9 32.8 12.9 45.3 0l193.5-199.8c56.3-58.1 53-154.3-9.8-207.9z\"><\/path><\/svg>\t\t\t\t<\/span>\n\t\t\t<\/div>\n\t\t\t\n\t\t\t\t\t\t<div class=\"elementor-icon-box-content\">\n\n\t\t\t\t\t\t\t\t\t<h3 class=\"elementor-icon-box-title\">\n\t\t\t\t\t\t<span  >\n\t\t\t\t\t\t\t\u0130nsanl\u0131k\t\t\t\t\t\t<\/span>\n\t\t\t\t\t<\/h3>\n\t\t\t\t\n\t\t\t\t\t\t\t\t\t<p class=\"elementor-icon-box-description\">\n\t\t\t\t\t\t\u0130nsanlar\u0131n ac\u0131lar\u0131n\u0131 hafifletmek ve ya\u015fam ko\u015fullar\u0131n\u0131 iyile\u015ftirmek i\u00e7in yorulmadan \u00e7al\u0131\u015f\u0131yoruz. Her insan, ihtiya\u00e7 ve yoksulluktan ar\u0131nm\u0131\u015f onurlu bir ya\u015fam hakk\u0131na sahiptir. Bu nedenle amac\u0131m\u0131z, etkilenenlerin hayat\u0131nda ger\u00e7ek bir fark olu\u015fturan somut ve s\u00fcrd\u00fcr\u00fclebilir yard\u0131m sa\u011flamakt\u0131r. \u0130nsani projelerimiz, hem acil durumlarla ba\u015fa \u00e7\u0131kmay\u0131 hem de uzun vadeli iyile\u015ftirmeler sa\u011flamay\u0131 ama\u00e7lamaktad\u0131r.\t\t\t\t\t<\/p>\n\t\t\t\t\n\t\t\t<\/div>\n\t\t\t\n\t\t<\/div>\n\t\t\t\t\t\t<\/div>\n\t\t\t\t<\/div>\n\t\t\t\t<div class=\"elementor-element elementor-element-35de868 elementor-widget__width-initial elementor-widget-mobile__width-inherit elementor-view-default elementor-position-block-start elementor-mobile-position-block-start elementor-invisible elementor-widget elementor-widget-icon-box\" data-id=\"35de868\" data-element_type=\"widget\" data-settings=\"{&quot;_animation&quot;:&quot;fadeInUp&quot;,&quot;_animation_delay&quot;:&quot;300&quot;}\" data-widget_type=\"icon-box.default\">\n\t\t\t\t<div class=\"elementor-widget-container\">\n\t\t\t\t\t\t\t<div class=\"elementor-icon-box-wrapper\">\n\n\t\t\t\t\t\t<div class=\"elementor-icon-box-icon\">\n\t\t\t\t<span  class=\"elementor-icon\">\n\t\t\t\t<svg aria-hidden=\"true\" class=\"e-font-icon-svg e-fas-balance-scale\" viewbox=\"0 0 640 512\" xmlns=\"http:\/\/www.w3.org\/2000\/svg\"><path d=\"M256 336h-.02c0-16.18 1.34-8.73-85.05-181.51-17.65-35.29-68.19-35.36-85.87 0C-2.06 328.75.02 320.33.02 336H0c0 44.18 57.31 80 128 80s128-35.82 128-80zM128 176l72 144H56l72-144zm511.98 160c0-16.18 1.34-8.73-85.05-181.51-17.65-35.29-68.19-35.36-85.87 0-87.12 174.26-85.04 165.84-85.04 181.51H384c0 44.18 57.31 80 128 80s128-35.82 128-80h-.02zM440 320l72-144 72 144H440zm88 128H352V153.25c23.51-10.29 41.16-31.48 46.39-57.25H528c8.84 0 16-7.16 16-16V48c0-8.84-7.16-16-16-16H383.64C369.04 12.68 346.09 0 320 0s-49.04 12.68-63.64 32H112c-8.84 0-16 7.16-16 16v32c0 8.84 7.16 16 16 16h129.61c5.23 25.76 22.87 46.96 46.39 57.25V448H112c-8.84 0-16 7.16-16 16v32c0 8.84 7.16 16 16 16h416c8.84 0 16-7.16 16-16v-32c0-8.84-7.16-16-16-16z\"><\/path><\/svg>\t\t\t\t<\/span>\n\t\t\t<\/div>\n\t\t\t\n\t\t\t\t\t\t<div class=\"elementor-icon-box-content\">\n\n\t\t\t\t\t\t\t\t\t<h3 class=\"elementor-icon-box-title\">\n\t\t\t\t\t\t<span  >\n\t\t\t\t\t\t\tD\u00fcr\u00fcstl\u00fck\t\t\t\t\t\t<\/span>\n\t\t\t\t\t<\/h3>\n\t\t\t\t\n\t\t\t\t\t\t\t\t\t<p class=\"elementor-icon-box-description\">\n\t\t\t\t\t\t\u00c7al\u0131\u015fmam\u0131z, d\u00fcr\u00fcstl\u00fck ve sorumlulukla \u015fekillenir. Bize emanet edilen kaynaklar\u0131n \u015feffaf ve etkin bir \u015fekilde kullan\u0131lmas\u0131n\u0131 taahh\u00fct ediyoruz. Bu, mali durumumuz, faaliyetlerimiz ve sonu\u00e7lar\u0131m\u0131z hakk\u0131nda her zaman a\u00e7\u0131k ve d\u00fcr\u00fcst olmay\u0131 i\u00e7erir. Ba\u011f\u0131\u015f\u00e7\u0131lar\u0131m\u0131z ve ortaklar\u0131m\u0131zla yak\u0131n i\u015fbirli\u011fi i\u00e7inde \u00e7al\u0131\u015farak katk\u0131lar\u0131n\u0131n en \u00e7ok ihtiya\u00e7 duyulan yerlere ula\u015fmas\u0131n\u0131 sa\u011fl\u0131yoruz. Eylemlerimiz, toplumun \u00f6rg\u00fct\u00fcm\u00fcze olan g\u00fcvenini peki\u015ftiren etik ilkeler \u00fczerine kuruludur.\t\t\t\t\t<\/p>\n\t\t\t\t\n\t\t\t<\/div>\n\t\t\t\n\t\t<\/div>\n\t\t\t\t\t\t<\/div>\n\t\t\t\t<\/div>\n\t\t\t\t<div class=\"elementor-element elementor-element-756fa46c elementor-widget__width-initial elementor-widget-mobile__width-inherit elementor-view-default elementor-position-block-start elementor-mobile-position-block-start elementor-invisible elementor-widget elementor-widget-icon-box\" data-id=\"756fa46c\" data-element_type=\"widget\" data-settings=\"{&quot;_animation&quot;:&quot;fadeInUp&quot;,&quot;_animation_delay&quot;:100}\" data-widget_type=\"icon-box.default\">\n\t\t\t\t<div class=\"elementor-widget-container\">\n\t\t\t\t\t\t\t<div class=\"elementor-icon-box-wrapper\">\n\n\t\t\t\t\t\t<div class=\"elementor-icon-box-icon\">\n\t\t\t\t<span  class=\"elementor-icon\">\n\t\t\t\t<svg aria-hidden=\"true\" class=\"e-font-icon-svg e-fas-graduation-cap\" viewbox=\"0 0 640 512\" xmlns=\"http:\/\/www.w3.org\/2000\/svg\"><path d=\"M622.34 153.2L343.4 67.5c-15.2-4.67-31.6-4.67-46.79 0L17.66 153.2c-23.54 7.23-23.54 38.36 0 45.59l48.63 14.94c-10.67 13.19-17.23 29.28-17.88 46.9C38.78 266.15 32 276.11 32 288c0 10.78 5.68 19.85 13.86 25.65L20.33 428.53C18.11 438.52 25.71 448 35.94 448h56.11c10.24 0 17.84-9.48 15.62-19.47L82.14 313.65C90.32 307.85 96 298.78 96 288c0-11.57-6.47-21.25-15.66-26.87.76-15.02 8.44-28.3 20.69-36.72L296.6 284.5c9.06 2.78 26.44 6.25 46.79 0l278.95-85.7c23.55-7.24 23.55-38.36 0-45.6zM352.79 315.09c-28.53 8.76-52.84 3.92-65.59 0l-145.02-44.55L128 384c0 35.35 85.96 64 192 64s192-28.65 192-64l-14.18-113.47-145.03 44.56z\"><\/path><\/svg>\t\t\t\t<\/span>\n\t\t\t<\/div>\n\t\t\t\n\t\t\t\t\t\t<div class=\"elementor-icon-box-content\">\n\n\t\t\t\t\t\t\t\t\t<h3 class=\"elementor-icon-box-title\">\n\t\t\t\t\t\t<span  >\n\t\t\t\t\t\t\tE\u011fitim\t\t\t\t\t\t<\/span>\n\t\t\t\t\t<\/h3>\n\t\t\t\t\n\t\t\t\t\t\t\t\t\t<p class=\"elementor-icon-box-description\">\n\t\t\t\t\t\tDo\u011frudan yard\u0131mlar\u0131n yan\u0131 s\u0131ra e\u011fitime ve g\u00fc\u00e7lendirmeye de b\u00fcy\u00fck \u00f6nem veriyoruz. E\u011fitimin daha iyi bir gelece\u011fin anahtar\u0131 oldu\u011funa inan\u0131yoruz. Bu y\u00fczden \u00e7ocuklar\u0131n ve yeti\u015fkinlerin yeteneklerini geli\u015ftirmelerine ve ba\u011f\u0131ms\u0131z bir ya\u015fam s\u00fcrmelerine olanak tan\u0131yan e\u011fitim projelerini destekliyoruz. E\u011fitimler ve at\u00f6lye \u00e7al\u0131\u015fmalar\u0131 ile insanlar\u0131n \u00f6zg\u00fcvenini ve sorumlulu\u011funu art\u0131rarak topluluklar\u0131n\u0131n \u015fekillenmesinde aktif rol almalar\u0131n\u0131 te\u015fvik ediyoruz.\t\t\t\t\t<\/p>\n\t\t\t\t\n\t\t\t<\/div>\n\t\t\t\n\t\t<\/div>\n\t\t\t\t\t\t<\/div>\n\t\t\t\t<\/div>\n\t\t\t\t<div class=\"elementor-element elementor-element-7b9a1308 elementor-widget__width-initial elementor-widget-mobile__width-inherit elementor-view-default elementor-position-block-start elementor-mobile-position-block-start elementor-invisible elementor-widget elementor-widget-icon-box\" data-id=\"7b9a1308\" data-element_type=\"widget\" data-settings=\"{&quot;_animation&quot;:&quot;fadeInUp&quot;,&quot;_animation_delay&quot;:&quot;600&quot;}\" data-widget_type=\"icon-box.default\">\n\t\t\t\t<div class=\"elementor-widget-container\">\n\t\t\t\t\t\t\t<div class=\"elementor-icon-box-wrapper\">\n\n\t\t\t\t\t\t<div class=\"elementor-icon-box-icon\">\n\t\t\t\t<span  class=\"elementor-icon\">\n\t\t\t\t<svg aria-hidden=\"true\" class=\"e-font-icon-svg e-fas-hands-helping\" viewbox=\"0 0 640 512\" xmlns=\"http:\/\/www.w3.org\/2000\/svg\"><path d=\"M488 192H336v56c0 39.7-32.3 72-72 72s-72-32.3-72-72V126.4l-64.9 39C107.8 176.9 96 197.8 96 220.2v47.3l-80 46.2C.7 322.5-4.6 342.1 4.3 357.4l80 138.6c8.8 15.3 28.4 20.5 43.7 11.7L231.4 448H368c35.3 0 64-28.7 64-64h16c17.7 0 32-14.3 32-32v-64h8c13.3 0 24-10.7 24-24v-48c0-13.3-10.7-24-24-24zm147.7-37.4L555.7 16C546.9.7 527.3-4.5 512 4.3L408.6 64H306.4c-12 0-23.7 3.4-33.9 9.7L239 94.6c-9.4 5.8-15 16.1-15 27.1V248c0 22.1 17.9 40 40 40s40-17.9 40-40v-88h184c30.9 0 56 25.1 56 56v28.5l80-46.2c15.3-8.9 20.5-28.4 11.7-43.7z\"><\/path><\/svg>\t\t\t\t<\/span>\n\t\t\t<\/div>\n\t\t\t\n\t\t\t\t\t\t<div class=\"elementor-icon-box-content\">\n\n\t\t\t\t\t\t\t\t\t<h3 class=\"elementor-icon-box-title\">\n\t\t\t\t\t\t<span  >\n\t\t\t\t\t\t\t\u0130\u015f birli\u011fi\t\t\t\t\t\t<\/span>\n\t\t\t\t\t<\/h3>\n\t\t\t\t\n\t\t\t\t\t\t\t\t\t<p class=\"elementor-icon-box-description\">\n\t\t\t\t\t\tTopluluklar ve kurulu\u015flar aras\u0131nda i\u015fbirli\u011fini te\u015fvik ederek s\u00fcrd\u00fcr\u00fclebilir de\u011fi\u015fiklikler yapmay\u0131 ve hay\u0131rseverlerle ihtiya\u00e7 sahipleri aras\u0131nda bir k\u00f6pr\u00fc kurmay\u0131 hedefliyoruz. G\u00fc\u00e7l\u00fc ortakl\u0131klar ve a\u011flar olu\u015fturarak projelerimizin etkisini maksimize ediyoruz. Birle\u015fik \u00e7abalarla daha b\u00fcy\u00fck hedeflere ula\u015f\u0131labilece\u011fine inan\u0131yoruz. Bu nedenle, kapsaml\u0131 ve koordineli yard\u0131m \u00f6nlemleri ger\u00e7ekle\u015ftirmek i\u00e7in yerel ve uluslararas\u0131 ortaklarla birlikte \u00e7al\u0131\u015f\u0131yoruz.\t\t\t\t\t<\/p>\n\t\t\t\t\n\t\t\t<\/div>\n\t\t\t\n\t\t<\/div>\n\t\t\t\t\t\t<\/div>\n\t\t\t\t<\/div>\n\t\t\t\t<div class=\"elementor-element elementor-element-706ff276 elementor-widget__width-initial elementor-widget-mobile__width-inherit elementor-view-default elementor-position-block-start elementor-mobile-position-block-start elementor-invisible elementor-widget elementor-widget-icon-box\" data-id=\"706ff276\" data-element_type=\"widget\" data-settings=\"{&quot;_animation&quot;:&quot;fadeInUp&quot;,&quot;_animation_delay&quot;:400}\" data-widget_type=\"icon-box.default\">\n\t\t\t\t<div class=\"elementor-widget-container\">\n\t\t\t\t\t\t\t<div class=\"elementor-icon-box-wrapper\">\n\n\t\t\t\t\t\t<div class=\"elementor-icon-box-icon\">\n\t\t\t\t<span  class=\"elementor-icon\">\n\t\t\t\t<svg aria-hidden=\"true\" class=\"e-font-icon-svg e-fab-envira\" viewbox=\"0 0 448 512\" xmlns=\"http:\/\/www.w3.org\/2000\/svg\"><path d=\"M0 32c477.6 0 366.6 317.3 367.1 366.3L448 480h-26l-70.4-71.2c-39 4.2-124.4 34.5-214.4-37C47 300.3 52 214.7 0 32zm79.7 46c-49.7-23.5-5.2 9.2-5.2 9.2 45.2 31.2 66 73.7 90.2 119.9 31.5 60.2 79 139.7 144.2 167.7 65 28 34.2 12.5 6-8.5-28.2-21.2-68.2-87-91-130.2-31.7-60-61-118.6-144.2-158.1z\"><\/path><\/svg>\t\t\t\t<\/span>\n\t\t\t<\/div>\n\t\t\t\n\t\t\t\t\t\t<div class=\"elementor-icon-box-content\">\n\n\t\t\t\t\t\t\t\t\t<h3 class=\"elementor-icon-box-title\">\n\t\t\t\t\t\t<span  >\n\t\t\t\t\t\t\tS\u00fcrd\u00fcr\u00fclebilirlik\t\t\t\t\t\t<\/span>\n\t\t\t\t\t<\/h3>\n\t\t\t\t\n\t\t\t\t\t\t\t\t\t<p class=\"elementor-icon-box-description\">\n\t\t\t\t\t\tProjelerimiz, uzun vadeli ve s\u00fcrd\u00fcr\u00fclebilir \u00e7\u00f6z\u00fcmler \u00fcretmeyi ama\u00e7lamaktad\u0131r. Yard\u0131m\u0131m\u0131z\u0131n gelecek nesillere de fayda sa\u011flamas\u0131 i\u00e7in \u00e7evre dostu ve kaynak tasarrufu sa\u011flayan yakla\u015f\u0131mlar benimsiyoruz. Yerel kapasiteleri geli\u015ftirmeyi ve topluluklar\u0131n gelecekteki krizlere kar\u015f\u0131 diren\u00e7lerini art\u0131rmay\u0131 ama\u00e7layan giri\u015fimleri destekliyoruz.\n\n\t\t\t\t\t<\/p>\n\t\t\t\t\n\t\t\t<\/div>\n\t\t\t\n\t\t<\/div>\n\t\t\t\t\t\t<\/div>\n\t\t\t\t<\/div>\n\t\t\t\t\t<\/div>\n\t\t\t\t<\/div>\n\t\t\t\t<\/div>\n\t\t<div class=\"elementor-element elementor-element-1b62689 e-flex e-con-boxed e-con e-parent\" data-id=\"1b62689\" data-element_type=\"container\">\n\t\t\t\t\t<div class=\"e-con-inner\">\n\t\t\t\t<div class=\"elementor-element elementor-element-0822bdd elementor-widget__width-inherit elementor-widget elementor-widget-heading\" data-id=\"0822bdd\" data-element_type=\"widget\" data-widget_type=\"heading.default\">\n\t\t\t\t<div class=\"elementor-widget-container\">\n\t\t\t\t\t<p class=\"elementor-heading-title elementor-size-default\">\u00c7al\u0131\u015fmalar\u0131m\u0131zla umut vermek ve her insan\u0131n onurlu ve g\u00fcvenli bir ya\u015fam s\u00fcrmesine katk\u0131da bulunmak istiyoruz. Yard\u0131m\u0131m\u0131za en \u00e7ok ihtiya\u00e7 duyanlar\u0131 destekleyerek d\u00fcnyam\u0131z\u0131 daha iyi bir yer haline getirmek i\u00e7in \u00e7al\u0131\u015f\u0131yoruz. \u0130nsanl\u0131k, d\u00fcr\u00fcstl\u00fck, i\u015fbirli\u011fi, e\u011fitim ve s\u00fcrd\u00fcr\u00fclebilirlik konusundaki taahh\u00fcd\u00fcm\u00fczle olumlu de\u011fi\u015fimler sa\u011fl\u0131yor ve daha adil ve \u015fefkatli bir toplumun olu\u015fmas\u0131na katk\u0131da bulunuyoruz.<\/p>\t\t\t\t<\/div>\n\t\t\t\t<\/div>\n\t\t\t\t\t<\/div>\n\t\t\t\t<\/div>\n\t\t\t\t<\/div>","protected":false},"excerpt":{"rendered":"<p>Was macht uns aus? Unser Leitbild Der Nezir Europe Verein engagiert sich mit Herz und Verstand f\u00fcr eine gerechtere Welt. Wir unterst\u00fctzen bed\u00fcrftige Menschen, Waisen, Migranten und Opfer von Katastrophen unabh\u00e4ngig von Religion, Herkunft oder Geschlecht. Unsere Hilfe basiert auf den Prinzipien der Menschlichkeit, Integrit\u00e4t und Transparenz. Menschlichkeit Wir setzen uns unerm\u00fcdlich daf\u00fcr ein, das [&hellip;]<\/p>","protected":false},"author":1,"featured_media":0,"parent":4014,"menu_order":0,"comment_status":"closed","ping_status":"closed","template":"","meta":{"_acf_changed":false,"give_campaign_id":0,"footnotes":""},"class_list":["post-4046","page","type-page","status-publish","hentry"],"acf":[],"campaignId":"","_links":{"self":[{"href":"https:\/\/nezir-europe.org\/tr_tr\/wp-json\/wp\/v2\/pages\/4046","targetHints":{"allow":["GET"]}}],"collection":[{"href":"https:\/\/nezir-europe.org\/tr_tr\/wp-json\/wp\/v2\/pages"}],"about":[{"href":"https:\/\/nezir-europe.org\/tr_tr\/wp-json\/wp\/v2\/types\/page"}],"author":[{"embeddable":true,"href":"https:\/\/nezir-europe.org\/tr_tr\/wp-json\/wp\/v2\/users\/1"}],"replies":[{"embeddable":true,"href":"https:\/\/nezir-europe.org\/tr_tr\/wp-json\/wp\/v2\/comments?post=4046"}],"version-history":[{"count":49,"href":"https:\/\/nezir-europe.org\/tr_tr\/wp-json\/wp\/v2\/pages\/4046\/revisions"}],"predecessor-version":[{"id":9434,"href":"https:\/\/nezir-europe.org\/tr_tr\/wp-json\/wp\/v2\/pages\/4046\/revisions\/9434"}],"up":[{"embeddable":true,"href":"https:\/\/nezir-europe.org\/tr_tr\/wp-json\/wp\/v2\/pages\/4014"}],"wp:attachment":[{"href":"https:\/\/nezir-europe.org\/tr_tr\/wp-json\/wp\/v2\/media?parent=4046"}],"curies":[{"name":"wp","href":"https:\/\/api.w.org\/{rel}","templated":true}]}}