{"id":4012,"date":"2024-08-01T19:41:20","date_gmt":"2024-08-01T19:41:20","guid":{"rendered":"https:\/\/nezir-europe.org\/?page_id=4012"},"modified":"2025-10-21T18:36:04","modified_gmt":"2025-10-21T18:36:04","slug":"our-statutes","status":"publish","type":"page","link":"https:\/\/nezir-europe.org\/tr_tr\/about-us\/our-statutes\/","title":{"rendered":"T\u00fcz\u00fc\u011f\u00fcm\u00fcz"},"content":{"rendered":"<div data-elementor-type=\"wp-page\" data-elementor-id=\"4012\" class=\"elementor elementor-4012\" data-elementor-post-type=\"page\">\n\t\t\t\t<div class=\"elementor-element elementor-element-1989a41 e-flex e-con-boxed e-con e-parent\" data-id=\"1989a41\" data-element_type=\"container\">\n\t\t\t\t\t<div class=\"e-con-inner\">\n\t\t\t\t<div class=\"elementor-element elementor-element-5b45e4c elementor-widget elementor-widget-text-editor\" data-id=\"5b45e4c\" data-element_type=\"widget\" data-widget_type=\"text-editor.default\">\n\t\t\t\t<div class=\"elementor-widget-container\">\n\t\t\t\t\t\t\t\t\t<!DOCTYPE html>\n<html lang=\"de\">\n<head>\n  <meta charset=\"UTF-8\">\n  <meta name=\"viewport\" content=\"width=device-width, initial-scale=1.0\">\n  <title>Satzung des Nezir e.V.<\/title>\n<\/head>\n<body>\n  <div>\n    <h3>Nezir e.V. T\u00fcz\u00fc\u011f\u00fc<\/h3>\n\n    <h4>\u00a7 1 - Birli\u011fin ad\u0131 ve kay\u0131tl\u0131 ofisi, mali y\u0131l<\/h4>\n    <p>(1) Dernek \u201eNezir\u201c ad\u0131n\u0131 ta\u015f\u0131yacakt\u0131r. Dernekler siciline kaydedilir ve daha sonra \u201ee.V.\u201d ekini ta\u015f\u0131r. <\/p>\n    <p>(2) Derne\u011fin kay\u0131tl\u0131 ofisi Dormagen'de bulunmaktad\u0131r.<\/p>\n    <p>(3) Mali y\u0131l takvim y\u0131l\u0131d\u0131r.<\/p>\n\n    <h4>\u00a7 2 - Ama\u00e7<\/h4>\n    <p>(1) Dernek, Alman Vergi Kanunu'nun \u201eVergiden muaf ama\u00e7lar\u201d b\u00f6l\u00fcm\u00fc anlam\u0131nda m\u00fcnhas\u0131ran ve do\u011frudan hay\u0131rsever ama\u00e7lar g\u00fctmektedir.<\/p>\n\n    <p>(2) Birlik a\u015fa\u011f\u0131daki ama\u00e7lar\u0131 takip eder:<\/p>\n    <ul>\n      <li>a) AO Madde 53 anlam\u0131nda ki\u015filerin \u00f6zverili deste\u011fi,<\/li>\n      <li>b) m\u00fclteciler i\u00e7in yard\u0131m.<\/li>\n    <\/ul>\n<br>\n    <p>(3) AO 53. madde anlam\u0131nda ki\u015filerin desteklenmesine y\u00f6nelik yasal ama\u00e7, \u00f6zellikle ekonomik veya ki\u015fisel olarak acil durumda olan ve geli\u015fmekte olan \u00fclkelerde veya sava\u015f veya do\u011fal afetlerden etkilenen \u00fclkelerde bulunan ki\u015filerin mali, maddi ve t\u0131bbi olarak desteklenmesi yoluyla ger\u00e7ekle\u015ftirilir.<\/p>\n\n    <p>(4) M\u00fcltecilere yard\u0131m etme yasal amac\u0131, \u00f6zellikle geli\u015fmekte olan \u00fclkelerdeki veya sava\u015f veya do\u011fal afetlerden etkilenen \u00fclkelerdeki m\u00fcltecilere mali, maddi ve t\u0131bbi destek sa\u011flayarak ve bu t\u00fcr kriz b\u00f6lgelerindeki m\u00fcltecilerin sosyal ma\u011fduriyetleri ve de\u011fersiz durumlar\u0131 hakk\u0131nda kamuoyunu bilgilendirerek ger\u00e7ekle\u015ftirilir.<\/p>\n\n    <p>(5) Dernek, 2. paragrafta belirtilen vergiden muaf ama\u00e7lar\u0131n ger\u00e7ekle\u015ftirilmesi i\u00e7in Almanya'da veya yurtd\u0131\u015f\u0131nda ba\u015fka bir \u015firkete veya kamu hukukuna tabi bir t\u00fczel ki\u015fiye ba\u011f\u0131\u015fta bulunarak da ama\u00e7lar\u0131n\u0131 ger\u00e7ekle\u015ftirebilir (Madde 58 No. 1 AO). S\u0131n\u0131rl\u0131 veya s\u0131n\u0131rs\u0131z vergi y\u00fck\u00fcml\u00fcl\u00fc\u011f\u00fc olan bir \u00f6zel hukuk t\u00fczel ki\u015fisine ba\u011f\u0131\u015fta bulunulabilmesi i\u00e7in, s\u00f6z konusu t\u00fczel ki\u015fili\u011fin kendisinin vergiden muaf olmas\u0131 gerekmektedir. Ne s\u0131n\u0131rl\u0131 ne de s\u0131n\u0131rs\u0131z vergi y\u00fck\u00fcml\u00fcl\u00fc\u011f\u00fcne tabi olmayan \u00f6zel hukuka tabi bir \u015firkete fonlar\u0131n ba\u011f\u0131\u015flanmas\u0131, fonlar\u0131n vergiden ayr\u0131cal\u0131kl\u0131 ama\u00e7lar i\u00e7in kullan\u0131lmas\u0131n\u0131 ve yurtd\u0131\u015f\u0131ndaki al\u0131c\u0131n\u0131n yasal yap\u0131s\u0131n\u0131n KStG anlam\u0131nda bir \u015firkete, ki\u015fi birli\u011fine veya varl\u0131k havuzuna kar\u015f\u0131l\u0131k gelmesini gerektirir. Bu durumlarda dernek, fonlar\u0131n yurtd\u0131\u015f\u0131ndaki kurum taraf\u0131ndan kullan\u0131ld\u0131\u011f\u0131n\u0131n yeterince kan\u0131tlanabilmesini sa\u011flamal\u0131d\u0131r; derne\u011fin artan i\u015fbirli\u011fi y\u00fck\u00fcml\u00fcl\u00fc\u011f\u00fc - mevcut yasal ve fiili olanaklar\u0131 t\u00fcketerek ger\u00e7ekleri a\u00e7\u0131kl\u0131\u011fa kavu\u015fturma ve gerekli kan\u0131tlar\u0131 elde etme y\u00fck\u00fcml\u00fcl\u00fc\u011f\u00fc - yabanc\u0131 konularda vergi dairesine kar\u015f\u0131 g\u00f6zetilmelidir (\u00a7 90 para. 2 AO).<\/p>\n\n    <p>(6) Dernek kar amac\u0131 g\u00fctmeyen bir kurulu\u015ftur ve \u00f6ncelikli olarak kendi ekonomik ama\u00e7lar\u0131n\u0131 g\u00f6zetmez.<\/p>\n\n    <p>(7) Birli\u011fin fonlar\u0131 sadece Ana S\u00f6zle\u015fmede belirtilen ama\u00e7lar i\u00e7in kullan\u0131labilir. \u00dcyeler, Birli\u011fin fonlar\u0131ndan herhangi bir menfaat elde edemezler.<\/p>\n\n    <p>(8) Hi\u00e7 kimse, derne\u011fin amac\u0131na ayk\u0131r\u0131 harcamalarla veya orant\u0131s\u0131z derecede y\u00fcksek \u00fccretlerle kay\u0131r\u0131lamaz.<\/p>\n\n    <h4>\u00a7 3 - \u00dcyeli\u011fin kazan\u0131lmas\u0131<\/h4>\n    <p>(1) Her ger\u00e7ek veya t\u00fczel ki\u015fi Birli\u011fe \u00fcye olabilir.<\/p>\n\n    <p>(2) Birli\u011fe kabul i\u00e7in Y\u00f6netim Kuruluna yaz\u0131l\u0131 olarak ba\u015fvurulmal\u0131d\u0131r. Re\u015fit olmayanlar i\u00e7in \u00fcyelik ba\u015fvurusu yasal temsilcileri taraf\u0131ndan yap\u0131lmal\u0131d\u0131r. Y\u00f6netim Kurulu, kabul ba\u015fvurusu hakk\u0131nda kendi takdirine g\u00f6re karar verir. Ba\u015fvuruyu reddetme gerek\u00e7esini ba\u015fvuru sahibine bildirmek zorunda de\u011fildir.<\/p>\n\n    <p>(3) Genel Kurul, Y\u00f6netim Kurulunun \u00f6nerisi \u00fczerine, Birli\u011fe \u00fcst\u00fcn hizmetlerde bulunmu\u015f \u00fcyeleri veya di\u011fer ki\u015fileri \u00f6m\u00fcr boyu onursal \u00fcye olarak atayabilir.<\/p>\n\n    <h4>\u00a7 4 - \u00dcyeli\u011fin sona ermesi<\/h4>\n    <p>(1) Birlik \u00fcyeli\u011fi \u00f6l\u00fcm (t\u00fczel ki\u015filerde fesih), istifa veya \u00e7\u0131kar\u0131lma ile sona erer.<\/p>\n\n    <p>(2) \u0130stifa, Y\u00f6netim Kuruluna yaz\u0131l\u0131 olarak beyan edilmelidir. \u0130stifa ancak mali y\u0131l\u0131n sonuna kadar \u00fc\u00e7 ayl\u0131k bir bildirim s\u00fcresi ile beyan edilebilir.<\/p>\n\n    <p>(3) Bir \u00fcye a\u015fa\u011f\u0131daki hallerde Genel Kurul karar\u0131 ile Birlikten \u00e7\u0131kar\u0131labilir:<\/p>\n    <ul>\n      <li>a) Birli\u011fin itibar\u0131na veya \u00e7\u0131karlar\u0131na kusurlu olarak ciddi bir \u015fekilde zarar verirse veya<\/li>\n      <li>b) Giri\u015f aidat\u0131n\u0131 veya \u00fcyelik aidat\u0131n\u0131 \u00fc\u00e7 aydan fazla geciktirmi\u015f ve ihra\u00e7 tehdidi alt\u0131nda yaz\u0131l\u0131 bir hat\u0131rlatmaya ra\u011fmen borcunu \u00f6dememi\u015fse. \u00dcyeye genel kurul toplant\u0131s\u0131nda ihra\u00e7 nedenleri hakk\u0131nda yorum yapma f\u0131rsat\u0131 verilmelidir. Bunlar \u00fcyeye en az iki hafta \u00f6nceden bildirilmelidir.<\/li>\n    <\/ul>\n\n    <h4>\u00a7 B\u00f6l\u00fcm 5 - \u00dcyelerin haklar\u0131 ve g\u00f6revleri<\/h4>\n    <p>(1) Her \u00fcye, Birli\u011fin tesislerini kullanma ve ortak etkinliklere kat\u0131lma hakk\u0131na sahiptir. Her \u00fcye genel kurulda e\u015fit oy ve se\u00e7im hakk\u0131na sahiptir.<\/p>\n\n    <p>(2) Her \u00fcye, Birli\u011fin \u00e7\u0131karlar\u0131n\u0131 desteklemek, \u00f6zellikle \u00fcyelik aidatlar\u0131n\u0131 d\u00fczenli olarak \u00f6demek ve m\u00fcmk\u00fcn oldu\u011fu \u00f6l\u00e7\u00fcde i\u015fbirli\u011fi yaparak Birli\u011fin ya\u015fam\u0131n\u0131 desteklemekle y\u00fck\u00fcml\u00fcd\u00fcr.<\/p>\n\n    <h4>\u00a7 6 - Giri\u015f \u00fccreti ve \u00fcyelik aidatlar\u0131<\/h4>\n    <p>(1) Her \u00fcye ayl\u0131k \u00fcyelik aidat\u0131n\u0131 pe\u015fin olarak \u00f6deyecektir.<\/p>\n\n    <p>(2) Giri\u015f \u00fccreti ve \u00fcyelik aidatlar\u0131n\u0131n miktar\u0131 Genel Kurul taraf\u0131ndan belirlenir.<\/p>\n\n    <p>(3) Onursal \u00fcyeler giri\u015f \u00fccreti ve \u00fcyelik aidat\u0131ndan muaft\u0131r.<\/p>\n\n    <h4>\u00a7 7 - Birli\u011fin organlar\u0131<\/h4>\n    <ul>\n      <li>a) Y\u00fcr\u00fctme Kurulu ve<\/li>\n      <li>b) genel kurul toplant\u0131s\u0131.<\/li>\n    <\/ul>\n\n    <h4>\u00a7 8 - Y\u00fcr\u00fctme Kurulu<\/h4>\n    <p>(1) \u0130cra Kurulu, Ba\u015fkan ve yard\u0131mc\u0131s\u0131ndan olu\u015fur.<\/p>\n    <p>(2) Ba\u015fkan ve yard\u0131mc\u0131s\u0131 Birli\u011fi m\u00fc\u015ftereken temsil eder.<\/p>\n\n    <h4>\u00a7 9 - Y\u00f6netim Kurulunun G\u00f6revleri<\/h4>\n    <ul>\n      <li>a) g\u00fcndemin haz\u0131rlanmas\u0131 da dahil olmak \u00fczere genel kurul toplant\u0131lar\u0131n\u0131n d\u00fczenlenmesi ve haz\u0131rlanmas\u0131,<\/li>\n      <li>b) Genel Kurul kararlar\u0131n\u0131n uygulanmas\u0131,<\/li>\n      <li>c) Birli\u011fin varl\u0131klar\u0131n\u0131n y\u00f6netimi ve y\u0131ll\u0131k raporun haz\u0131rlanmas\u0131,<\/li>\n      <li>d) yeni \u00fcyelerin kabul\u00fc.<\/li>\n    <\/ul>\n\n    <h4>\u00a7 10 - Y\u00f6netim Kurulunun g\u00f6rev s\u00fcresi<\/h4>\n    <p>(1) Y\u00fcr\u00fctme Kurulu \u00fcyeleri, Genel Kurul taraf\u0131ndan iki y\u0131ll\u0131k bir s\u00fcre i\u00e7in ayr\u0131 ayr\u0131 se\u00e7ilir. Sadece Birlik \u00fcyeleri Y\u00fcr\u00fctme Kurulu \u00fcyesi olabilir. Y\u00fcr\u00fctme Kurulu \u00fcyeli\u011fi, Birlik \u00fcyeli\u011fi ile sona erer. Bir \u00fcyenin Genel Kurul taraf\u0131ndan yeniden se\u00e7ilmesine veya erken g\u00f6revden al\u0131nmas\u0131na izin verilir. Bir \u00fcye, normal g\u00f6rev s\u00fcresinin sona ermesinden sonra halefinin se\u00e7ilmesine kadar g\u00f6revde kal\u0131r.<\/p>\n\n    <p>(2) Bir \u00fcyenin Y\u00fcr\u00fctme Kurulundan zaman\u0131ndan \u00f6nce ayr\u0131lmas\u0131 halinde, Y\u00fcr\u00fctme Kurulunun geri kalan \u00fcyeleri, Genel Kurul taraf\u0131ndan bir halef se\u00e7ilinceye kadar Y\u00fcr\u00fctme Kuruluna Birlik \u00fcyelerinden birini se\u00e7meye yetkilidir.<\/p>\n\n    <h4>\u00a7 11 - Y\u00f6netim Kurulu taraf\u0131ndan isti\u015fare ve kararlar\u0131n al\u0131nmas\u0131<\/h4>\n    <p>(1) Y\u00f6netim Kurulu gerekti\u011finde toplan\u0131r. Toplant\u0131lar Ba\u015fkan veya Ba\u015fkan'\u0131n bulunmad\u0131\u011f\u0131 hallerde vekili taraf\u0131ndan d\u00fczenlenir. Bir haftal\u0131k bildirim s\u00fcresine uyulmal\u0131d\u0131r. En az iki \u00fcyenin haz\u0131r bulunmas\u0131 halinde Y\u00f6netim Kurulu'nun \u00e7o\u011funlu\u011fu sa\u011flanm\u0131\u015f olur. Kararlar, kullan\u0131lan ge\u00e7erli oylar\u0131n \u00e7o\u011funlu\u011fu ile al\u0131n\u0131r. Oylar\u0131n e\u015fitli\u011fi halinde Ba\u015fkan\u0131n oy hakk\u0131 vard\u0131r.<\/p>\n\n    <p>(2) Y\u00f6netim Kurulu kararlar\u0131n\u0131n tutana\u011fa ge\u00e7irilmesi ve Y\u00f6netim Kurulu Ba\u015fkan\u0131 ile bir Y\u00f6netim Kurulu \u00fcyesi taraf\u0131ndan imzalanmas\u0131 zorunludur.<\/p>\n\n    <h4>\u00a7 B\u00f6l\u00fcm 12 - Genel Kurulun G\u00f6revleri<\/h4>\n    <ul>\n      <li>a) Ana S\u00f6zle\u015fme De\u011fi\u015fiklikleri,<\/li>\n      <li>b) giri\u015f \u00fccreti ve \u00fcyelik aidatlar\u0131n\u0131n belirlenmesi,<\/li>\n      <li>c) onursal \u00fcyelerin atanmas\u0131 ve \u00fcyelerin dernekten \u00e7\u0131kar\u0131lmas\u0131,<\/li>\n      <li>d) Y\u00fcr\u00fctme Kurulu \u00fcyelerinin se\u00e7ilmesi ve g\u00f6revden al\u0131nmas\u0131,<\/li>\n      <li>e) Faaliyet raporunun kabul\u00fc ve Y\u00f6netim Kurulu'nun ibras\u0131,<\/li>\n      <li>f) Birli\u011fin feshedilmesi.<\/li>\n    <\/ul>\n\n    <h4>\u00a7 B\u00f6l\u00fcm 13 - Genel Kurulun Toplanmas\u0131<\/h4>\n    <p>(1) Y\u00f6netim Kurulu y\u0131lda en az bir kez, m\u00fcmk\u00fcnse ilk \u00fc\u00e7 ayl\u0131k d\u00f6nemde, ola\u011fan bir Genel Kurul toplant\u0131s\u0131 d\u00fczenler. Toplant\u0131, iki hafta \u00f6nceden haber verilerek ve g\u00fcndem belirtilerek yaz\u0131l\u0131 olarak yap\u0131l\u0131r.<\/p>\n\n    <h4>\u00a7 B\u00f6l\u00fcm 14 - Genel Kurul Kararlar\u0131<\/h4>\n    <p>(1) Genel Kurul toplant\u0131s\u0131na Y\u00f6netim Kurulu Ba\u015fkan\u0131, bulunmad\u0131\u011f\u0131 takdirde vekili, o da bulunmad\u0131\u011f\u0131 takdirde Genel Kurul taraf\u0131ndan se\u00e7ilecek bir ba\u015fkan ba\u015fkanl\u0131k eder.<\/p>\n    <p>(2) T\u00fcm Birlik \u00fcyelerinin en az \u00fc\u00e7te birinin haz\u0131r bulunmas\u0131 halinde Genel Kurul toplant\u0131 nisab\u0131n\u0131 olu\u015fturur. Yeterli \u00e7o\u011funluk sa\u011flanamazsa, Y\u00f6netim Kurulu d\u00f6rt hafta i\u00e7inde ayn\u0131 g\u00fcndemle ikinci bir Genel Kurul toplant\u0131s\u0131 d\u00fczenlemekle y\u00fck\u00fcml\u00fcd\u00fcr. Bu, mevcut \u00fcye say\u0131s\u0131na bak\u0131lmaks\u0131z\u0131n bir yeter say\u0131 olu\u015fturacakt\u0131r. Bu durum davetiyede belirtilmelidir.<\/p>\n\n    <h4>\u00a7 B\u00f6l\u00fcm 15 - Birli\u011fin feshi, di\u011fer nedenlerle fesih, vergi ayr\u0131cal\u0131kl\u0131 ama\u00e7lar\u0131n durdurulmas\u0131<\/h4>\n    <p>(1) Birli\u011fin feshi halinde, Genel Kurul ba\u015fka ki\u015fileri tayin etmedik\u00e7e, Y\u00f6netim Kurulu Ba\u015fkan\u0131 ve yard\u0131mc\u0131s\u0131 m\u00fc\u015ftereken yetkili tasfiye memurlar\u0131d\u0131r.<\/p>\n    <p>(2) Kurumun feshi veya iptali ya da vergiden muaf ama\u00e7lar\u0131n\u0131n sona ermesi halinde, kurumun varl\u0131klar\u0131, kalk\u0131nma i\u015fbirli\u011fini te\u015fvik etmek amac\u0131yla kamu hukuku t\u00fczel ki\u015fili\u011fine veya vergiden muaf ba\u015fka bir kuruma devredilir.<\/p>\n    <p>(3) Yukar\u0131daki h\u00fck\u00fcmler, derne\u011fin hukuki ehliyetinin geri al\u0131nmas\u0131 halinde de uygulan\u0131r.<\/p>\n  <\/div>\n<\/body>\n<\/html>\n\t\t\t\t\t\t\t\t<\/div>\n\t\t\t\t<\/div>\n\t\t\t\t\t<\/div>\n\t\t\t\t<\/div>\n\t\t\t\t<\/div>","protected":false},"excerpt":{"rendered":"<p>Satzung des Nezir e.V. Satzung des Nezir e.V. \u00a7 1 \u2013 Name und Sitz des Vereins, Gesch\u00e4ftsjahr (1) Der Verein f\u00fchrt den Namen \u201eNezir\u201c. Er soll in das Vereinsregister eingetragen werden und f\u00fchrt danach den Zusatz \u201ee.V.&#8221;. (2) Der Verein hat seinen Sitz in Dormagen. (3) Das Gesch\u00e4ftsjahr ist das Kalenderjahr. \u00a7 2 \u2013 Zweck [&hellip;]<\/p>","protected":false},"author":1,"featured_media":0,"parent":4014,"menu_order":0,"comment_status":"closed","ping_status":"closed","template":"","meta":{"_acf_changed":false,"give_campaign_id":0,"footnotes":""},"class_list":["post-4012","page","type-page","status-publish","hentry"],"acf":[],"campaignId":"","_links":{"self":[{"href":"https:\/\/nezir-europe.org\/tr_tr\/wp-json\/wp\/v2\/pages\/4012","targetHints":{"allow":["GET"]}}],"collection":[{"href":"https:\/\/nezir-europe.org\/tr_tr\/wp-json\/wp\/v2\/pages"}],"about":[{"href":"https:\/\/nezir-europe.org\/tr_tr\/wp-json\/wp\/v2\/types\/page"}],"author":[{"embeddable":true,"href":"https:\/\/nezir-europe.org\/tr_tr\/wp-json\/wp\/v2\/users\/1"}],"replies":[{"embeddable":true,"href":"https:\/\/nezir-europe.org\/tr_tr\/wp-json\/wp\/v2\/comments?post=4012"}],"version-history":[{"count":40,"href":"https:\/\/nezir-europe.org\/tr_tr\/wp-json\/wp\/v2\/pages\/4012\/revisions"}],"predecessor-version":[{"id":9470,"href":"https:\/\/nezir-europe.org\/tr_tr\/wp-json\/wp\/v2\/pages\/4012\/revisions\/9470"}],"up":[{"embeddable":true,"href":"https:\/\/nezir-europe.org\/tr_tr\/wp-json\/wp\/v2\/pages\/4014"}],"wp:attachment":[{"href":"https:\/\/nezir-europe.org\/tr_tr\/wp-json\/wp\/v2\/media?parent=4012"}],"curies":[{"name":"wp","href":"https:\/\/api.w.org\/{rel}","templated":true}]}}