{"id":1334,"date":"2024-03-16T08:05:38","date_gmt":"2024-03-16T08:05:38","guid":{"rendered":"https:\/\/nezir-europe.org\/?page_id=1334"},"modified":"2025-10-21T18:34:22","modified_gmt":"2025-10-21T18:34:22","slug":"our-organisation","status":"publish","type":"page","link":"https:\/\/nezir-europe.org\/tr_tr\/about-us\/our-organisation\/","title":{"rendered":"Derne\u011fimiz"},"content":{"rendered":"<div data-elementor-type=\"wp-page\" data-elementor-id=\"1334\" class=\"elementor elementor-1334\" data-elementor-post-type=\"page\">\n\t\t\t\t<div class=\"elementor-element elementor-element-47130cb5 e-con-full e-flex e-con e-parent\" data-id=\"47130cb5\" data-element_type=\"container\" data-settings=\"{&quot;background_background&quot;:&quot;gradient&quot;}\">\n\t\t<div class=\"elementor-element elementor-element-248ce279 e-flex e-con-boxed e-con e-child\" data-id=\"248ce279\" data-element_type=\"container\">\n\t\t\t\t\t<div class=\"e-con-inner\">\n\t\t\t\t<div class=\"elementor-element elementor-element-37f33845 elementor-widget__width-inherit elementor-widget-divider--view-line elementor-invisible elementor-widget elementor-widget-divider\" data-id=\"37f33845\" data-element_type=\"widget\" data-settings=\"{&quot;_animation&quot;:&quot;fadeInLeft&quot;}\" data-widget_type=\"divider.default\">\n\t\t\t\t<div class=\"elementor-widget-container\">\n\t\t\t\t\t\t\t<div class=\"elementor-divider\">\n\t\t\t<span class=\"elementor-divider-separator\">\n\t\t\t\t\t\t<\/span>\n\t\t<\/div>\n\t\t\t\t\t\t<\/div>\n\t\t\t\t<\/div>\n\t\t\t\t<div class=\"elementor-element elementor-element-648548d2 elementor-widget__width-initial elementor-widget-tablet__width-inherit elementor-widget elementor-widget-heading\" data-id=\"648548d2\" data-element_type=\"widget\" data-widget_type=\"heading.default\">\n\t\t\t\t<div class=\"elementor-widget-container\">\n\t\t\t\t\t<h2 class=\"elementor-heading-title elementor-size-default\">Nezir Avrupa<br>Umut Eli<\/h2>\t\t\t\t<\/div>\n\t\t\t\t<\/div>\n\t\t\t\t\t<\/div>\n\t\t\t\t<\/div>\n\t\t<div class=\"elementor-element elementor-element-5d0513e2 e-flex e-con-boxed e-con e-child\" data-id=\"5d0513e2\" data-element_type=\"container\">\n\t\t\t\t\t<div class=\"e-con-inner\">\n\t\t\t\t<div class=\"elementor-element elementor-element-11948234 elementor-widget__width-initial elementor-widget-mobile__width-initial elementor-invisible elementor-widget elementor-widget-icon-box\" data-id=\"11948234\" data-element_type=\"widget\" data-settings=\"{&quot;_animation&quot;:&quot;fadeInUp&quot;}\" data-widget_type=\"icon-box.default\">\n\t\t\t\t<div class=\"elementor-widget-container\">\n\t\t\t\t\t\t\t<div class=\"elementor-icon-box-wrapper\">\n\n\t\t\t\n\t\t\t\t\t\t<div class=\"elementor-icon-box-content\">\n\n\t\t\t\t\t\t\t\t\t<h3 class=\"elementor-icon-box-title\">\n\t\t\t\t\t\t<span  >\n\t\t\t\t\t\t\tBiz kimiz?\t\t\t\t\t\t<\/span>\n\t\t\t\t\t<\/h3>\n\t\t\t\t\n\t\t\t\t\t\t\t\t\t<p class=\"elementor-icon-box-description\">\n\t\t\t\t\t\tNezir Europe Derne\u011fi, d\u00fcnya \u00e7ap\u0131nda ihtiya\u00e7 sahibi insanlara g\u00fcvenilir ve etkili yard\u0131m sa\u011flamay\u0131 misyon edinmi\u015f ba\u011f\u0131ms\u0131z bir insani yard\u0131m kurulu\u015fudur. \"Nezir\" ad\u0131 \"Adak\" anlam\u0131na gelir ve 2024 y\u0131l\u0131ndan bu yana Almanya, Dormagen'deki merkezimizden toplulu\u011fumuzdaki ihtiya\u00e7 sahiplerine \"Umut Eli\" olmay\u0131 taahh\u00fct ediyoruz.\t\t\t\t\t<\/p>\n\t\t\t\t\n\t\t\t<\/div>\n\t\t\t\n\t\t<\/div>\n\t\t\t\t\t\t<\/div>\n\t\t\t\t<\/div>\n\t\t\t\t<div class=\"elementor-element elementor-element-424e73f9 elementor-invisible elementor-widget elementor-widget-icon-box\" data-id=\"424e73f9\" data-element_type=\"widget\" data-settings=\"{&quot;_animation&quot;:&quot;fadeInUp&quot;,&quot;_animation_delay&quot;:100}\" data-widget_type=\"icon-box.default\">\n\t\t\t\t<div class=\"elementor-widget-container\">\n\t\t\t\t\t\t\t<div class=\"elementor-icon-box-wrapper\">\n\n\t\t\t\n\t\t\t\t\t\t<div class=\"elementor-icon-box-content\">\n\n\t\t\t\t\t\t\t\t\t<h3 class=\"elementor-icon-box-title\">\n\t\t\t\t\t\t<span  >\n\t\t\t\t\t\t\tNeler yap\u0131yoruz?\t\t\t\t\t\t<\/span>\n\t\t\t\t\t<\/h3>\n\t\t\t\t\n\t\t\t\t\t\t\t\t\t<p class=\"elementor-icon-box-description\">\n\t\t\t\t\t\tDin, dil, \u0131rk veya cinsiyet ayr\u0131m\u0131 g\u00f6zetmeksizin, Nezir Europe Derne\u011fi sava\u015flar, do\u011fal afetler ve salg\u0131nlardan etkilenen ihtiya\u00e7 sahiplerine yard\u0131m ula\u015ft\u0131r\u0131r. Derne\u011fimizin geli\u015ftirdi\u011fi ve y\u00fcr\u00fctt\u00fc\u011f\u00fc projelerle, ihtiya\u00e7 sahiplerine umut ve destek sunuyoruz.\t\t\t\t\t<\/p>\n\t\t\t\t\n\t\t\t<\/div>\n\t\t\t\n\t\t<\/div>\n\t\t\t\t\t\t<\/div>\n\t\t\t\t<\/div>\n\t\t\t\t\t<\/div>\n\t\t\t\t<\/div>\n\t\t<div class=\"elementor-element elementor-element-23bc71a e-flex e-con-boxed e-con e-child\" data-id=\"23bc71a\" data-element_type=\"container\">\n\t\t\t\t\t<div class=\"e-con-inner\">\n\t\t\t\t<div class=\"elementor-element elementor-element-44323b7 elementor-invisible elementor-widget elementor-widget-icon-box\" data-id=\"44323b7\" data-element_type=\"widget\" data-settings=\"{&quot;_animation&quot;:&quot;fadeInUp&quot;,&quot;_animation_delay&quot;:100}\" data-widget_type=\"icon-box.default\">\n\t\t\t\t<div class=\"elementor-widget-container\">\n\t\t\t\t\t\t\t<div class=\"elementor-icon-box-wrapper\">\n\n\t\t\t\n\t\t\t\t\t\t<div class=\"elementor-icon-box-content\">\n\n\t\t\t\t\t\t\t\t\t<h3 class=\"elementor-icon-box-title\">\n\t\t\t\t\t\t<span  >\n\t\t\t\t\t\t\tVizyonumuz\t\t\t\t\t\t<\/span>\n\t\t\t\t\t<\/h3>\n\t\t\t\t\n\t\t\t\t\t\t\t\t\t<p class=\"elementor-icon-box-description\">\n\t\t\t\t\t\t\u0130lk g\u00fcnk\u00fc a\u015fk ve kararl\u0131l\u0131kla, s\u00fcrekli olarak ihtiya\u00e7 sahiplerinin ihtiya\u00e7lar\u0131n\u0131 kar\u015f\u0131lamak ve ac\u0131lar\u0131n\u0131 hafifletmek i\u00e7in \u00e7al\u0131\u015f\u0131yoruz. Amac\u0131m\u0131z, d\u00fcnya genelindeki t\u00fcm ihtiya\u00e7 sahiplerine ula\u015fmak ve onlara g\u00fcvenli ve etkili bir \u015fekilde yard\u0131m eli uzatmakt\u0131r.\t\t\t\t\t<\/p>\n\t\t\t\t\n\t\t\t<\/div>\n\t\t\t\n\t\t<\/div>\n\t\t\t\t\t\t<\/div>\n\t\t\t\t<\/div>\n\t\t\t\t<div class=\"elementor-element elementor-element-975f9ca elementor-widget__width-initial elementor-widget-mobile__width-initial elementor-invisible elementor-widget elementor-widget-icon-box\" data-id=\"975f9ca\" data-element_type=\"widget\" data-settings=\"{&quot;_animation&quot;:&quot;fadeInUp&quot;,&quot;_animation_delay&quot;:200}\" data-widget_type=\"icon-box.default\">\n\t\t\t\t<div class=\"elementor-widget-container\">\n\t\t\t\t\t\t\t<div class=\"elementor-icon-box-wrapper\">\n\n\t\t\t\n\t\t\t\t\t\t<div class=\"elementor-icon-box-content\">\n\n\t\t\t\t\t\t\t\t\t<h3 class=\"elementor-icon-box-title\">\n\t\t\t\t\t\t<span  >\n\t\t\t\t\t\t\tMisyonumuz\t\t\t\t\t\t<\/span>\n\t\t\t\t\t<\/h3>\n\t\t\t\t\n\t\t\t\t\t\t\t\t\t<p class=\"elementor-icon-box-description\">\n\t\t\t\t\t\tDerne\u011fimiz, Avrupa'daki hay\u0131rsever insanlar ile d\u00fcnyan\u0131n \u00e7e\u015fitli yerlerindeki ihtiya\u00e7 sahipleri, yetimler, kimsesizler, g\u00f6\u00e7menler ve dezavantajl\u0131 ki\u015filer aras\u0131nda bir k\u00f6pr\u00fc olarak hizmet vermektedir. \"Umut Eli\" olarak insani yard\u0131m sa\u011flama misyonumuzla, ihtiya\u00e7 sahiplerine destek olmak i\u00e7in \u00e7al\u0131\u015fmalar\u0131m\u0131za devam ediyoruz.\t\t\t\t\t<\/p>\n\t\t\t\t\n\t\t\t<\/div>\n\t\t\t\n\t\t<\/div>\n\t\t\t\t\t\t<\/div>\n\t\t\t\t<\/div>\n\t\t\t\t\t<\/div>\n\t\t\t\t<\/div>\n\t\t\t\t<\/div>\n\t\t\t\t<\/div>","protected":false},"excerpt":{"rendered":"<p>Nezir EuropeHand of Hope Wer sind wir? Der Nezir Europe Verein ist eine unabh\u00e4ngige humanit\u00e4re Hilfsorganisation, die es sich zur Mission gemacht hat, bed\u00fcrftigen Menschen auf der ganzen Welt zuverl\u00e4ssige und effektive Hilfe zu leisten. Der Name \u201cNezir\u201d bedeutet \u201cGel\u00fcbde\u201d, und seit 2024 setzen wir uns von unserem Hauptsitz in Dormagen, Deutschland, aus daf\u00fcr ein, [&hellip;]<\/p>","protected":false},"author":1,"featured_media":0,"parent":4014,"menu_order":0,"comment_status":"closed","ping_status":"closed","template":"","meta":{"_acf_changed":false,"give_campaign_id":0,"footnotes":""},"class_list":["post-1334","page","type-page","status-publish","hentry"],"acf":[],"campaignId":"","_links":{"self":[{"href":"https:\/\/nezir-europe.org\/tr_tr\/wp-json\/wp\/v2\/pages\/1334","targetHints":{"allow":["GET"]}}],"collection":[{"href":"https:\/\/nezir-europe.org\/tr_tr\/wp-json\/wp\/v2\/pages"}],"about":[{"href":"https:\/\/nezir-europe.org\/tr_tr\/wp-json\/wp\/v2\/types\/page"}],"author":[{"embeddable":true,"href":"https:\/\/nezir-europe.org\/tr_tr\/wp-json\/wp\/v2\/users\/1"}],"replies":[{"embeddable":true,"href":"https:\/\/nezir-europe.org\/tr_tr\/wp-json\/wp\/v2\/comments?post=1334"}],"version-history":[{"count":328,"href":"https:\/\/nezir-europe.org\/tr_tr\/wp-json\/wp\/v2\/pages\/1334\/revisions"}],"predecessor-version":[{"id":9448,"href":"https:\/\/nezir-europe.org\/tr_tr\/wp-json\/wp\/v2\/pages\/1334\/revisions\/9448"}],"up":[{"embeddable":true,"href":"https:\/\/nezir-europe.org\/tr_tr\/wp-json\/wp\/v2\/pages\/4014"}],"wp:attachment":[{"href":"https:\/\/nezir-europe.org\/tr_tr\/wp-json\/wp\/v2\/media?parent=1334"}],"curies":[{"name":"wp","href":"https:\/\/api.w.org\/{rel}","templated":true}]}}