{"id":9945,"date":"2025-05-04T16:23:56","date_gmt":"2025-05-04T16:23:56","guid":{"rendered":"https:\/\/nezir-europe.org\/?page_id=9945"},"modified":"2025-10-21T18:38:17","modified_gmt":"2025-10-21T18:38:17","slug":"our-team","status":"publish","type":"page","link":"https:\/\/nezir-europe.org\/sv_se\/our-team\/","title":{"rendered":"V\u00e5rt team"},"content":{"rendered":"<div data-elementor-type=\"wp-page\" data-elementor-id=\"9945\" class=\"elementor elementor-9945\" data-elementor-post-type=\"page\">\n\t\t\t\t<div class=\"elementor-element elementor-element-bf2018a e-flex e-con-boxed e-con e-parent\" data-id=\"bf2018a\" data-element_type=\"container\">\n\t\t\t\t\t<div class=\"e-con-inner\">\n\t\t\t\t<div class=\"elementor-element elementor-element-74156ad elementor-widget elementor-widget-heading\" data-id=\"74156ad\" data-element_type=\"widget\" data-widget_type=\"heading.default\">\n\t\t\t\t<div class=\"elementor-widget-container\">\n\t\t\t\t\t<h2 class=\"elementor-heading-title elementor-size-default\">Detta avsnitt kommer att vara tillg\u00e4ngligt inom kort. V\u00e4nligen h\u00e5ll \u00f6gonen \u00f6ppna!<\/h2>\t\t\t\t<\/div>\n\t\t\t\t<\/div>\n\t\t\t\t\t<\/div>\n\t\t\t\t<\/div>\n\t\t<div class=\"elementor-element elementor-element-aad7259 e-flex e-con-boxed e-con e-parent\" data-id=\"aad7259\" data-element_type=\"container\">\n\t\t\t\t\t<div class=\"e-con-inner\">\n\t\t\t\t<div class=\"elementor-element elementor-element-9051ce2 elementor-widget elementor-widget-image\" data-id=\"9051ce2\" data-element_type=\"widget\" data-widget_type=\"image.default\">\n\t\t\t\t<div class=\"elementor-widget-container\">\n\t\t\t\t\t\t\t\t\t\t\t\t\t\t\t<img fetchpriority=\"high\" decoding=\"async\" width=\"300\" height=\"300\" src=\"https:\/\/nezir-europe.org\/wp-content\/uploads\/2025\/09\/01_Logo-300x300.png\" class=\"attachment-medium size-medium wp-image-14129\" alt=\"\" srcset=\"https:\/\/nezir-europe.org\/wp-content\/uploads\/2025\/09\/01_Logo-300x300.png 300w, https:\/\/nezir-europe.org\/wp-content\/uploads\/2025\/09\/01_Logo-1024x1024.png 1024w, https:\/\/nezir-europe.org\/wp-content\/uploads\/2025\/09\/01_Logo-150x150.png 150w, https:\/\/nezir-europe.org\/wp-content\/uploads\/2025\/09\/01_Logo-768x768.png 768w, https:\/\/nezir-europe.org\/wp-content\/uploads\/2025\/09\/01_Logo-1536x1536.png 1536w, https:\/\/nezir-europe.org\/wp-content\/uploads\/2025\/09\/01_Logo-2048x2048.png 2048w, https:\/\/nezir-europe.org\/wp-content\/uploads\/2025\/09\/01_Logo-12x12.png 12w\" sizes=\"(max-width: 300px) 100vw, 300px\" \/>\t\t\t\t\t\t\t\t\t\t\t\t\t\t\t<\/div>\n\t\t\t\t<\/div>\n\t\t\t\t\t<\/div>\n\t\t\t\t<\/div>\n\t\t\t\t<\/div>","protected":false},"excerpt":{"rendered":"<p>Detta avsnitt kommer att vara tillg\u00e4ngligt inom kort. V\u00e4nligen h\u00e5ll \u00f6gonen \u00f6ppna!<\/p>","protected":false},"author":2,"featured_media":0,"parent":0,"menu_order":0,"comment_status":"closed","ping_status":"closed","template":"","meta":{"_acf_changed":false,"give_campaign_id":0,"footnotes":""},"class_list":["post-9945","page","type-page","status-publish","hentry"],"acf":[],"campaignId":"","_links":{"self":[{"href":"https:\/\/nezir-europe.org\/sv_se\/wp-json\/wp\/v2\/pages\/9945","targetHints":{"allow":["GET"]}}],"collection":[{"href":"https:\/\/nezir-europe.org\/sv_se\/wp-json\/wp\/v2\/pages"}],"about":[{"href":"https:\/\/nezir-europe.org\/sv_se\/wp-json\/wp\/v2\/types\/page"}],"author":[{"embeddable":true,"href":"https:\/\/nezir-europe.org\/sv_se\/wp-json\/wp\/v2\/users\/2"}],"replies":[{"embeddable":true,"href":"https:\/\/nezir-europe.org\/sv_se\/wp-json\/wp\/v2\/comments?post=9945"}],"version-history":[{"count":8,"href":"https:\/\/nezir-europe.org\/sv_se\/wp-json\/wp\/v2\/pages\/9945\/revisions"}],"predecessor-version":[{"id":14138,"href":"https:\/\/nezir-europe.org\/sv_se\/wp-json\/wp\/v2\/pages\/9945\/revisions\/14138"}],"wp:attachment":[{"href":"https:\/\/nezir-europe.org\/sv_se\/wp-json\/wp\/v2\/media?parent=9945"}],"curies":[{"name":"wp","href":"https:\/\/api.w.org\/{rel}","templated":true}]}}