{"id":891,"date":"2024-03-03T21:28:17","date_gmt":"2024-03-03T21:28:17","guid":{"rendered":"https:\/\/nezir-europe.org\/?page_id=891"},"modified":"2025-10-21T18:17:24","modified_gmt":"2025-10-21T18:17:24","slug":"dataprotection","status":"publish","type":"page","link":"https:\/\/nezir-europe.org\/sv_se\/dataprotection\/","title":{"rendered":"Skydd av personuppgifter"},"content":{"rendered":"<div data-elementor-type=\"wp-page\" data-elementor-id=\"891\" class=\"elementor elementor-891\" data-elementor-post-type=\"page\">\n\t\t\t\t<div class=\"elementor-element elementor-element-ad3b7fd e-flex e-con-boxed e-con e-parent\" data-id=\"ad3b7fd\" data-element_type=\"container\">\n\t\t\t\t\t<div class=\"e-con-inner\">\n\t\t\t\t<div class=\"elementor-element elementor-element-3d08bd6 elementor-widget elementor-widget-text-editor\" data-id=\"3d08bd6\" data-element_type=\"widget\" data-widget_type=\"text-editor.default\">\n\t\t\t\t<div class=\"elementor-widget-container\">\n\t\t\t\t\t\t\t\t\t<h3>Integritetspolicy<\/h3><h4>1. Dataskydd i korthet<\/h4><h5>Allm\u00e4n information<\/h5><p>F\u00f6ljande information ger en enkel \u00f6versikt \u00f6ver vad som h\u00e4nder med dina personuppgifter n\u00e4r du bes\u00f6ker denna webbplats. Personuppgifter \u00e4r alla uppgifter som kan anv\u00e4ndas f\u00f6r att identifiera dig personligen. Detaljerad information om \u00e4mnet dataskydd finns i v\u00e5r dataskyddsdeklaration som listas under denna text.<\/p><h5>Datainsamling p\u00e5 denna webbplats<\/h5><h5>Vem \u00e4r ansvarig f\u00f6r datainsamlingen p\u00e5 denna webbplats?<\/h5><p>Databehandlingen p\u00e5 denna webbplats utf\u00f6rs av webbplatsens operat\u00f6r. Du hittar operat\u00f6rens kontaktuppgifter i avsnittet \"Information om den personuppgiftsansvarige\" i denna integritetspolicy.<\/p><h5>Hur samlar vi in dina uppgifter?<\/h5><p>\u00c5 ena sidan samlas dina uppgifter in n\u00e4r du l\u00e4mnar dem till oss. Det kan t.ex. vara uppgifter som du anger i ett kontaktformul\u00e4r.<\/p><p>Andra uppgifter samlas in automatiskt eller med ditt samtycke av v\u00e5ra IT-system n\u00e4r du bes\u00f6ker webbplatsen. Det r\u00f6r sig i f\u00f6rsta hand om tekniska uppgifter (t.ex. webbl\u00e4sare, operativsystem eller tid f\u00f6r sidvisning). Dessa uppgifter samlas in automatiskt s\u00e5 snart du g\u00e5r in p\u00e5 denna webbplats.<\/p><h5>Vad anv\u00e4nder vi dina uppgifter till?<\/h5><p>En del av uppgifterna samlas in f\u00f6r att s\u00e4kerst\u00e4lla att webbplatsen tillhandah\u00e5lls felfritt. Andra uppgifter kan anv\u00e4ndas f\u00f6r att analysera ditt anv\u00e4ndarbeteende.<\/p><h5>Vilka r\u00e4ttigheter har du n\u00e4r det g\u00e4ller dina uppgifter?<\/h5><p>Du har r\u00e4tt att n\u00e4r som helst kostnadsfritt f\u00e5 information om ursprung, mottagare och syfte med dina lagrade personuppgifter. Du har ocks\u00e5 r\u00e4tt att beg\u00e4ra r\u00e4ttelse eller radering av dessa uppgifter. Om du har gett ditt samtycke till databehandling kan du n\u00e4r som helst \u00e5terkalla detta samtycke f\u00f6r framtiden. Du har ocks\u00e5 r\u00e4tt att beg\u00e4ra att behandlingen av dina personuppgifter begr\u00e4nsas under vissa omst\u00e4ndigheter. Vidare har du r\u00e4tt att l\u00e4mna in ett klagom\u00e5l till beh\u00f6rig tillsynsmyndighet.<\/p><p>Du kan n\u00e4r som helst kontakta oss om du har ytterligare fr\u00e5gor om dataskydd.<\/p><h5>Analysverktyg och verktyg fr\u00e5n tredjepartsleverant\u00f6rer<\/h5><p>N\u00e4r du bes\u00f6ker denna webbplats kan ditt surfbeteende utv\u00e4rderas statistiskt. Detta g\u00f6rs i f\u00f6rsta hand med s\u00e5 kallade analysprogram.<\/p><p>Detaljerad information om dessa analysprogram finns i f\u00f6ljande integritetspolicy.<\/p><h4>2. Hosting<\/h4><p>Vi hostar inneh\u00e5llet p\u00e5 v\u00e5r webbplats med f\u00f6ljande leverant\u00f6r:<\/p><h5>Strato<\/h5><p>Leverant\u00f6r \u00e4r Strato AG, Otto-Ostrowski-Stra\u00dfe 7, 10249 Berlin (nedan kallad \"Strato\"). N\u00e4r du bes\u00f6ker v\u00e5r webbplats registrerar Strato olika loggfiler inklusive dina IP-adresser.<\/p><p>Ytterligare information finns i Stratos integritetspolicy: <a href=\"https:\/\/www.strato.de\/datenschutz\/\" target=\"_blank\" rel=\"noopener noreferrer\">https:\/\/www.strato.de\/datenschutz\/<\/a>.<\/p><p>Anv\u00e4ndningen av Strato baseras p\u00e5 artikel 6.1 lit. f GDPR. Vi har ett ber\u00e4ttigat intresse av att se till att v\u00e5r webbplats visas s\u00e5 tillf\u00f6rlitligt som m\u00f6jligt. Om ett motsvarande samtycke har beg\u00e4rts utf\u00f6rs behandlingen uteslutande p\u00e5 grundval av artikel 6.1 lit. a GDPR och \u00a7 25.1 TTDSG, i den m\u00e5n samtycket inkluderar lagring av cookies eller \u00e5tkomst till information i anv\u00e4ndarens terminalenhet (t.ex. enhetens fingeravtryck) i den mening som avses i TTDSG. Samtycket kan \u00e5terkallas n\u00e4r som helst.<\/p><h4>3 Allm\u00e4nna anvisningar och obligatorisk information<\/h4><h5>Skydd av personuppgifter<\/h5><p>Operat\u00f6rerna av dessa sidor tar skyddet av dina personuppgifter p\u00e5 st\u00f6rsta allvar. Vi behandlar dina personuppgifter konfidentiellt och i enlighet med de lagstadgade dataskyddsbest\u00e4mmelserna och denna integritetspolicy.<\/p><p>N\u00e4r du anv\u00e4nder denna webbplats samlas olika personuppgifter in. Personuppgifter \u00e4r uppgifter som kan anv\u00e4ndas f\u00f6r att identifiera dig personligen. I denna integritetspolicy f\u00f6rklaras vilka uppgifter vi samlar in och vad vi anv\u00e4nder dem till. Den f\u00f6rklarar ocks\u00e5 hur och i vilket syfte detta g\u00f6rs.<\/p><p>Vi vill p\u00e5peka att data\u00f6verf\u00f6ring via Internet (t.ex. vid kommunikation via e-post) kan vara f\u00f6rem\u00e5l f\u00f6r s\u00e4kerhetsbrister. Ett fullst\u00e4ndigt skydd av uppgifter mot \u00e5tkomst av tredje part \u00e4r inte m\u00f6jligt.<\/p><h5>Anm\u00e4rkning om ansvarigt organ<\/h5><p>Personuppgiftsansvarig f\u00f6r databehandlingen p\u00e5 denna webbplats \u00e4r<\/p><p>Nezir e.V.<br \/>Bunsenstrasse 7-11<br \/>41540 Dormagen<\/p><p>E-post: info@nezir-europe.org<\/p><p>Personuppgiftsansvarig \u00e4r den fysiska eller juridiska person som ensam eller tillsammans med andra best\u00e4mmer \u00e4ndam\u00e5len med och medlen f\u00f6r behandlingen av personuppgifter (t.ex. namn, e-postadresser etc.).<\/p><h5>Lagringens varaktighet<\/h5><p>Om inte en mer specifik lagringsperiod har angetts i denna integritetspolicy kommer dina personuppgifter att finnas kvar hos oss tills syftet med databehandlingen inte l\u00e4ngre \u00e4r till\u00e4mpligt. Om du g\u00f6r en ber\u00e4ttigad beg\u00e4ran om radering eller \u00e5terkallar ditt samtycke till databehandling kommer dina uppgifter att raderas, s\u00e5vida vi inte har andra lagligt till\u00e5tna sk\u00e4l f\u00f6r att lagra dina personuppgifter (t.ex. lagringstider enligt skatte- eller handelslagstiftning); i det senare fallet kommer raderingen att ske efter att dessa sk\u00e4l inte l\u00e4ngre \u00e4r till\u00e4mpliga.<\/p><h5>Allm\u00e4n information om den r\u00e4ttsliga grunden f\u00f6r databehandling p\u00e5 denna webbplats<\/h5><p>Om du har samtyckt till databehandling behandlar vi dina personuppgifter p\u00e5 grundval av artikel 6.1 a i GDPR eller artikel 9.2 a i GDPR, i den m\u00e5n s\u00e4rskilda kategorier av uppgifter behandlas i enlighet med artikel 9.1 i GDPR. Vid uttryckligt samtycke till \u00f6verf\u00f6ring av personuppgifter till tredje land sker databehandlingen \u00e4ven p\u00e5 grundval av artikel 49.1 a i GDPR. Om du har samtyckt till lagring av cookies eller tillg\u00e5ng till information i din slutenhet (t.ex. via enhetens fingeravtryck) utf\u00f6rs databehandlingen ocks\u00e5 p\u00e5 grundval av avsnitt 25.1 i GDPR. Samtycket kan \u00e5terkallas n\u00e4r som helst. Om dina uppgifter kr\u00e4vs f\u00f6r att fullg\u00f6ra ett avtal eller f\u00f6r att vidta \u00e5tg\u00e4rder innan ett avtal ing\u00e5s behandlar vi dina uppgifter med st\u00f6d av artikel 6.1 b i GDPR. Dessutom behandlar vi dina uppgifter om det \u00e4r n\u00f6dv\u00e4ndigt f\u00f6r att uppfylla en r\u00e4ttslig f\u00f6rpliktelse enligt artikel 6.1 c i GDPR. Databehandlingen kan ocks\u00e5 ske p\u00e5 grundval av v\u00e5rt ber\u00e4ttigade intresse i enlighet med artikel 6.1 f i GDPR. Information om de relevanta r\u00e4ttsliga grunderna i varje enskilt fall finns i f\u00f6ljande stycken i denna integritetspolicy.<\/p><h5>Mottagare av personuppgifter<\/h5><p>Som en del av v\u00e5r aff\u00e4rsverksamhet samarbetar vi med olika externa organisationer. I vissa fall \u00e4r det ocks\u00e5 n\u00f6dv\u00e4ndigt att \u00f6verf\u00f6ra personuppgifter till dessa externa organisationer. Vi \u00f6verf\u00f6r endast personuppgifter till externa organ om det \u00e4r n\u00f6dv\u00e4ndigt f\u00f6r att fullg\u00f6ra ett avtal, om vi \u00e4r skyldiga att g\u00f6ra det enligt lag (t.ex. \u00f6verf\u00f6ring av uppgifter till skattemyndigheter), om vi har ett ber\u00e4ttigat intresse av \u00f6verf\u00f6ringen i enlighet med artikel 6.1 f i GDPR eller om en annan r\u00e4ttslig grund till\u00e5ter \u00f6verf\u00f6ring av uppgifter. N\u00e4r vi anv\u00e4nder oss av personuppgiftsbitr\u00e4den vidarebefordrar vi endast v\u00e5ra kunders personuppgifter p\u00e5 grundval av ett giltigt avtal om orderbehandling. Vid gemensam behandling ing\u00e5s ett avtal om gemensam behandling.<\/p><h5>\u00c5terkallande av ditt samtycke till databehandling<\/h5><p>M\u00e5nga databehandlings\u00e5tg\u00e4rder \u00e4r endast m\u00f6jliga med ditt uttryckliga samtycke. Du kan n\u00e4r som helst \u00e5terkalla ditt samtycke. Lagligheten i den databehandling som utf\u00f6rts fram till \u00e5terkallandet p\u00e5verkas inte av \u00e5terkallandet.<\/p><h5>R\u00e4tt att inv\u00e4nda mot insamling av uppgifter i s\u00e4rskilda fall och mot direktmarknadsf\u00f6ring (artikel 21 i GDPR)<\/h5><p>Om databehandlingen sker p\u00e5 grundval av artikel 6.1 e eller f i GDPR har du r\u00e4tt att n\u00e4r som helst inv\u00e4nda mot behandlingen av dina personuppgifter av sk\u00e4l som h\u00e4nf\u00f6r sig till din s\u00e4rskilda situation; detta g\u00e4ller \u00e4ven profilering som grundar sig p\u00e5 dessa best\u00e4mmelser. Den r\u00e4ttsliga grund som ligger till grund f\u00f6r behandlingen framg\u00e5r av denna integritetspolicy. Om du g\u00f6r en inv\u00e4ndning kommer vi inte l\u00e4ngre att behandla dina personuppgifter, s\u00e5vida vi inte kan p\u00e5visa tvingande ber\u00e4ttigade sk\u00e4l f\u00f6r behandlingen som v\u00e4ger tyngre \u00e4n dina intressen, r\u00e4ttigheter och friheter eller om behandlingen tj\u00e4nar till att fastst\u00e4lla, ut\u00f6va eller f\u00f6rsvara r\u00e4ttsliga anspr\u00e5k (inv\u00e4ndning enligt artikel 21.1 i GDPR).<\/p><p>Om dina personuppgifter behandlas f\u00f6r direktmarknadsf\u00f6ring har du r\u00e4tt att n\u00e4r som helst inv\u00e4nda mot behandlingen av dina personuppgifter f\u00f6r s\u00e5dan marknadsf\u00f6ring; detta g\u00e4ller \u00e4ven profilering i den m\u00e5n den \u00e4r f\u00f6rknippad med s\u00e5dan direktmarknadsf\u00f6ring. Om du inv\u00e4nder kommer dina personuppgifter d\u00e4refter inte l\u00e4ngre att anv\u00e4ndas f\u00f6r direktmarknadsf\u00f6ring (inv\u00e4ndning i enlighet med artikel 21.2 i GDPR).<\/p><h5>R\u00e4tt att l\u00e4mna in klagom\u00e5l till beh\u00f6rig tillsynsmyndighet<\/h5><p>Vid \u00f6vertr\u00e4delser av GDPR har de registrerade r\u00e4tt att l\u00e4mna in ett klagom\u00e5l till en tillsynsmyndighet, s\u00e4rskilt i den medlemsstat d\u00e4r de \u00e4r stadigvarande bosatta, har sin arbetsplats eller d\u00e4r den p\u00e5st\u00e5dda \u00f6vertr\u00e4delsen \u00e4gde rum. R\u00e4tten att l\u00e4mna in ett klagom\u00e5l p\u00e5verkar inte andra administrativa eller r\u00e4ttsliga \u00e5tg\u00e4rder.<\/p><h5>R\u00e4tt till dataportabilitet<\/h5><p>Du har r\u00e4tt att f\u00e5 uppgifter som vi behandlar automatiskt med st\u00f6d av ditt samtycke eller f\u00f6r att fullg\u00f6ra ett avtal utl\u00e4mnade till dig eller till tredje part i ett allm\u00e4nt anv\u00e4nt och maskinl\u00e4sbart format. Om du beg\u00e4r direkt \u00f6verf\u00f6ring av uppgifterna till en annan personuppgiftsansvarig kommer detta endast att ske i den m\u00e5n det \u00e4r tekniskt genomf\u00f6rbart.<\/p><h5>Information, r\u00e4ttelse och radering<\/h5><p>Inom ramen f\u00f6r till\u00e4mpliga lagbest\u00e4mmelser har du r\u00e4tt att n\u00e4r som helst f\u00e5 gratis information om dina lagrade personuppgifter, deras ursprung och mottagare och syftet med databehandlingen och, om n\u00f6dv\u00e4ndigt, r\u00e4tt till korrigering eller radering av dessa uppgifter. Du kan n\u00e4r som helst kontakta oss om du har ytterligare fr\u00e5gor om personuppgifter.<\/p><h5>R\u00e4tt till begr\u00e4nsning av behandling<\/h5><p>Du har r\u00e4tt att beg\u00e4ra begr\u00e4nsning av behandlingen av dina personuppgifter. Du kan n\u00e4r som helst kontakta oss f\u00f6r att g\u00f6ra detta. R\u00e4tten till begr\u00e4nsning av behandling finns i f\u00f6ljande fall:<\/p><ul><li>Om du bestrider riktigheten i dina personuppgifter som lagras hos oss beh\u00f6ver vi i allm\u00e4nhet tid f\u00f6r att kontrollera detta. Under den tid som granskningen p\u00e5g\u00e5r har du r\u00e4tt att beg\u00e4ra att behandlingen av dina personuppgifter begr\u00e4nsas.<\/li><li>Om behandlingen av dina personuppgifter var\/\u00e4r olaglig kan du beg\u00e4ra att behandlingen begr\u00e4nsas ist\u00e4llet f\u00f6r att raderas.<\/li><li>Om vi inte l\u00e4ngre beh\u00f6ver dina personuppgifter, men du beh\u00f6ver dem f\u00f6r att ut\u00f6va, f\u00f6rsvara eller g\u00f6ra g\u00e4llande r\u00e4ttsliga anspr\u00e5k, har du r\u00e4tt att beg\u00e4ra att behandlingen av dina personuppgifter begr\u00e4nsas ist\u00e4llet f\u00f6r att de raderas.<\/li><li>Om du har gjort en inv\u00e4ndning i enlighet med artikel 21.1 i GDPR m\u00e5ste en avv\u00e4gning g\u00f6ras mellan dina och v\u00e5ra intressen. S\u00e5 l\u00e4nge det \u00e4nnu inte har fastst\u00e4llts vems intressen som v\u00e4ger tyngst har du r\u00e4tt att beg\u00e4ra att behandlingen av dina personuppgifter begr\u00e4nsas.<\/li><\/ul><p>Om du har begr\u00e4nsat behandlingen av dina personuppgifter f\u00e5r dessa uppgifter - bortsett fr\u00e5n lagring - endast behandlas med ditt samtycke eller f\u00f6r att fastst\u00e4lla, g\u00f6ra g\u00e4llande eller f\u00f6rsvara r\u00e4ttsliga anspr\u00e5k eller f\u00f6r att skydda en annan fysisk eller juridisk persons r\u00e4ttigheter eller av sk\u00e4l som r\u00f6r ett viktigt allm\u00e4nintresse f\u00f6r Europeiska unionen eller en medlemsstat.<\/p><h4>4. datainsamling p\u00e5 denna webbplats<\/h4><h5>Kakor<\/h5><p>P\u00e5 v\u00e5ra webbsidor anv\u00e4nds s.k. \"cookies\". Cookies \u00e4r sm\u00e5 datapaket som inte orsakar n\u00e5gon skada p\u00e5 din slutenhet. De lagras p\u00e5 din enhet antingen tempor\u00e4rt under en session (sessionscookies) eller permanent (permanenta cookies). Sessionscookies raderas automatiskt i slutet av ditt bes\u00f6k. Permanenta cookies lagras p\u00e5 din slutenhet tills du sj\u00e4lv raderar dem eller tills de raderas automatiskt av din webbl\u00e4sare.<\/p><p>Cookies kan h\u00e4rr\u00f6ra fr\u00e5n oss (f\u00f6rstapartscookies) eller fr\u00e5n tredjepartsf\u00f6retag (s.k. tredjepartscookies). Tredjepartscookies g\u00f6r det m\u00f6jligt att integrera vissa tj\u00e4nster fr\u00e5n tredjepartsf\u00f6retag p\u00e5 webbplatser (t.ex. cookies f\u00f6r hantering av betaltj\u00e4nster).<\/p><p>Cookies har olika funktioner. M\u00e5nga cookies \u00e4r tekniskt n\u00f6dv\u00e4ndiga, eftersom vissa funktioner p\u00e5 webbplatsen inte skulle fungera utan dem (t.ex. varukorgsfunktionen eller visning av videoklipp). Andra cookies kan anv\u00e4ndas f\u00f6r att analysera anv\u00e4ndarbeteende eller f\u00f6r reklam\u00e4ndam\u00e5l.<\/p><p>Cookies som kr\u00e4vs f\u00f6r att genomf\u00f6ra den elektroniska kommunikationsprocessen, f\u00f6r att tillhandah\u00e5lla vissa funktioner som du har beg\u00e4rt (t.ex. f\u00f6r varukorgsfunktionen) eller f\u00f6r att optimera webbplatsen (t.ex. cookies f\u00f6r att m\u00e4ta webbpubliken) (n\u00f6dv\u00e4ndiga cookies) lagras p\u00e5 grundval av artikel 6.1 f GDPR, s\u00e5vida inte en annan r\u00e4ttslig grund anges. Webbplatsoperat\u00f6ren har ett ber\u00e4ttigat intresse av att lagra n\u00f6dv\u00e4ndiga cookies f\u00f6r att kunna tillhandah\u00e5lla sina tj\u00e4nster p\u00e5 ett tekniskt felfritt och optimerat s\u00e4tt. Om samtycke till lagring av cookies och j\u00e4mf\u00f6rbara igenk\u00e4nningstekniker har beg\u00e4rts, sker behandlingen uteslutande p\u00e5 grundval av detta samtycke (artikel 6.1 a i GDPR och 25.1 i TTDSG); samtycket kan \u00e5terkallas n\u00e4r som helst.<\/p><p>Du kan st\u00e4lla in din webbl\u00e4sare s\u00e5 att du informeras om inst\u00e4llningen av cookies och endast till\u00e5ta cookies i enskilda fall, utesluta godk\u00e4nnande av cookies f\u00f6r vissa fall eller i allm\u00e4nhet och aktivera automatisk radering av cookies n\u00e4r du st\u00e4nger webbl\u00e4saren. Om cookies avaktiveras kan funktionaliteten p\u00e5 denna webbplats vara begr\u00e4nsad.<\/p><p>Vilka cookies och tj\u00e4nster som anv\u00e4nds p\u00e5 denna webbplats framg\u00e5r av denna integritetspolicy.<\/p><h4 class=\"p1\">5. anv\u00e4ndning av Google Web Fonts<\/h4><p class=\"p1\">P\u00e5 v\u00e5r webbplats anv\u00e4nds s\u00e5 kallade webbtypsnitt fr\u00e5n Google f\u00f6r standardiserad och tilltalande visning av typsnitt. N\u00e4r du \u00f6ppnar en sida laddar din webbl\u00e4sare de n\u00f6dv\u00e4ndiga webbtypsnitten direkt fr\u00e5n Googles servrar, varvid din IP-adress kan \u00f6verf\u00f6ras till Google i USA. Denna \u00f6verf\u00f6ring sker p\u00e5 grundval av v\u00e5rt ber\u00e4ttigade intresse i enlighet med artikel 6.1 f i GDPR att s\u00e4kerst\u00e4lla en enhetlig och tilltalande presentation av v\u00e5ra online-erbjudanden.<\/p><p class=\"p1\">Denna funktion kan inte avaktiveras eftersom den \u00e4r n\u00f6dv\u00e4ndig f\u00f6r att webbplatsen ska kunna visas p\u00e5 r\u00e4tt s\u00e4tt.<\/p><p class=\"p1 translation-block\">Mer information om Google Web Fonts finns p\u00e5 <a href=\"https:\/\/developers.google.com\/fonts\/faq\" target=\"_self\">https:\/\/developers.google.com\/fonts\/faq<\/a> och i Googles integritetspolicy: <a href=\"https:\/\/www.google.com\/policies\/privacy\/\" target=\"_self\">https:\/\/www.google.com\/policies\/privacy\/<\/a>.<\/p>\t\t\t\t\t\t\t\t<\/div>\n\t\t\t\t<\/div>\n\t\t\t\t\t<\/div>\n\t\t\t\t<\/div>\n\t\t\t\t<\/div>","protected":false},"excerpt":{"rendered":"<p>Datenschutz\u00aderkl\u00e4rung 1. Datenschutz auf einen Blick Allgemeine Hinweise Die folgenden Hinweise geben einen einfachen \u00dcberblick dar\u00fcber, was mit Ihren personenbezogenen Daten passiert, wenn Sie diese Website besuchen. Personenbezogene Daten sind alle Daten, mit denen Sie pers\u00f6nlich identifiziert werden k\u00f6nnen. Ausf\u00fchrliche Informationen zum Thema Datenschutz entnehmen Sie unserer unter diesem Text aufgef\u00fchrten Datenschutzerkl\u00e4rung. Datenerfassung auf dieser [&hellip;]<\/p>","protected":false},"author":1,"featured_media":0,"parent":0,"menu_order":0,"comment_status":"closed","ping_status":"closed","template":"","meta":{"_acf_changed":false,"give_campaign_id":0,"footnotes":""},"class_list":["post-891","page","type-page","status-publish","hentry"],"acf":[],"campaignId":"","_links":{"self":[{"href":"https:\/\/nezir-europe.org\/sv_se\/wp-json\/wp\/v2\/pages\/891","targetHints":{"allow":["GET"]}}],"collection":[{"href":"https:\/\/nezir-europe.org\/sv_se\/wp-json\/wp\/v2\/pages"}],"about":[{"href":"https:\/\/nezir-europe.org\/sv_se\/wp-json\/wp\/v2\/types\/page"}],"author":[{"embeddable":true,"href":"https:\/\/nezir-europe.org\/sv_se\/wp-json\/wp\/v2\/users\/1"}],"replies":[{"embeddable":true,"href":"https:\/\/nezir-europe.org\/sv_se\/wp-json\/wp\/v2\/comments?post=891"}],"version-history":[{"count":40,"href":"https:\/\/nezir-europe.org\/sv_se\/wp-json\/wp\/v2\/pages\/891\/revisions"}],"predecessor-version":[{"id":9444,"href":"https:\/\/nezir-europe.org\/sv_se\/wp-json\/wp\/v2\/pages\/891\/revisions\/9444"}],"wp:attachment":[{"href":"https:\/\/nezir-europe.org\/sv_se\/wp-json\/wp\/v2\/media?parent=891"}],"curies":[{"name":"wp","href":"https:\/\/api.w.org\/{rel}","templated":true}]}}