{"id":883,"date":"2024-03-03T21:14:52","date_gmt":"2024-03-03T21:14:52","guid":{"rendered":"https:\/\/nezir-europe.org\/?page_id=883"},"modified":"2025-10-21T18:24:06","modified_gmt":"2025-10-21T18:24:06","slug":"imprint","status":"publish","type":"page","link":"https:\/\/nezir-europe.org\/sv_se\/imprint\/","title":{"rendered":"Avtryck"},"content":{"rendered":"<div data-elementor-type=\"wp-page\" data-elementor-id=\"883\" class=\"elementor elementor-883\" data-elementor-post-type=\"page\">\n\t\t\t\t<div class=\"elementor-element elementor-element-30ae5f0 e-flex e-con-boxed e-con e-parent\" data-id=\"30ae5f0\" data-element_type=\"container\">\n\t\t\t\t\t<div class=\"e-con-inner\">\n\t\t\t\t<div class=\"elementor-element elementor-element-a262240 elementor-widget elementor-widget-text-editor\" data-id=\"a262240\" data-element_type=\"widget\" data-widget_type=\"text-editor.default\">\n\t\t\t\t<div class=\"elementor-widget-container\">\n\t\t\t\t\t\t\t\t\t<h3>Avtryck<\/h3><p>Nezir e.V.<br \/>Bunsenstrasse 7-11<br \/>41540 Dormagen<\/p><p>F\u00f6reningsregister: VR 3181<br \/>Registerdomstol: Neuss lokala domstol<br \/>skatteregistreringsnummer: 114\/5875\/0037<\/p><p><strong>F\u00f6retr\u00e4ds av:<\/strong><br \/>Ahmed Mardan<br \/>Abdullah \u00d6zel<\/p><h4>Kontakta oss<\/h4><p>E-post: info@nezir-europe.org<br \/><a href=\"https:\/\/nezir-europe.org\/sv_se\/kontakt\/\">Kontaktformul\u00e4r<\/a><\/p><h4>Tvistl\u00f6sning<\/h4><p>Vi \u00e4r inte beredda eller skyldiga att delta i tvistl\u00f6sningsf\u00f6rfaranden inf\u00f6r en<br \/>Skiljen\u00e4mnd f\u00f6r konsumentfr\u00e5gor.<\/p><h3 class=\"text-primary\">Ansvarsfriskrivning:<\/h3><p><strong>Ansvar f\u00f6r inneh\u00e5ll<\/strong><\/p><p>Inneh\u00e5llet p\u00e5 v\u00e5ra sidor har skapats med st\u00f6rsta omsorg. Vi kan dock inte ta p\u00e5 oss n\u00e5got ansvar f\u00f6r inneh\u00e5llets riktighet, fullst\u00e4ndighet och aktualitet. Som tj\u00e4nsteleverant\u00f6r \u00e4r vi ansvariga f\u00f6r v\u00e5rt eget inneh\u00e5ll p\u00e5 dessa sidor i enlighet med \u00a7 7 para. 1 TMG (tyska telemedielagen) och allm\u00e4nna lagar. Enligt \u00a7\u00a7 8 till 10 TMG \u00e4r vi som tj\u00e4nsteleverant\u00f6r dock inte skyldiga att \u00f6vervaka \u00f6verf\u00f6rd eller lagrad information fr\u00e5n tredje part eller att unders\u00f6ka omst\u00e4ndigheter som tyder p\u00e5 olaglig verksamhet. Skyldigheter att ta bort eller blockera anv\u00e4ndningen av information i enlighet med allm\u00e4n lagstiftning f\u00f6rblir op\u00e5verkade av detta. Ansvar i detta avseende \u00e4r dock endast m\u00f6jligt fr\u00e5n och med tidpunkten f\u00f6r k\u00e4nnedom om en specifik \u00f6vertr\u00e4delse. S\u00e5 snart vi f\u00e5r k\u00e4nnedom om s\u00e5dana \u00f6vertr\u00e4delser kommer vi omedelbart att ta bort detta inneh\u00e5ll.<\/p><p><strong>Ansvar f\u00f6r l\u00e4nkar\u00a0<\/strong><\/p><p>V\u00e5r webbplats inneh\u00e5ller l\u00e4nkar till externa webbplatser fr\u00e5n tredje part vars inneh\u00e5ll vi inte har n\u00e5got inflytande \u00f6ver. D\u00e4rf\u00f6r kan vi inte ta n\u00e5got ansvar f\u00f6r detta inneh\u00e5ll fr\u00e5n tredje part. Respektive leverant\u00f6r eller operat\u00f6r av sidorna \u00e4r alltid ansvarig f\u00f6r inneh\u00e5llet p\u00e5 de l\u00e4nkade sidorna. De l\u00e4nkade sidorna har vid tidpunkten f\u00f6r l\u00e4nkningen kontrollerats med avseende p\u00e5 eventuella lag\u00f6vertr\u00e4delser. Olagligt inneh\u00e5ll kunde inte identifieras vid tidpunkten f\u00f6r l\u00e4nkningen. En permanent \u00f6vervakning av inneh\u00e5llet p\u00e5 de l\u00e4nkade sidorna \u00e4r dock inte rimlig utan konkreta bevis p\u00e5 en \u00f6vertr\u00e4delse. Om vi f\u00e5r k\u00e4nnedom om lag\u00f6vertr\u00e4delser kommer vi omedelbart att ta bort s\u00e5dana l\u00e4nkar.<\/p><p class=\"text-primary\"><strong>Upphovsr\u00e4tt\u00a0<\/strong><\/p><p>Inneh\u00e5llet och de verk som skapats av webbplatsoperat\u00f6rerna p\u00e5 dessa sidor omfattas av tysk upphovsr\u00e4ttslagstiftning. Kopiering, bearbetning, distribution och all annan anv\u00e4ndning utanf\u00f6r upphovsr\u00e4ttslagens gr\u00e4nser kr\u00e4ver skriftligt medgivande fr\u00e5n respektive f\u00f6rfattare eller upphovsman. Nedladdningar och kopior av denna webbplats \u00e4r endast till\u00e5tna f\u00f6r privat, icke-kommersiellt bruk. I den m\u00e5n inneh\u00e5llet p\u00e5 denna webbplats inte har skapats av operat\u00f6ren respekteras tredje parts upphovsr\u00e4tt. I synnerhet inneh\u00e5ll fr\u00e5n tredje part \u00e4r m\u00e4rkt som s\u00e5dant. Om du \u00e4nd\u00e5 skulle f\u00e5 k\u00e4nnedom om ett upphovsr\u00e4ttsintr\u00e5ng ber vi dig att informera oss om detta. Om vi f\u00e5r k\u00e4nnedom om n\u00e5got intr\u00e5ng kommer vi omedelbart att ta bort inneh\u00e5llet.<\/p>\t\t\t\t\t\t\t\t<\/div>\n\t\t\t\t<\/div>\n\t\t\t\t\t<\/div>\n\t\t\t\t<\/div>\n\t\t\t\t<\/div>","protected":false},"excerpt":{"rendered":"<p>Impressum Nezir e.V.Bunsenstra\u00dfe 7-1141540 Dormagen Vereinsregister: VR 3181Registergericht: Amtsgericht NeussSteuernummer: 114\/5875\/0037 Vertreten durch:Ahmed MardanAbdullah \u00d6zel Kontakt E-Mail: info@nezir-europe.orgKontaktformular Streitbeilegung Wir sind nicht bereit oder verpflichtet, an Streitbeilegungsverfahren vor einerVerbraucherschlichtungsstelle teilzunehmen. Haftungsausschluss: Haftung f\u00fcr Inhalte Die Inhalte unserer Seiten wurden mit gr\u00f6\u00dfter Sorgfalt erstellt. F\u00fcr die Richtigkeit, Vollst\u00e4ndigkeit und Aktualit\u00e4t der Inhalte k\u00f6nnen wir jedoch keine [&hellip;]<\/p>","protected":false},"author":1,"featured_media":0,"parent":0,"menu_order":0,"comment_status":"closed","ping_status":"closed","template":"","meta":{"_acf_changed":false,"give_campaign_id":0,"footnotes":""},"class_list":["post-883","page","type-page","status-publish","hentry"],"acf":[],"campaignId":"","_links":{"self":[{"href":"https:\/\/nezir-europe.org\/sv_se\/wp-json\/wp\/v2\/pages\/883","targetHints":{"allow":["GET"]}}],"collection":[{"href":"https:\/\/nezir-europe.org\/sv_se\/wp-json\/wp\/v2\/pages"}],"about":[{"href":"https:\/\/nezir-europe.org\/sv_se\/wp-json\/wp\/v2\/types\/page"}],"author":[{"embeddable":true,"href":"https:\/\/nezir-europe.org\/sv_se\/wp-json\/wp\/v2\/users\/1"}],"replies":[{"embeddable":true,"href":"https:\/\/nezir-europe.org\/sv_se\/wp-json\/wp\/v2\/comments?post=883"}],"version-history":[{"count":64,"href":"https:\/\/nezir-europe.org\/sv_se\/wp-json\/wp\/v2\/pages\/883\/revisions"}],"predecessor-version":[{"id":13808,"href":"https:\/\/nezir-europe.org\/sv_se\/wp-json\/wp\/v2\/pages\/883\/revisions\/13808"}],"wp:attachment":[{"href":"https:\/\/nezir-europe.org\/sv_se\/wp-json\/wp\/v2\/media?parent=883"}],"curies":[{"name":"wp","href":"https:\/\/api.w.org\/{rel}","templated":true}]}}