{"id":4012,"date":"2024-08-01T19:41:20","date_gmt":"2024-08-01T19:41:20","guid":{"rendered":"https:\/\/nezir-europe.org\/?page_id=4012"},"modified":"2025-10-21T18:36:04","modified_gmt":"2025-10-21T18:36:04","slug":"our-statutes","status":"publish","type":"page","link":"https:\/\/nezir-europe.org\/sv_se\/about-us\/our-statutes\/","title":{"rendered":"V\u00e5ra stadgar"},"content":{"rendered":"<div data-elementor-type=\"wp-page\" data-elementor-id=\"4012\" class=\"elementor elementor-4012\" data-elementor-post-type=\"page\">\n\t\t\t\t<div class=\"elementor-element elementor-element-1989a41 e-flex e-con-boxed e-con e-parent\" data-id=\"1989a41\" data-element_type=\"container\">\n\t\t\t\t\t<div class=\"e-con-inner\">\n\t\t\t\t<div class=\"elementor-element elementor-element-5b45e4c elementor-widget elementor-widget-text-editor\" data-id=\"5b45e4c\" data-element_type=\"widget\" data-widget_type=\"text-editor.default\">\n\t\t\t\t<div class=\"elementor-widget-container\">\n\t\t\t\t\t\t\t\t\t<!DOCTYPE html>\n<html lang=\"de\">\n<head>\n  <meta charset=\"UTF-8\">\n  <meta name=\"viewport\" content=\"width=device-width, initial-scale=1.0\">\n  <title>Satzung des Nezir e.V.<\/title>\n<\/head>\n<body>\n  <div>\n    <h3>Stadgar f\u00f6r Nezir e.V.<\/h3>\n\n    <h4>1 \u00a7 - F\u00f6reningens namn och s\u00e4te, r\u00e4kenskaps\u00e5r<\/h4>\n    <p>(1) F\u00f6reningen ska b\u00e4ra namnet \u201eNezir\u201c. Den ska registreras i f\u00f6reningsregistret och ska d\u00e5 ha till\u00e4gget \u201ee.V.\u201d. <\/p>\n    <p>(2) F\u00f6reningen har sitt s\u00e4te i Dormagen.<\/p>\n    <p>(3) R\u00e4kenskaps\u00e5ret \u00e4r kalender\u00e5ret.<\/p>\n\n    <h4>2 \u00a7 - Syfte<\/h4>\n    <p>(1) F\u00f6reningen bedriver uteslutande och direkt v\u00e4lg\u00f6rande \u00e4ndam\u00e5l i den mening som avses i avsnittet \u201eSkattegynnade \u00e4ndam\u00e5l\u201d i den tyska skattelagstiftningen.<\/p>\n\n    <p>(2) F\u00f6reningen har f\u00f6ljande syften:<\/p>\n    <ul>\n      <li>a) osj\u00e4lviskt st\u00f6d till personer i den mening som avses i \u00a7 53 AO,<\/li>\n      <li>b) bist\u00e5nd till flyktingar.<\/li>\n    <\/ul>\n<br>\n    <p>(3) Det stadgeenliga syftet att st\u00f6dja personer i den mening som avses i \u00a7 53 AO f\u00f6rverkligas s\u00e4rskilt genom ekonomiskt, materiellt och medicinskt st\u00f6d till personer som befinner sig i en ekonomisk eller personlig n\u00f6dsituation och som befinner sig i utvecklingsl\u00e4nder eller l\u00e4nder som drabbats av krig eller naturkatastrofer.<\/p>\n\n    <p>(4) Det stadgeenliga syftet att hj\u00e4lpa flyktingar f\u00f6rverkligas s\u00e4rskilt genom att ge ekonomiskt, materiellt och medicinskt st\u00f6d till flyktingar i utvecklingsl\u00e4nder eller l\u00e4nder som drabbats av krig eller naturkatastrofer, samt genom att informera allm\u00e4nheten om de sociala missf\u00f6rh\u00e5llanden och den ov\u00e4rdiga situation som flyktingar i s\u00e5dana krisomr\u00e5den befinner sig i.<\/p>\n\n    <p>(5) F\u00f6reningen kan ocks\u00e5 f\u00f6rverkliga sina syften genom att donera medel till ett annat bolag i Tyskland eller utomlands eller till en offentligr\u00e4ttslig juridisk person f\u00f6r att f\u00f6rverkliga de skattegynnade syften som anges i punkt 2 (\u00a7 58 nr 1 AO). F\u00f6r donation av medel till ett privatr\u00e4ttsligt bolag med begr\u00e4nsad eller obegr\u00e4nsad skattskyldighet kr\u00e4vs att bolaget sj\u00e4lvt \u00e4r skattegynnat. F\u00f6r donation av medel till ett privatr\u00e4ttsligt bolag som varken \u00e4r begr\u00e4nsat eller obegr\u00e4nsat skattskyldigt kr\u00e4vs att det anv\u00e4nder medlen f\u00f6r skattegynnade \u00e4ndam\u00e5l och att mottagarens juridiska form i utlandet motsvarar ett bolag, en sammanslutning av personer eller en tillg\u00e5ngspool i den mening som avses i KStG. I dessa fall m\u00e5ste f\u00f6reningen s\u00e4kerst\u00e4lla att anv\u00e4ndningen av medlen av f\u00f6retaget i utlandet kan bevisas tillr\u00e4ckligt; f\u00f6reningens \u00f6kade samarbetsskyldighet - skyldighet att klarg\u00f6ra fakta och skaffa n\u00f6dv\u00e4ndiga bevis genom att utt\u00f6mma de befintliga r\u00e4ttsliga och faktiska m\u00f6jligheterna - gentemot skattekontoret i utl\u00e4ndska \u00e4renden m\u00e5ste beaktas (\u00a7 90 para. 2 AO).<\/p>\n\n    <p>(6) F\u00f6reningen \u00e4r oegennyttigt verksam och har inte som \u00e4ndam\u00e5l att i f\u00f6rsta hand tillgodose sina egna ekonomiska behov.<\/p>\n\n    <p>(7) F\u00f6reningens medel f\u00e5r endast anv\u00e4ndas f\u00f6r de \u00e4ndam\u00e5l som anges i stadgarna. Medlemmarna skall inte erh\u00e5lla n\u00e5gra f\u00f6rm\u00e5ner fr\u00e5n f\u00f6reningens medel.<\/p>\n\n    <p>(8) Ingen f\u00e5r gynnas genom utgifter som \u00e4r fr\u00e4mmande f\u00f6r f\u00f6reningens \u00e4ndam\u00e5l eller genom oproportionerligt h\u00f6ga ers\u00e4ttningar.<\/p>\n\n    <h4>3 \u00a7 - F\u00f6rv\u00e4rv av medlemskap<\/h4>\n    <p>(1) Varje fysisk eller juridisk person kan bli medlem i f\u00f6reningen.<\/p>\n\n    <p>(2) Ans\u00f6kan om intr\u00e4de i f\u00f6reningen skall g\u00f6ras skriftligen hos styrelsen. F\u00f6r omyndiga personer skall ans\u00f6kan om medlemskap inges av deras lagliga f\u00f6retr\u00e4dare. Styrelsen ska besluta om ans\u00f6kan om intr\u00e4de efter eget gottfinnande. Den beh\u00f6ver inte motivera sitt avslag p\u00e5 ans\u00f6kan f\u00f6r den s\u00f6kande.<\/p>\n\n    <p>(3) P\u00e5 f\u00f6rslag av styrelsen kan f\u00f6reningsst\u00e4mman till hedersledamot p\u00e5 livstid utn\u00e4mna medlem eller annan person som har gjort f\u00f6reningen framst\u00e5ende tj\u00e4nster.<\/p>\n\n    <h4>4 \u00a7 - Upph\u00f6rande av medlemskap<\/h4>\n    <p>(1) Medlemskap i f\u00f6reningen upph\u00f6r genom d\u00f6dsfall (f\u00f6r juridiska personer genom att de uppl\u00f6ses), uttr\u00e4de eller uteslutning.<\/p>\n\n    <p>(2) Upps\u00e4gning ska ske skriftligen till direktionen. Upps\u00e4gning kan endast ske med en upps\u00e4gningstid om tre m\u00e5nader till r\u00e4kenskaps\u00e5rets utg\u00e5ng.<\/p>\n\n    <p>(3) En medlem kan uteslutas ur f\u00f6reningen genom beslut av f\u00f6reningsst\u00e4mman om den:<\/p>\n    <ul>\n      <li>a) klanderv\u00e4rt skadar f\u00f6reningens anseende eller intressen p\u00e5 ett allvarligt s\u00e4tt eller<\/li>\n      <li>b) \u00e4r i dr\u00f6jsm\u00e5l med betalning av intr\u00e4desavgift eller medlemsavgift med mer \u00e4n tre m\u00e5nader och inte har betalat trots skriftlig p\u00e5minnelse under hot om uteslutning. Medlemmen ska ges tillf\u00e4lle att yttra sig \u00f6ver sk\u00e4len till uteslutningen p\u00e5 f\u00f6reningsst\u00e4mman. Dessa ska meddelas medlemmen minst tv\u00e5 veckor i f\u00f6rv\u00e4g.<\/li>\n    <\/ul>\n\n    <h4>\u00a7 5 - Medlemmarnas r\u00e4ttigheter och skyldigheter<\/h4>\n    <p>(1) Varje medlem har r\u00e4tt att nyttja f\u00f6reningens anl\u00e4ggningar och att delta i gemensamma arrangemang. Varje medlem har lika r\u00f6st- och valr\u00e4tt vid f\u00f6reningsst\u00e4mman.<\/p>\n\n    <p>(2) Varje medlem \u00e4r skyldig att fr\u00e4mja f\u00f6reningens intressen, i synnerhet att betala sina medlemsavgifter regelbundet och, i den m\u00e5n de kan, st\u00f6dja f\u00f6reningens liv genom sitt samarbete.<\/p>\n\n    <h4>6 \u00a7 - Intr\u00e4desavgift och medlemsavgifter<\/h4>\n    <p>(1) Varje medlem ska betala en m\u00e5natlig medlemsavgift som ska betalas i f\u00f6rskott.<\/p>\n\n    <p>(2) Storleken p\u00e5 intr\u00e4desavgiften och medlemsavgifterna ska fastst\u00e4llas av bolagsst\u00e4mman.<\/p>\n\n    <p>(3) Hedersmedlemmar \u00e4r befriade fr\u00e5n intr\u00e4desavgift och medlemsavgift.<\/p>\n\n    <h4>7 \u00a7 - F\u00f6reningens organ<\/h4>\n    <ul>\n      <li>a) direktionen och<\/li>\n      <li>b) bolagsst\u00e4mman.<\/li>\n    <\/ul>\n\n    <h4>8 \u00a7 - Direktionen<\/h4>\n    <p>(1) Direktionen best\u00e5r av ordf\u00f6randen och hans st\u00e4llf\u00f6retr\u00e4dare.<\/p>\n    <p>(2) Ordf\u00f6randen och hans st\u00e4llf\u00f6retr\u00e4dare skall gemensamt f\u00f6retr\u00e4da f\u00f6reningen.<\/p>\n\n    <h4>9 \u00a7 - Direktionens uppgifter<\/h4>\n    <ul>\n      <li>a) sammankallande och f\u00f6rberedelse av bolagsst\u00e4mmor, inklusive uppr\u00e4ttande av dagordning,<\/li>\n      <li>b) verkst\u00e4llighet av bolagsst\u00e4mmans beslut,<\/li>\n      <li>c) f\u00f6rvaltning av f\u00f6reningens tillg\u00e5ngar och uppr\u00e4ttande av \u00e5rsredovisning,<\/li>\n      <li>d) upptagande av nya medlemmar.<\/li>\n    <\/ul>\n\n    <h4>10 \u00a7 - Direktionens mandatperiod<\/h4>\n    <p>(1) Direktionsledam\u00f6terna v\u00e4ljs individuellt av f\u00f6reningsst\u00e4mman f\u00f6r en tid av tv\u00e5 \u00e5r. Endast medlemmar i f\u00f6reningen kan vara medlemmar i direktionen. Medlemskap i direktionen upph\u00f6r i och med medlemskap i f\u00f6reningen. Omval eller f\u00f6rtida entledigande av en ledamot genom bolagsst\u00e4mman \u00e4r till\u00e5tet. En ledamot kvarst\u00e5r i sitt uppdrag efter utg\u00e5ngen av den ordinarie mandatperioden till dess att en eftertr\u00e4dare har valts.<\/p>\n\n    <p>(2) Om en medlem l\u00e4mnar direktionen i f\u00f6rtid, har de kvarvarande direktionsmedlemmarna r\u00e4tt att v\u00e4lja en medlem av f\u00f6reningen till direktionen fram till dess att en eftertr\u00e4dare har valts av bolagsst\u00e4mman.<\/p>\n\n    <h4>11 \u00a7 - Direktionens samr\u00e5d och beslutsfattande<\/h4>\n    <p>(1) Styrelsen sammantr\u00e4der vid behov. Sammantr\u00e4dena sammankallas av ordf\u00f6randen eller, om han \u00e4r f\u00f6rhindrad att g\u00f6ra det, av hans st\u00e4llf\u00f6retr\u00e4dare. En kallelsetid om en vecka b\u00f6r iakttas. Direktionen \u00e4r beslutf\u00f6r om minst tv\u00e5 ledam\u00f6ter \u00e4r n\u00e4rvarande. Beslut fattas med en majoritet av de avgivna giltiga r\u00f6sterna. I h\u00e4ndelse av lika r\u00f6stetal har ordf\u00f6randen utslagsr\u00f6st.<\/p>\n\n    <p>(2) Styrelsens beslut skall protokollf\u00f6ras och undertecknas av ordf\u00f6randen och en annan styrelseledamot.<\/p>\n\n    <h4>12 \u00a7 - Bolagsst\u00e4mmans uppgifter<\/h4>\n    <ul>\n      <li>a) \u00c4ndring av bolagsordningen,<\/li>\n      <li>b) Fastst\u00e4llande av intr\u00e4desavgift och medlemsavgifter,<\/li>\n      <li>c) utn\u00e4mning av hedersmedlemmar och uteslutning av medlemmar ur f\u00f6reningen,<\/li>\n      <li>d) val och entledigande av ledam\u00f6ter i direktionen,<\/li>\n      <li>e) godk\u00e4nnande av \u00e5rsredovisningen och beviljande av ansvarsfrihet f\u00f6r styrelsen,<\/li>\n      <li>f) uppl\u00f6sning av f\u00f6reningen.<\/li>\n    <\/ul>\n\n    <h4>13 \u00a7 - Sammankallande av bolagsst\u00e4mma<\/h4>\n    <p>(1) Styrelsen skall minst en g\u00e5ng per \u00e5r, om m\u00f6jligt under f\u00f6rsta kvartalet, kalla till ordinarie bolagsst\u00e4mma. Kallelse till st\u00e4mman skall ske skriftligen med tv\u00e5 veckors varsel och med angivande av dagordning.<\/p>\n\n    <h4>14 \u00a7 - Bolagsst\u00e4mmans beslut<\/h4>\n    <p>(1) Bolagsst\u00e4mman leds av styrelsens ordf\u00f6rande eller, vid f\u00f6rfall f\u00f6r denne, av hans st\u00e4llf\u00f6retr\u00e4dare eller, vid f\u00f6rfall f\u00f6r denne, av en ordf\u00f6rande som bolagsst\u00e4mman v\u00e4ljer.<\/p>\n    <p>(2) F\u00f6reningsst\u00e4mman \u00e4r beslutsm\u00e4ssig om minst en tredjedel av alla f\u00f6reningsmedlemmar \u00e4r n\u00e4rvarande. Om st\u00e4mman inte \u00e4r beslutf\u00f6r \u00e4r styrelsen skyldig att inom fyra veckor kalla till en andra st\u00e4mma med samma dagordning. Denna \u00e4r beslutsm\u00e4ssig oavsett antalet n\u00e4rvarande medlemmar. Detta skall framg\u00e5 av kallelsen.<\/p>\n\n    <h4>\u00a7 15 - Uppl\u00f6sning av f\u00f6reningen, upph\u00f6rande av andra sk\u00e4l, upph\u00f6rande av skattegynnade \u00e4ndam\u00e5l<\/h4>\n    <p>(1) I h\u00e4ndelse av f\u00f6reningens uppl\u00f6sning \u00e4r styrelsens ordf\u00f6rande och hans st\u00e4llf\u00f6retr\u00e4dare gemensamt beh\u00f6riga likvidatorer, s\u00e5vida inte bolagsst\u00e4mman utser andra personer.<\/p>\n    <p>(2) I h\u00e4ndelse av uppl\u00f6sning eller annullering av f\u00f6retaget eller upph\u00f6rande av skattegynnade \u00e4ndam\u00e5l, ska f\u00f6retagets tillg\u00e5ngar \u00f6verf\u00f6ras till en offentligr\u00e4ttslig juridisk person eller ett annat skattegynnat f\u00f6retag i syfte att fr\u00e4mja utvecklingssamarbete.<\/p>\n    <p>(3) Ovanst\u00e5ende best\u00e4mmelser ska till\u00e4mpas p\u00e5 motsvarande s\u00e4tt om f\u00f6reningens r\u00e4ttshandlingsf\u00f6rm\u00e5ga har \u00e5terkallats.<\/p>\n  <\/div>\n<\/body>\n<\/html>\n\t\t\t\t\t\t\t\t<\/div>\n\t\t\t\t<\/div>\n\t\t\t\t\t<\/div>\n\t\t\t\t<\/div>\n\t\t\t\t<\/div>","protected":false},"excerpt":{"rendered":"<p>Stadgar f\u00f6r Nezir e.V. Stadgar f\u00f6r Nezir e.V. \u00a7 1 \u2013 F\u00f6reningens namn och s\u00e4te, r\u00e4kenskaps\u00e5r (1) F\u00f6reningen heter \u201eNezir\u201c. Den ska registreras i f\u00f6reningsregistret och b\u00e4r d\u00e4refter till\u00e4gget \u201ee.V.\u201d. (2) F\u00f6reningens s\u00e4te \u00e4r Dormagen. (3) R\u00e4kenskaps\u00e5ret \u00e4r kalender\u00e5ret. \u00a7 2 \u2013 Syfte [\u2026]<\/p>","protected":false},"author":1,"featured_media":0,"parent":4014,"menu_order":0,"comment_status":"closed","ping_status":"closed","template":"","meta":{"_acf_changed":false,"give_campaign_id":0,"footnotes":""},"class_list":["post-4012","page","type-page","status-publish","hentry"],"acf":[],"campaignId":"","_links":{"self":[{"href":"https:\/\/nezir-europe.org\/sv_se\/wp-json\/wp\/v2\/pages\/4012","targetHints":{"allow":["GET"]}}],"collection":[{"href":"https:\/\/nezir-europe.org\/sv_se\/wp-json\/wp\/v2\/pages"}],"about":[{"href":"https:\/\/nezir-europe.org\/sv_se\/wp-json\/wp\/v2\/types\/page"}],"author":[{"embeddable":true,"href":"https:\/\/nezir-europe.org\/sv_se\/wp-json\/wp\/v2\/users\/1"}],"replies":[{"embeddable":true,"href":"https:\/\/nezir-europe.org\/sv_se\/wp-json\/wp\/v2\/comments?post=4012"}],"version-history":[{"count":40,"href":"https:\/\/nezir-europe.org\/sv_se\/wp-json\/wp\/v2\/pages\/4012\/revisions"}],"predecessor-version":[{"id":9470,"href":"https:\/\/nezir-europe.org\/sv_se\/wp-json\/wp\/v2\/pages\/4012\/revisions\/9470"}],"up":[{"embeddable":true,"href":"https:\/\/nezir-europe.org\/sv_se\/wp-json\/wp\/v2\/pages\/4014"}],"wp:attachment":[{"href":"https:\/\/nezir-europe.org\/sv_se\/wp-json\/wp\/v2\/media?parent=4012"}],"curies":[{"name":"wp","href":"https:\/\/api.w.org\/{rel}","templated":true}]}}