{"id":14095,"date":"2025-09-27T07:56:53","date_gmt":"2025-09-27T07:56:53","guid":{"rendered":"https:\/\/nezir-europe.org\/?page_id=14095"},"modified":"2026-01-01T00:51:27","modified_gmt":"2026-01-01T00:51:27","slug":"our-projects","status":"publish","type":"page","link":"https:\/\/nezir-europe.org\/sv_se\/our-projects\/","title":{"rendered":"V\u00e5ra projekt"},"content":{"rendered":"<div data-elementor-type=\"wp-page\" data-elementor-id=\"14095\" class=\"elementor elementor-14095\" data-elementor-post-type=\"page\">\n\t\t\t\t<div class=\"elementor-element elementor-element-68feb80 e-flex e-con-boxed e-con e-parent\" data-id=\"68feb80\" data-element_type=\"container\">\n\t\t\t\t\t<div class=\"e-con-inner\">\n\t\t\t\t<div class=\"elementor-element elementor-element-84a5265 elementor-widget elementor-widget-heading\" data-id=\"84a5265\" data-element_type=\"widget\" data-widget_type=\"heading.default\">\n\t\t\t\t<div class=\"elementor-widget-container\">\n\t\t\t\t\t<h2 class=\"elementor-heading-title elementor-size-default\">V\u00e5ra projekt<\/h2>\t\t\t\t<\/div>\n\t\t\t\t<\/div>\n\t\t\t\t\t<\/div>\n\t\t\t\t<\/div>\n\t\t<div class=\"elementor-element elementor-element-9fa9fdf e-flex e-con-boxed e-con e-parent\" data-id=\"9fa9fdf\" data-element_type=\"container\">\n\t\t\t\t\t<div class=\"e-con-inner\">\n\t\t\t\t<div class=\"elementor-element elementor-element-b418a04 elementor-widget elementor-widget-text-editor\" data-id=\"b418a04\" data-element_type=\"widget\" data-widget_type=\"text-editor.default\">\n\t\t\t\t<div class=\"elementor-widget-container\">\n\t\t\t\t\t\t\t\t\t<p>P\u00e5 den h\u00e4r sidan hittar du en fullst\u00e4ndig och transparent \u00f6versikt \u00f6ver alla v\u00e5ra insatser. Vi dokumenterar varje aktivitet noggrant s\u00e5 att du alltid kan f\u00f6lja n\u00e4r, var och av vilken anledning vi varit i tj\u00e4nst. P\u00e5 s\u00e5 s\u00e4tt vill vi skapa st\u00f6rsta m\u00f6jliga \u00f6ppenhet och ge dig en \u00e4rlig inblick i v\u00e5rt arbete.<\/p>\t\t\t\t\t\t\t\t<\/div>\n\t\t\t\t<\/div>\n\t\t\t\t<div class=\"elementor-element elementor-element-d7de069 elementor-grid-3 elementor-grid-tablet-2 elementor-grid-mobile-1 elementor-widget elementor-widget-loop-grid\" data-id=\"d7de069\" data-element_type=\"widget\" data-settings=\"{&quot;template_id&quot;:&quot;14171&quot;,&quot;pagination_type&quot;:&quot;numbers_and_prev_next&quot;,&quot;_skin&quot;:&quot;post&quot;,&quot;columns&quot;:&quot;3&quot;,&quot;columns_tablet&quot;:&quot;2&quot;,&quot;columns_mobile&quot;:&quot;1&quot;,&quot;edit_handle_selector&quot;:&quot;[data-elementor-type=\\&quot;loop-item\\&quot;]&quot;,&quot;pagination_load_type&quot;:&quot;page_reload&quot;,&quot;row_gap&quot;:{&quot;unit&quot;:&quot;px&quot;,&quot;size&quot;:&quot;&quot;,&quot;sizes&quot;:[]},&quot;row_gap_tablet&quot;:{&quot;unit&quot;:&quot;px&quot;,&quot;size&quot;:&quot;&quot;,&quot;sizes&quot;:[]},&quot;row_gap_mobile&quot;:{&quot;unit&quot;:&quot;px&quot;,&quot;size&quot;:&quot;&quot;,&quot;sizes&quot;:[]}}\" data-widget_type=\"loop-grid.post\">\n\t\t\t\t<div class=\"elementor-widget-container\">\n\t\t\t\t\t\t\t<div class=\"elementor-loop-container elementor-grid\" role=\"list\">\n\t\t<style id=\"loop-dynamic-14171\">.e-loop-item-14300 .elementor-element.elementor-element-8b63229:not(.elementor-motion-effects-element-type-background), .e-loop-item-14300 .elementor-element.elementor-element-8b63229 > .elementor-motion-effects-container > .elementor-motion-effects-layer{background-image:url(\"https:\/\/nezir-europe.org\/wp-content\/uploads\/2024\/07\/DJI_0498-scaled.jpg\");}<\/style><style id=\"loop-14171\">.elementor-14171 .elementor-element.elementor-element-0d36594{--display:flex;--min-height:105px;--gap:18px 18px;--row-gap:18px;--column-gap:18px;--border-radius:11px 11px 11px 11px;}.elementor-14171 .elementor-element.elementor-element-0d36594:not(.elementor-motion-effects-element-type-background), .elementor-14171 .elementor-element.elementor-element-0d36594 > .elementor-motion-effects-container > .elementor-motion-effects-layer{background-color:var( --e-global-color-secondary );}.elementor-14171 .elementor-element.elementor-element-8b63229{--display:flex;--min-height:387px;--flex-direction:column-reverse;--container-widget-width:100%;--container-widget-height:initial;--container-widget-flex-grow:0;--container-widget-align-self:initial;--flex-wrap-mobile:wrap;--justify-content:center;--gap:10px 10px;--row-gap:10px;--column-gap:10px;--overlay-opacity:0;border-style:none;--border-style:none;--border-radius:11px 11px 11px 11px;--margin-top:0px;--margin-bottom:0px;--margin-left:0px;--margin-right:0px;--padding-top:0px;--padding-bottom:0px;--padding-left:0px;--padding-right:0px;}.elementor-14171 .elementor-element.elementor-element-8b63229::before, .elementor-14171 .elementor-element.elementor-element-8b63229 > .elementor-background-video-container::before, .elementor-14171 .elementor-element.elementor-element-8b63229 > .e-con-inner > .elementor-background-video-container::before, .elementor-14171 .elementor-element.elementor-element-8b63229 > .elementor-background-slideshow::before, .elementor-14171 .elementor-element.elementor-element-8b63229 > .e-con-inner > .elementor-background-slideshow::before, .elementor-14171 .elementor-element.elementor-element-8b63229 > .elementor-motion-effects-container > .elementor-motion-effects-layer::before{background-color:#FFFFFF;--background-overlay:'';}.elementor-14171 .elementor-element.elementor-element-8b63229:not(.elementor-motion-effects-element-type-background), .elementor-14171 .elementor-element.elementor-element-8b63229 > .elementor-motion-effects-container > .elementor-motion-effects-layer{background-repeat:no-repeat;background-size:contain;}.elementor-14171 .elementor-element.elementor-element-8b63229:hover::before, .elementor-14171 .elementor-element.elementor-element-8b63229:hover > .elementor-background-video-container::before, .elementor-14171 .elementor-element.elementor-element-8b63229:hover > .e-con-inner > .elementor-background-video-container::before, .elementor-14171 .elementor-element.elementor-element-8b63229 > .elementor-background-slideshow:hover::before, .elementor-14171 .elementor-element.elementor-element-8b63229 > .e-con-inner > .elementor-background-slideshow:hover::before{--background-overlay:'';}.elementor-14171 .elementor-element.elementor-element-8b63229:hover{--overlay-opacity:0;}.elementor-14171 .elementor-element.elementor-element-8b63229.e-con{--align-self:center;}.elementor-widget-text-editor{font-family:var( --e-global-typography-text-font-family ), Sans-serif;font-size:var( --e-global-typography-text-font-size );font-weight:var( --e-global-typography-text-font-weight );text-transform:var( --e-global-typography-text-text-transform );color:var( --e-global-color-text );}.elementor-widget-text-editor.elementor-drop-cap-view-stacked .elementor-drop-cap{background-color:var( --e-global-color-primary );}.elementor-widget-text-editor.elementor-drop-cap-view-framed .elementor-drop-cap, .elementor-widget-text-editor.elementor-drop-cap-view-default .elementor-drop-cap{color:var( --e-global-color-primary );border-color:var( --e-global-color-primary );}.elementor-14171 .elementor-element.elementor-element-c4e0e30{column-gap:0px;text-align:center;font-family:\"Montserrat\", Sans-serif;font-size:13px;font-weight:500;text-transform:none;color:#FFFFFF;}.elementor-widget-post-info .elementor-icon-list-item:not(:last-child):after{border-color:var( --e-global-color-text );}.elementor-widget-post-info .elementor-icon-list-icon i{color:var( --e-global-color-primary );}.elementor-widget-post-info .elementor-icon-list-icon svg{fill:var( --e-global-color-primary );}.elementor-widget-post-info .elementor-icon-list-text, .elementor-widget-post-info .elementor-icon-list-text a{color:var( --e-global-color-secondary );}.elementor-widget-post-info .elementor-icon-list-item{font-family:var( --e-global-typography-text-font-family ), Sans-serif;font-size:var( --e-global-typography-text-font-size );font-weight:var( --e-global-typography-text-font-weight );text-transform:var( --e-global-typography-text-text-transform );}.elementor-14171 .elementor-element.elementor-element-4a4f7be .elementor-icon-list-icon i{color:var( --e-global-color-text );font-size:14px;}.elementor-14171 .elementor-element.elementor-element-4a4f7be .elementor-icon-list-icon svg{fill:var( --e-global-color-text );--e-icon-list-icon-size:14px;}.elementor-14171 .elementor-element.elementor-element-4a4f7be .elementor-icon-list-icon{width:14px;}.elementor-14171 .elementor-element.elementor-element-4a4f7be .elementor-icon-list-text, .elementor-14171 .elementor-element.elementor-element-4a4f7be .elementor-icon-list-text a{color:var( --e-global-color-text );}.elementor-widget-button .elementor-button{background-color:var( --e-global-color-accent );font-family:var( --e-global-typography-accent-font-family ), Sans-serif;font-size:var( --e-global-typography-accent-font-size );font-weight:var( --e-global-typography-accent-font-weight );text-transform:var( --e-global-typography-accent-text-transform );}.elementor-14171 .elementor-element.elementor-element-8917655 .elementor-button{background-color:var( --e-global-color-accent );font-family:\"Montserrat\", Sans-serif;font-size:15px;font-weight:700;text-transform:uppercase;fill:var( --e-global-color-text );color:var( --e-global-color-text );border-radius:5px 5px 5px 5px;}.elementor-14171 .elementor-element.elementor-element-8917655.elementor-element{--order:99999 \/* order end hack *\/;}@media(min-width:768px){.elementor-14171 .elementor-element.elementor-element-0d36594{--width:84%;}}@media(max-width:1024px){.elementor-widget-text-editor{font-size:var( --e-global-typography-text-font-size );}.elementor-widget-post-info .elementor-icon-list-item{font-size:var( --e-global-typography-text-font-size );}.elementor-widget-button .elementor-button{font-size:var( --e-global-typography-accent-font-size );}}@media(max-width:767px){.elementor-widget-text-editor{font-size:var( --e-global-typography-text-font-size );}.elementor-widget-post-info .elementor-icon-list-item{font-size:var( --e-global-typography-text-font-size );}.elementor-widget-button .elementor-button{font-size:var( --e-global-typography-accent-font-size );}}<\/style>\t\t<div data-elementor-type=\"loop-item\" data-elementor-id=\"14171\" class=\"elementor elementor-14171 e-loop-item e-loop-item-14300 post-14300 post type-post status-publish format-standard has-post-thumbnail hentry category-our-projects\" data-elementor-post-type=\"elementor_library\" data-custom-edit-handle=\"1\">\n\t\t\t<div class=\"elementor-element elementor-element-0d36594 e-con-full e-flex e-con e-parent\" data-id=\"0d36594\" data-element_type=\"container\" data-settings=\"{&quot;background_background&quot;:&quot;classic&quot;}\">\n\t\t<div class=\"elementor-element elementor-element-8b63229 animated-slow e-con-full e-flex elementor-invisible e-con e-child\" data-id=\"8b63229\" data-element_type=\"container\" data-settings=\"{&quot;background_background&quot;:&quot;classic&quot;,&quot;animation&quot;:&quot;pulse&quot;}\">\n\t\t\t\t<\/div>\n\t\t\t\t<div class=\"elementor-element elementor-element-c4e0e30 elementor-widget elementor-widget-text-editor\" data-id=\"c4e0e30\" data-element_type=\"widget\" data-widget_type=\"text-editor.default\">\n\t\t\t\t<div class=\"elementor-widget-container\">\n\t\t\t\t\t\t\t\t\tWajib Qurban 2025 Nezir Europe genomf\u00f6rde Wajib Qurban-slaktningar i Turkiet och Tanzania. Varje...\t\t\t\t\t\t\t\t<\/div>\n\t\t\t\t<\/div>\n\t\t\t\t<div class=\"elementor-element elementor-element-4a4f7be elementor-align-center elementor-widget elementor-widget-post-info\" data-id=\"4a4f7be\" data-element_type=\"widget\" data-widget_type=\"post-info.default\">\n\t\t\t\t<div class=\"elementor-widget-container\">\n\t\t\t\t\t\t\t<ul class=\"elementor-inline-items elementor-icon-list-items elementor-post-info\">\n\t\t\t\t\t\t\t\t<li class=\"elementor-icon-list-item elementor-repeater-item-46734d2 elementor-inline-item\" itemprop=\"datePublished\">\n\t\t\t\t\t\t<a href=\"https:\/\/nezir-europe.org\/sv_se\/2025\/06\/01\/\">\n\t\t\t\t\t\t\t\t\t\t\t<span class=\"elementor-icon-list-icon\">\n\t\t\t\t\t\t\t\t<svg aria-hidden=\"true\" class=\"e-font-icon-svg e-fas-calendar\" viewbox=\"0 0 448 512\" xmlns=\"http:\/\/www.w3.org\/2000\/svg\"><path d=\"M12 192h424c6.6 0 12 5.4 12 12v260c0 26.5-21.5 48-48 48H48c-26.5 0-48-21.5-48-48V204c0-6.6 5.4-12 12-12zm436-44v-36c0-26.5-21.5-48-48-48h-48V12c0-6.6-5.4-12-12-12h-40c-6.6 0-12 5.4-12 12v52H160V12c0-6.6-5.4-12-12-12h-40c-6.6 0-12 5.4-12 12v52H48C21.5 64 0 85.5 0 112v36c0 6.6 5.4 12 12 12h424c6.6 0 12-5.4 12-12z\"><\/path><\/svg>\t\t\t\t\t\t\t<\/span>\n\t\t\t\t\t\t\t\t\t<span class=\"elementor-icon-list-text elementor-post-info__item elementor-post-info__item--type-date\">\n\t\t\t\t\t\t\t\t\t\t<time>01\/06\/2025<\/time>\t\t\t\t\t<\/span>\n\t\t\t\t\t\t\t\t\t<\/a>\n\t\t\t\t<\/li>\n\t\t\t\t<li class=\"elementor-icon-list-item elementor-repeater-item-9612f95 elementor-inline-item\">\n\t\t\t\t\t\t\t\t\t\t<span class=\"elementor-icon-list-icon\">\n\t\t\t\t\t\t\t\t<svg aria-hidden=\"true\" class=\"e-font-icon-svg e-fas-location-arrow\" viewbox=\"0 0 512 512\" xmlns=\"http:\/\/www.w3.org\/2000\/svg\"><path d=\"M444.52 3.52L28.74 195.42c-47.97 22.39-31.98 92.75 19.19 92.75h175.91v175.91c0 51.17 70.36 67.17 92.75 19.19l191.9-415.78c15.99-38.39-25.59-79.97-63.97-63.97z\"><\/path><\/svg>\t\t\t\t\t\t\t<\/span>\n\t\t\t\t\t\t\t\t\t<span class=\"elementor-icon-list-text elementor-post-info__item elementor-post-info__item--type-custom\">\n\t\t\t\t\t\t\t\t\t\tTanzania, T\u00fcrkiye\t\t\t\t\t<\/span>\n\t\t\t\t\t\t\t\t<\/li>\n\t\t\t\t<\/ul>\n\t\t\t\t\t\t<\/div>\n\t\t\t\t<\/div>\n\t\t\t\t<div class=\"elementor-element elementor-element-8917655 elementor-align-center elementor-widget elementor-widget-button\" data-id=\"8917655\" data-element_type=\"widget\" data-widget_type=\"button.default\">\n\t\t\t\t<div class=\"elementor-widget-container\">\n\t\t\t\t\t\t\t\t\t<div class=\"elementor-button-wrapper\">\n\t\t\t\t\t<a class=\"elementor-button elementor-button-link elementor-size-sm elementor-animation-shrink\" href=\"https:\/\/nezir-europe.org\/sv_se\/our-projects\/wajibqurban25\/\">\n\t\t\t\t\t\t<span class=\"elementor-button-content-wrapper\">\n\t\t\t\t\t\t\t\t\t<span class=\"elementor-button-text\">Visa detaljer<\/span>\n\t\t\t\t\t<\/span>\n\t\t\t\t\t<\/a>\n\t\t\t\t<\/div>\n\t\t\t\t\t\t\t\t<\/div>\n\t\t\t\t<\/div>\n\t\t\t\t<\/div>\n\t\t\t\t<\/div>\n\t\t<style id=\"loop-dynamic-14171\">.e-loop-item-14199 .elementor-element.elementor-element-8b63229:not(.elementor-motion-effects-element-type-background), .e-loop-item-14199 .elementor-element.elementor-element-8b63229 > .elementor-motion-effects-container > .elementor-motion-effects-layer{background-image:url(\"https:\/\/nezir-europe.org\/wp-content\/uploads\/2024\/02\/PHOTO-2025-04-17-15-45-266-scaled.jpg\");}<\/style>\t\t<div data-elementor-type=\"loop-item\" data-elementor-id=\"14171\" class=\"elementor elementor-14171 e-loop-item e-loop-item-14199 post-14199 post type-post status-publish format-standard has-post-thumbnail hentry category-our-projects\" data-elementor-post-type=\"elementor_library\" data-custom-edit-handle=\"1\">\n\t\t\t<div class=\"elementor-element elementor-element-0d36594 e-con-full e-flex e-con e-parent\" data-id=\"0d36594\" data-element_type=\"container\" data-settings=\"{&quot;background_background&quot;:&quot;classic&quot;}\">\n\t\t<div class=\"elementor-element elementor-element-8b63229 animated-slow e-con-full e-flex elementor-invisible e-con e-child\" data-id=\"8b63229\" data-element_type=\"container\" data-settings=\"{&quot;background_background&quot;:&quot;classic&quot;,&quot;animation&quot;:&quot;pulse&quot;}\">\n\t\t\t\t<\/div>\n\t\t\t\t<div class=\"elementor-element elementor-element-c4e0e30 elementor-widget elementor-widget-text-editor\" data-id=\"c4e0e30\" data-element_type=\"widget\" data-widget_type=\"text-editor.default\">\n\t\t\t\t<div class=\"elementor-widget-container\">\n\t\t\t\t\t\t\t\t\tLivsmedelsbist\u00e5nd till jordb\u00e4vningsdrabbade omr\u00e5den i Turkiet Nezir Europe har i \u00e5r i...\t\t\t\t\t\t\t\t<\/div>\n\t\t\t\t<\/div>\n\t\t\t\t<div class=\"elementor-element elementor-element-4a4f7be elementor-align-center elementor-widget elementor-widget-post-info\" data-id=\"4a4f7be\" data-element_type=\"widget\" data-widget_type=\"post-info.default\">\n\t\t\t\t<div class=\"elementor-widget-container\">\n\t\t\t\t\t\t\t<ul class=\"elementor-inline-items elementor-icon-list-items elementor-post-info\">\n\t\t\t\t\t\t\t\t<li class=\"elementor-icon-list-item elementor-repeater-item-46734d2 elementor-inline-item\" itemprop=\"datePublished\">\n\t\t\t\t\t\t<a href=\"https:\/\/nezir-europe.org\/sv_se\/2025\/03\/21\/\">\n\t\t\t\t\t\t\t\t\t\t\t<span class=\"elementor-icon-list-icon\">\n\t\t\t\t\t\t\t\t<svg aria-hidden=\"true\" class=\"e-font-icon-svg e-fas-calendar\" viewbox=\"0 0 448 512\" xmlns=\"http:\/\/www.w3.org\/2000\/svg\"><path d=\"M12 192h424c6.6 0 12 5.4 12 12v260c0 26.5-21.5 48-48 48H48c-26.5 0-48-21.5-48-48V204c0-6.6 5.4-12 12-12zm436-44v-36c0-26.5-21.5-48-48-48h-48V12c0-6.6-5.4-12-12-12h-40c-6.6 0-12 5.4-12 12v52H160V12c0-6.6-5.4-12-12-12h-40c-6.6 0-12 5.4-12 12v52H48C21.5 64 0 85.5 0 112v36c0 6.6 5.4 12 12 12h424c6.6 0 12-5.4 12-12z\"><\/path><\/svg>\t\t\t\t\t\t\t<\/span>\n\t\t\t\t\t\t\t\t\t<span class=\"elementor-icon-list-text elementor-post-info__item elementor-post-info__item--type-date\">\n\t\t\t\t\t\t\t\t\t\t<time>21\/03\/2025<\/time>\t\t\t\t\t<\/span>\n\t\t\t\t\t\t\t\t\t<\/a>\n\t\t\t\t<\/li>\n\t\t\t\t<li class=\"elementor-icon-list-item elementor-repeater-item-9612f95 elementor-inline-item\">\n\t\t\t\t\t\t\t\t\t\t<span class=\"elementor-icon-list-icon\">\n\t\t\t\t\t\t\t\t<svg aria-hidden=\"true\" class=\"e-font-icon-svg e-fas-location-arrow\" viewbox=\"0 0 512 512\" xmlns=\"http:\/\/www.w3.org\/2000\/svg\"><path d=\"M444.52 3.52L28.74 195.42c-47.97 22.39-31.98 92.75 19.19 92.75h175.91v175.91c0 51.17 70.36 67.17 92.75 19.19l191.9-415.78c15.99-38.39-25.59-79.97-63.97-63.97z\"><\/path><\/svg>\t\t\t\t\t\t\t<\/span>\n\t\t\t\t\t\t\t\t\t<span class=\"elementor-icon-list-text elementor-post-info__item elementor-post-info__item--type-custom\">\n\t\t\t\t\t\t\t\t\t\tT\u00fcrkiye\t\t\t\t\t<\/span>\n\t\t\t\t\t\t\t\t<\/li>\n\t\t\t\t<\/ul>\n\t\t\t\t\t\t<\/div>\n\t\t\t\t<\/div>\n\t\t\t\t<div class=\"elementor-element elementor-element-8917655 elementor-align-center elementor-widget elementor-widget-button\" data-id=\"8917655\" data-element_type=\"widget\" data-widget_type=\"button.default\">\n\t\t\t\t<div class=\"elementor-widget-container\">\n\t\t\t\t\t\t\t\t\t<div class=\"elementor-button-wrapper\">\n\t\t\t\t\t<a class=\"elementor-button elementor-button-link elementor-size-sm elementor-animation-shrink\" href=\"https:\/\/nezir-europe.org\/sv_se\/our-projects\/kumanya25\/\">\n\t\t\t\t\t\t<span class=\"elementor-button-content-wrapper\">\n\t\t\t\t\t\t\t\t\t<span class=\"elementor-button-text\">Visa detaljer<\/span>\n\t\t\t\t\t<\/span>\n\t\t\t\t\t<\/a>\n\t\t\t\t<\/div>\n\t\t\t\t\t\t\t\t<\/div>\n\t\t\t\t<\/div>\n\t\t\t\t<\/div>\n\t\t\t\t<\/div>\n\t\t\t\t<\/div>\n\t\t\n\t\t\t\t\t\t<\/div>\n\t\t\t\t<\/div>\n\t\t\t\t\t<\/div>\n\t\t\t\t<\/div>\n\t\t<div class=\"elementor-element elementor-element-9dfd8c0 e-flex e-con-boxed e-con e-parent\" data-id=\"9dfd8c0\" data-element_type=\"container\">\n\t\t\t\t\t<div class=\"e-con-inner\">\n\t\t\t\t<div class=\"elementor-element elementor-element-e324a38 elementor-widget elementor-widget-spacer\" data-id=\"e324a38\" data-element_type=\"widget\" data-widget_type=\"spacer.default\">\n\t\t\t\t<div class=\"elementor-widget-container\">\n\t\t\t\t\t\t\t<div class=\"elementor-spacer\">\n\t\t\t<div class=\"elementor-spacer-inner\"><\/div>\n\t\t<\/div>\n\t\t\t\t\t\t<\/div>\n\t\t\t\t<\/div>\n\t\t\t\t\t<\/div>\n\t\t\t\t<\/div>\n\t\t\t\t<\/div>","protected":false},"excerpt":{"rendered":"<p>Unsere Eins\u00e4tze Auf dieser Seite finden Sie eine vollst\u00e4ndige und transparente \u00dcbersicht \u00fcber all unsere Eins\u00e4tze. Wir dokumentieren jede Aktivit\u00e4t sorgf\u00e4ltig, damit Sie jederzeit nachvollziehen k\u00f6nnen, wann, wo und aus welchem Anlass wir im Einsatz waren. So m\u00f6chten wir gr\u00f6\u00dftm\u00f6gliche Offenheit schaffen und Ihnen einen ehrlichen Einblick in unsere Arbeit erm\u00f6glichen.<\/p>","protected":false},"author":3,"featured_media":0,"parent":0,"menu_order":0,"comment_status":"closed","ping_status":"closed","template":"","meta":{"_acf_changed":false,"give_campaign_id":0,"footnotes":""},"class_list":["post-14095","page","type-page","status-publish","hentry"],"acf":[],"campaignId":"","_links":{"self":[{"href":"https:\/\/nezir-europe.org\/sv_se\/wp-json\/wp\/v2\/pages\/14095","targetHints":{"allow":["GET"]}}],"collection":[{"href":"https:\/\/nezir-europe.org\/sv_se\/wp-json\/wp\/v2\/pages"}],"about":[{"href":"https:\/\/nezir-europe.org\/sv_se\/wp-json\/wp\/v2\/types\/page"}],"author":[{"embeddable":true,"href":"https:\/\/nezir-europe.org\/sv_se\/wp-json\/wp\/v2\/users\/3"}],"replies":[{"embeddable":true,"href":"https:\/\/nezir-europe.org\/sv_se\/wp-json\/wp\/v2\/comments?post=14095"}],"version-history":[{"count":64,"href":"https:\/\/nezir-europe.org\/sv_se\/wp-json\/wp\/v2\/pages\/14095\/revisions"}],"predecessor-version":[{"id":15839,"href":"https:\/\/nezir-europe.org\/sv_se\/wp-json\/wp\/v2\/pages\/14095\/revisions\/15839"}],"wp:attachment":[{"href":"https:\/\/nezir-europe.org\/sv_se\/wp-json\/wp\/v2\/media?parent=14095"}],"curies":[{"name":"wp","href":"https:\/\/api.w.org\/{rel}","templated":true}]}}