{"id":1334,"date":"2024-03-16T08:05:38","date_gmt":"2024-03-16T08:05:38","guid":{"rendered":"https:\/\/nezir-europe.org\/?page_id=1334"},"modified":"2025-10-21T18:34:22","modified_gmt":"2025-10-21T18:34:22","slug":"our-organisation","status":"publish","type":"page","link":"https:\/\/nezir-europe.org\/sv_se\/about-us\/our-organisation\/","title":{"rendered":"V\u00e5r organisation"},"content":{"rendered":"<div data-elementor-type=\"wp-page\" data-elementor-id=\"1334\" class=\"elementor elementor-1334\" data-elementor-post-type=\"page\">\n\t\t\t\t<div class=\"elementor-element elementor-element-47130cb5 e-con-full e-flex e-con e-parent\" data-id=\"47130cb5\" data-element_type=\"container\" data-settings=\"{&quot;background_background&quot;:&quot;gradient&quot;}\">\n\t\t<div class=\"elementor-element elementor-element-248ce279 e-flex e-con-boxed e-con e-child\" data-id=\"248ce279\" data-element_type=\"container\">\n\t\t\t\t\t<div class=\"e-con-inner\">\n\t\t\t\t<div class=\"elementor-element elementor-element-37f33845 elementor-widget__width-inherit elementor-widget-divider--view-line elementor-invisible elementor-widget elementor-widget-divider\" data-id=\"37f33845\" data-element_type=\"widget\" data-settings=\"{&quot;_animation&quot;:&quot;fadeInLeft&quot;}\" data-widget_type=\"divider.default\">\n\t\t\t\t<div class=\"elementor-widget-container\">\n\t\t\t\t\t\t\t<div class=\"elementor-divider\">\n\t\t\t<span class=\"elementor-divider-separator\">\n\t\t\t\t\t\t<\/span>\n\t\t<\/div>\n\t\t\t\t\t\t<\/div>\n\t\t\t\t<\/div>\n\t\t\t\t<div class=\"elementor-element elementor-element-648548d2 elementor-widget__width-initial elementor-widget-tablet__width-inherit elementor-widget elementor-widget-heading\" data-id=\"648548d2\" data-element_type=\"widget\" data-widget_type=\"heading.default\">\n\t\t\t\t<div class=\"elementor-widget-container\">\n\t\t\t\t\t<h2 class=\"elementor-heading-title elementor-size-default\">Nezir Europa<br>Hand av hopp<\/h2>\t\t\t\t<\/div>\n\t\t\t\t<\/div>\n\t\t\t\t\t<\/div>\n\t\t\t\t<\/div>\n\t\t<div class=\"elementor-element elementor-element-5d0513e2 e-flex e-con-boxed e-con e-child\" data-id=\"5d0513e2\" data-element_type=\"container\">\n\t\t\t\t\t<div class=\"e-con-inner\">\n\t\t\t\t<div class=\"elementor-element elementor-element-11948234 elementor-widget__width-initial elementor-widget-mobile__width-initial elementor-invisible elementor-widget elementor-widget-icon-box\" data-id=\"11948234\" data-element_type=\"widget\" data-settings=\"{&quot;_animation&quot;:&quot;fadeInUp&quot;}\" data-widget_type=\"icon-box.default\">\n\t\t\t\t<div class=\"elementor-widget-container\">\n\t\t\t\t\t\t\t<div class=\"elementor-icon-box-wrapper\">\n\n\t\t\t\n\t\t\t\t\t\t<div class=\"elementor-icon-box-content\">\n\n\t\t\t\t\t\t\t\t\t<h3 class=\"elementor-icon-box-title\">\n\t\t\t\t\t\t<span  >\n\t\t\t\t\t\t\tVilka \u00e4r vi?\t\t\t\t\t\t<\/span>\n\t\t\t\t\t<\/h3>\n\t\t\t\t\n\t\t\t\t\t\t\t\t\t<p class=\"elementor-icon-box-description\">\n\t\t\t\t\t\tNezir Europe Association \u00e4r en oberoende humanit\u00e4r hj\u00e4lporganisation med uppdrag att ge tillf\u00f6rlitlig och effektiv hj\u00e4lp till beh\u00f6vande m\u00e4nniskor runt om i v\u00e4rlden. Namnet \"Nezir\" betyder \"l\u00f6fte\", och sedan 2024 har vi \u00e5tagit oss att vara en \"hand av hopp\" till de beh\u00f6vande i v\u00e5rt samh\u00e4lle fr\u00e5n v\u00e5rt huvudkontor i Dormagen, Tyskland.\t\t\t\t\t<\/p>\n\t\t\t\t\n\t\t\t<\/div>\n\t\t\t\n\t\t<\/div>\n\t\t\t\t\t\t<\/div>\n\t\t\t\t<\/div>\n\t\t\t\t<div class=\"elementor-element elementor-element-424e73f9 elementor-invisible elementor-widget elementor-widget-icon-box\" data-id=\"424e73f9\" data-element_type=\"widget\" data-settings=\"{&quot;_animation&quot;:&quot;fadeInUp&quot;,&quot;_animation_delay&quot;:100}\" data-widget_type=\"icon-box.default\">\n\t\t\t\t<div class=\"elementor-widget-container\">\n\t\t\t\t\t\t\t<div class=\"elementor-icon-box-wrapper\">\n\n\t\t\t\n\t\t\t\t\t\t<div class=\"elementor-icon-box-content\">\n\n\t\t\t\t\t\t\t\t\t<h3 class=\"elementor-icon-box-title\">\n\t\t\t\t\t\t<span  >\n\t\t\t\t\t\t\tVad \u00e4r det vi g\u00f6r?\t\t\t\t\t\t<\/span>\n\t\t\t\t\t<\/h3>\n\t\t\t\t\n\t\t\t\t\t\t\t\t\t<p class=\"elementor-icon-box-description\">\n\t\t\t\t\t\tUtan \u00e5tskillnad av religion, spr\u00e5k, ras eller k\u00f6n ger f\u00f6reningen Nezir Europe din hj\u00e4lp till m\u00e4nniskor i n\u00f6d som drabbats av krig, naturkatastrofer och epidemier. Med de projekt som utvecklas och f\u00f6rverkligas ger f\u00f6reningen hopp till de beh\u00f6vande.\t\t\t\t\t<\/p>\n\t\t\t\t\n\t\t\t<\/div>\n\t\t\t\n\t\t<\/div>\n\t\t\t\t\t\t<\/div>\n\t\t\t\t<\/div>\n\t\t\t\t\t<\/div>\n\t\t\t\t<\/div>\n\t\t<div class=\"elementor-element elementor-element-23bc71a e-flex e-con-boxed e-con e-child\" data-id=\"23bc71a\" data-element_type=\"container\">\n\t\t\t\t\t<div class=\"e-con-inner\">\n\t\t\t\t<div class=\"elementor-element elementor-element-44323b7 elementor-invisible elementor-widget elementor-widget-icon-box\" data-id=\"44323b7\" data-element_type=\"widget\" data-settings=\"{&quot;_animation&quot;:&quot;fadeInUp&quot;,&quot;_animation_delay&quot;:100}\" data-widget_type=\"icon-box.default\">\n\t\t\t\t<div class=\"elementor-widget-container\">\n\t\t\t\t\t\t\t<div class=\"elementor-icon-box-wrapper\">\n\n\t\t\t\n\t\t\t\t\t\t<div class=\"elementor-icon-box-content\">\n\n\t\t\t\t\t\t\t\t\t<h3 class=\"elementor-icon-box-title\">\n\t\t\t\t\t\t<span  >\n\t\t\t\t\t\t\tV\u00e5r vision\t\t\t\t\t\t<\/span>\n\t\t\t\t\t<\/h3>\n\t\t\t\t\n\t\t\t\t\t\t\t\t\t<p class=\"elementor-icon-box-description\">\n\t\t\t\t\t\tMed samma passion och beslutsamhet som den f\u00f6rsta dagen av v\u00e5r existens arbetar vi alltid f\u00f6r att uppfylla behoven hos de beh\u00f6vande och lindra deras lidande. V\u00e5rt m\u00e5l \u00e4r att n\u00e5 ut till alla beh\u00f6vande i hela v\u00e4rlden och ge dem en hj\u00e4lpande hand p\u00e5 ett s\u00e4kert och effektivt s\u00e4tt.\t\t\t\t\t<\/p>\n\t\t\t\t\n\t\t\t<\/div>\n\t\t\t\n\t\t<\/div>\n\t\t\t\t\t\t<\/div>\n\t\t\t\t<\/div>\n\t\t\t\t<div class=\"elementor-element elementor-element-975f9ca elementor-widget__width-initial elementor-widget-mobile__width-initial elementor-invisible elementor-widget elementor-widget-icon-box\" data-id=\"975f9ca\" data-element_type=\"widget\" data-settings=\"{&quot;_animation&quot;:&quot;fadeInUp&quot;,&quot;_animation_delay&quot;:200}\" data-widget_type=\"icon-box.default\">\n\t\t\t\t<div class=\"elementor-widget-container\">\n\t\t\t\t\t\t\t<div class=\"elementor-icon-box-wrapper\">\n\n\t\t\t\n\t\t\t\t\t\t<div class=\"elementor-icon-box-content\">\n\n\t\t\t\t\t\t\t\t\t<h3 class=\"elementor-icon-box-title\">\n\t\t\t\t\t\t<span  >\n\t\t\t\t\t\t\tV\u00e5rt uppdrag\t\t\t\t\t\t<\/span>\n\t\t\t\t\t<\/h3>\n\t\t\t\t\n\t\t\t\t\t\t\t\t\t<p class=\"elementor-icon-box-description\">\n\t\t\t\t\t\tV\u00e5r organisation fungerar som en bro mellan v\u00e4lg\u00f6renhetsorganisationer i Europa och beh\u00f6vande, f\u00f6r\u00e4ldral\u00f6sa barn, migranter och missgynnade i olika delar av v\u00e4rlden. Med uppdraget att tillhandah\u00e5lla humanit\u00e4rt bist\u00e5nd som \"hoppets hand\" forts\u00e4tter vi v\u00e5rt arbete med att erbjuda st\u00f6d till beh\u00f6vande.\t\t\t\t\t<\/p>\n\t\t\t\t\n\t\t\t<\/div>\n\t\t\t\n\t\t<\/div>\n\t\t\t\t\t\t<\/div>\n\t\t\t\t<\/div>\n\t\t\t\t\t<\/div>\n\t\t\t\t<\/div>\n\t\t\t\t<\/div>\n\t\t\t\t<\/div>","protected":false},"excerpt":{"rendered":"<p>Nezir EuropeHand of Hope Wer sind wir? Der Nezir Europe Verein ist eine unabh\u00e4ngige humanit\u00e4re Hilfsorganisation, die es sich zur Mission gemacht hat, bed\u00fcrftigen Menschen auf der ganzen Welt zuverl\u00e4ssige und effektive Hilfe zu leisten. Der Name \u201cNezir\u201d bedeutet \u201cGel\u00fcbde\u201d, und seit 2024 setzen wir uns von unserem Hauptsitz in Dormagen, Deutschland, aus daf\u00fcr ein, [&hellip;]<\/p>","protected":false},"author":1,"featured_media":0,"parent":4014,"menu_order":0,"comment_status":"closed","ping_status":"closed","template":"","meta":{"_acf_changed":false,"give_campaign_id":0,"footnotes":""},"class_list":["post-1334","page","type-page","status-publish","hentry"],"acf":[],"campaignId":"","_links":{"self":[{"href":"https:\/\/nezir-europe.org\/sv_se\/wp-json\/wp\/v2\/pages\/1334","targetHints":{"allow":["GET"]}}],"collection":[{"href":"https:\/\/nezir-europe.org\/sv_se\/wp-json\/wp\/v2\/pages"}],"about":[{"href":"https:\/\/nezir-europe.org\/sv_se\/wp-json\/wp\/v2\/types\/page"}],"author":[{"embeddable":true,"href":"https:\/\/nezir-europe.org\/sv_se\/wp-json\/wp\/v2\/users\/1"}],"replies":[{"embeddable":true,"href":"https:\/\/nezir-europe.org\/sv_se\/wp-json\/wp\/v2\/comments?post=1334"}],"version-history":[{"count":328,"href":"https:\/\/nezir-europe.org\/sv_se\/wp-json\/wp\/v2\/pages\/1334\/revisions"}],"predecessor-version":[{"id":9448,"href":"https:\/\/nezir-europe.org\/sv_se\/wp-json\/wp\/v2\/pages\/1334\/revisions\/9448"}],"up":[{"embeddable":true,"href":"https:\/\/nezir-europe.org\/sv_se\/wp-json\/wp\/v2\/pages\/4014"}],"wp:attachment":[{"href":"https:\/\/nezir-europe.org\/sv_se\/wp-json\/wp\/v2\/media?parent=1334"}],"curies":[{"name":"wp","href":"https:\/\/api.w.org\/{rel}","templated":true}]}}