{"id":891,"date":"2024-03-03T21:28:17","date_gmt":"2024-03-03T21:28:17","guid":{"rendered":"https:\/\/nezir-europe.org\/?page_id=891"},"modified":"2025-10-21T18:17:24","modified_gmt":"2025-10-21T18:17:24","slug":"dataprotection","status":"publish","type":"page","link":"https:\/\/nezir-europe.org\/fr_fr\/dataprotection\/","title":{"rendered":"Protection des donn\u00e9es"},"content":{"rendered":"<div data-elementor-type=\"wp-page\" data-elementor-id=\"891\" class=\"elementor elementor-891\" data-elementor-post-type=\"page\">\n\t\t\t\t<div class=\"elementor-element elementor-element-ad3b7fd e-flex e-con-boxed e-con e-parent\" data-id=\"ad3b7fd\" data-element_type=\"container\">\n\t\t\t\t\t<div class=\"e-con-inner\">\n\t\t\t\t<div class=\"elementor-element elementor-element-3d08bd6 elementor-widget elementor-widget-text-editor\" data-id=\"3d08bd6\" data-element_type=\"widget\" data-widget_type=\"text-editor.default\">\n\t\t\t\t<div class=\"elementor-widget-container\">\n\t\t\t\t\t\t\t\t\t<h3>Analyse des donn\u00e9es<\/h3><h4>1. la protection des donn\u00e9es en un coup d'\u0153il<\/h4><h5>Remarques g\u00e9n\u00e9rales<\/h5><p>Les indications suivantes donnent un aper\u00e7u simple de ce qui se passe avec vos donn\u00e9es personnelles lorsque vous visitez ce site web. Les donn\u00e9es personnelles sont toutes les donn\u00e9es qui permettent de vous identifier personnellement. Vous trouverez des informations d\u00e9taill\u00e9es sur le th\u00e8me de la protection des donn\u00e9es dans notre d\u00e9claration de protection des donn\u00e9es figurant sous ce texte.<\/p><h5>Collecte de donn\u00e9es sur ce site web<\/h5><h5>Qui est responsable de la collecte des donn\u00e9es sur ce site ?<\/h5><p>Le traitement des donn\u00e9es sur ce site web est effectu\u00e9 par l'exploitant du site web. Vous trouverez les coordonn\u00e9es de ce dernier dans la section \u00ab Informations sur le responsable du traitement \u00bb de la pr\u00e9sente d\u00e9claration de protection des donn\u00e9es.<\/p><h5>Comment recueillons-nous vos donn\u00e9es ?<\/h5><p>Vos donn\u00e9es sont collect\u00e9es, d'une part, lorsque vous nous les communiquez. Il peut s'agir, par exemple, de donn\u00e9es que vous saisissez dans un formulaire de contact.<\/p><p>D'autres donn\u00e9es sont collect\u00e9es automatiquement ou apr\u00e8s votre accord par nos syst\u00e8mes informatiques lorsque vous visitez le site web. Il s'agit principalement de donn\u00e9es techniques (par exemple, le navigateur Internet, le syst\u00e8me d'exploitation ou l'heure de consultation de la page). La saisie de ces donn\u00e9es s'effectue automatiquement d\u00e8s que vous acc\u00e9dez \u00e0 ce site web.<\/p><h5>\u00c0 quelles fins utilisons-nous vos donn\u00e9es ?<\/h5><p>Une partie des donn\u00e9es est collect\u00e9e afin de garantir une mise \u00e0 disposition sans erreur du site web. D'autres donn\u00e9es peuvent \u00eatre utilis\u00e9es pour analyser votre comportement d'utilisateur.<\/p><h5>Quels sont vos droits concernant vos donn\u00e9es ?<\/h5><p>Vous avez \u00e0 tout moment le droit d'obtenir gratuitement des informations sur l'origine, le destinataire et la finalit\u00e9 de vos donn\u00e9es personnelles enregistr\u00e9es. Vous avez \u00e9galement le droit d'exiger la rectification ou la suppression de ces donn\u00e9es. Si vous avez donn\u00e9 votre consentement au traitement des donn\u00e9es, vous pouvez \u00e0 tout moment r\u00e9voquer ce consentement pour l'avenir. Vous avez \u00e9galement le droit de demander la limitation du traitement de vos donn\u00e9es personnelles dans certaines circonstances. En outre, vous disposez d'un droit de recours aupr\u00e8s de l'autorit\u00e9 de surveillance comp\u00e9tente.<\/p><p>Vous pouvez nous contacter \u00e0 tout moment \u00e0 ce sujet ou pour toute autre question relative \u00e0 la protection des donn\u00e9es.<\/p><h5>Outils d'analyse et outils de tiers<\/h5><p>Lors de la visite de ce site web, votre comportement de navigation peut \u00eatre \u00e9valu\u00e9 statistiquement. Cela se fait principalement \u00e0 l'aide de programmes dits d'analyse.<\/p><p>Vous trouverez des informations d\u00e9taill\u00e9es sur ces programmes d'analyse dans la d\u00e9claration de confidentialit\u00e9 suivante.<\/p><h4>2. l'h\u00e9bergement<\/h4><p>Nous h\u00e9bergeons le contenu de notre site web chez le fournisseur suivant :<\/p><h5>Strato<\/h5><p>Le fournisseur est Strato AG, Otto-Ostrowski-Stra\u00dfe 7, 10249 Berlin (ci-apr\u00e8s \u00ab Strato \u00bb). Lorsque vous visitez notre site web, Strato collecte diff\u00e9rents fichiers journaux, y compris vos adresses IP.<\/p><p>Pour plus d'informations, veuillez consulter la d\u00e9claration de confidentialit\u00e9 de Strato : <a href=\"https:\/\/www.strato.de\/datenschutz\/\" target=\"_blank\" rel=\"noopener noreferrer\">https:\/\/www.strato.de\/datenschutz\/<\/a>.<\/p><p>L'utilisation de Strato est bas\u00e9e sur l'article 6, paragraphe 1, point f du RGPD. Nous avons un int\u00e9r\u00eat l\u00e9gitime \u00e0 ce que notre site web soit pr\u00e9sent\u00e9 de la mani\u00e8re la plus fiable possible. Dans la mesure o\u00f9 un consentement correspondant a \u00e9t\u00e9 demand\u00e9, le traitement s'effectue exclusivement sur la base de l'article 6, paragraphe 1, point a), du RGPD et de l'article 25, paragraphe 1, de la loi TTDSG, dans la mesure o\u00f9 le consentement inclut le stockage de cookies ou l'acc\u00e8s \u00e0 des informations dans le terminal de l'utilisateur (par ex. Device-Fingerprinting) au sens de la loi TTDSG. Le consentement est r\u00e9vocable \u00e0 tout moment.<\/p><h4>3. indications g\u00e9n\u00e9rales et informations obligatoires<\/h4><h5>Protection des donn\u00e9es<\/h5><p>Les exploitants de ces pages prennent la protection de vos donn\u00e9es personnelles tr\u00e8s au s\u00e9rieux. Nous traitons vos donn\u00e9es personnelles de mani\u00e8re confidentielle et conform\u00e9ment aux dispositions l\u00e9gales en mati\u00e8re de protection des donn\u00e9es ainsi qu'\u00e0 la pr\u00e9sente d\u00e9claration de protection des donn\u00e9es.<\/p><p>Lorsque vous utilisez ce site web, diverses donn\u00e9es personnelles sont collect\u00e9es. Les donn\u00e9es personnelles sont des donn\u00e9es qui permettent de vous identifier personnellement. La pr\u00e9sente d\u00e9claration de confidentialit\u00e9 explique quelles donn\u00e9es nous collectons et \u00e0 quelles fins nous les utilisons. Elle explique \u00e9galement comment et dans quel but nous le faisons.<\/p><p>Nous attirons votre attention sur le fait que la transmission de donn\u00e9es sur Internet (par ex. lors de la communication par e-mail) peut pr\u00e9senter des failles de s\u00e9curit\u00e9. Une protection compl\u00e8te des donn\u00e9es contre l'acc\u00e8s par des tiers n'est pas possible.<\/p><h5>Remarque sur le service responsable<\/h5><p>Le responsable du traitement des donn\u00e9es sur ce site est :<\/p><p>Nezir e.V.<br \/>Bunsenstra\u00dfe 7-11<br \/>41540 Dormagen<\/p><p>Courrier \u00e9lectronique : info@nezir-europe.org<\/p><p>Le responsable du traitement est la personne physique ou morale qui, seule ou conjointement avec d'autres, d\u00e9termine les finalit\u00e9s et les moyens du traitement des donn\u00e9es \u00e0 caract\u00e8re personnel (par exemple, les noms, les adresses \u00e9lectroniques ou autres).<\/p><h5>Dur\u00e9e de stockage<\/h5><p>Dans la mesure o\u00f9 aucune dur\u00e9e de stockage sp\u00e9cifique n'a \u00e9t\u00e9 mentionn\u00e9e dans la pr\u00e9sente d\u00e9claration de protection des donn\u00e9es, vos donn\u00e9es \u00e0 caract\u00e8re personnel restent chez nous jusqu'\u00e0 ce que la finalit\u00e9 du traitement des donn\u00e9es n'ait plus lieu d'\u00eatre. Si vous faites valoir une demande l\u00e9gitime d'effacement ou si vous r\u00e9voquez votre consentement au traitement des donn\u00e9es, vos donn\u00e9es seront effac\u00e9es, \u00e0 moins que nous n'ayons d'autres raisons l\u00e9galement valables de conserver vos donn\u00e9es personnelles (par exemple, des d\u00e9lais de conservation en vertu du droit fiscal ou commercial) ; dans ce dernier cas, l'effacement aura lieu apr\u00e8s la disparition de ces raisons.<\/p><h5>Informations g\u00e9n\u00e9rales sur les bases juridiques du traitement des donn\u00e9es sur ce site web<\/h5><p>Si vous avez donn\u00e9 votre consentement au traitement des donn\u00e9es, nous traitons vos donn\u00e9es personnelles sur la base de l'article 6, paragraphe 1, point a) du RGPD ou de l'article 9, paragraphe 2, point a) du RGPD, dans la mesure o\u00f9 des cat\u00e9gories particuli\u00e8res de donn\u00e9es sont trait\u00e9es conform\u00e9ment \u00e0 l'article 9, paragraphe 1 du RGPD. En cas de consentement explicite au transfert de donn\u00e9es \u00e0 caract\u00e8re personnel vers des pays tiers, le traitement des donn\u00e9es s'effectue en outre sur la base de l'article 49, paragraphe 1, point a) du RGPD. Si vous avez consenti \u00e0 l'enregistrement de cookies ou \u00e0 l'acc\u00e8s \u00e0 des informations dans votre terminal (par exemple via l'empreinte digitale de l'appareil), le traitement des donn\u00e9es s'effectue en outre sur la base de l'article 25, paragraphe 1, de la TTDSG. Ce consentement est r\u00e9vocable \u00e0 tout moment. Si vos donn\u00e9es sont n\u00e9cessaires \u00e0 l'ex\u00e9cution d'un contrat ou \u00e0 la mise en \u0153uvre de mesures pr\u00e9contractuelles, nous traitons vos donn\u00e9es sur la base de l'article 6, paragraphe 1, point b), du RGPD. En outre, nous traitons vos donn\u00e9es si elles sont n\u00e9cessaires pour remplir une obligation l\u00e9gale sur la base de l'article 6, paragraphe 1, point c) du RGPD. Le traitement des donn\u00e9es peut \u00e9galement \u00eatre effectu\u00e9 sur la base de notre int\u00e9r\u00eat l\u00e9gitime conform\u00e9ment \u00e0 l'article 6, paragraphe 1, point f), du RGPD. Les paragraphes suivants de la pr\u00e9sente d\u00e9claration de protection des donn\u00e9es informent sur les bases juridiques applicables dans chaque cas.<\/p><h5>Destinataires des donn\u00e9es \u00e0 caract\u00e8re personnel<\/h5><p>Dans le cadre de nos activit\u00e9s commerciales, nous collaborons avec diff\u00e9rents services externes. Dans ce cadre, il est parfois n\u00e9cessaire de transmettre des donn\u00e9es \u00e0 caract\u00e8re personnel \u00e0 ces organismes externes. Nous ne transmettons des donn\u00e9es \u00e0 caract\u00e8re personnel \u00e0 des organismes externes que si cela est n\u00e9cessaire dans le cadre de l'ex\u00e9cution d'un contrat, si nous y sommes contraints par la loi (par ex. transmission de donn\u00e9es aux autorit\u00e9s fiscales), si nous avons un int\u00e9r\u00eat l\u00e9gitime \u00e0 la transmission conform\u00e9ment \u00e0 l'article 6, paragraphe 1, point f), du RGPD ou si une autre base juridique permet la transmission des donn\u00e9es. En cas de recours \u00e0 des sous-traitants, nous ne transmettons les donn\u00e9es \u00e0 caract\u00e8re personnel de nos clients que sur la base d'un contrat de traitement des commandes valable. En cas de traitement conjoint, un contrat de traitement conjoint est conclu.<\/p><h5>R\u00e9vocation de votre consentement au traitement des donn\u00e9es<\/h5><p>De nombreuses op\u00e9rations de traitement des donn\u00e9es ne sont possibles qu'avec votre consentement explicite. Vous pouvez r\u00e9voquer \u00e0 tout moment un consentement d\u00e9j\u00e0 donn\u00e9. La l\u00e9galit\u00e9 du traitement des donn\u00e9es effectu\u00e9 jusqu'\u00e0 la r\u00e9vocation n'est pas affect\u00e9e par la r\u00e9vocation.<\/p><h5>Droit d'opposition \u00e0 la collecte de donn\u00e9es dans des cas particuliers ainsi qu'\u00e0 la publicit\u00e9 directe (art. 21 RGPD)<\/h5><p>Si le traitement des donn\u00e9es est effectu\u00e9 sur la base de l'article 6, paragraphe 1, point e ou f du RGPD, vous avez le droit de vous opposer \u00e0 tout moment, pour des raisons tenant \u00e0 votre situation particuli\u00e8re, au traitement de vos donn\u00e9es personnelles ; cela vaut \u00e9galement pour le profilage fond\u00e9 sur ces dispositions. Vous trouverez dans la pr\u00e9sente d\u00e9claration de protection des donn\u00e9es la base juridique respective sur laquelle repose un traitement. Si vous vous y opposez, nous ne traiterons plus vos donn\u00e9es \u00e0 caract\u00e8re personnel concern\u00e9es, \u00e0 moins que nous puissions d\u00e9montrer qu'il existe des motifs l\u00e9gitimes et imp\u00e9rieux pour le traitement qui pr\u00e9valent sur vos int\u00e9r\u00eats, droits et libert\u00e9s, ou que le traitement sert \u00e0 faire valoir, exercer ou d\u00e9fendre des droits en justice (opposition conform\u00e9ment \u00e0 l'article 21, paragraphe 1, du RGPD).<\/p><p>Si vos donn\u00e9es personnelles sont trait\u00e9es \u00e0 des fins de publicit\u00e9 directe, vous avez le droit de vous opposer \u00e0 tout moment au traitement des donn\u00e9es personnelles vous concernant \u00e0 de telles fins de publicit\u00e9 ; cela s'applique \u00e9galement au profilage dans la mesure o\u00f9 il est li\u00e9 \u00e0 une telle publicit\u00e9 directe. Si vous vous y opposez, vos donn\u00e9es personnelles ne seront ensuite plus utilis\u00e9es \u00e0 des fins de publicit\u00e9 directe (opposition conform\u00e9ment \u00e0 l'article 21, paragraphe 2, du RGPD).<\/p><h5>Droit de recours aupr\u00e8s de l'autorit\u00e9 de contr\u00f4le comp\u00e9tente<\/h5><p>En cas de violation du RGPD, les personnes concern\u00e9es disposent d'un droit de recours aupr\u00e8s d'une autorit\u00e9 de contr\u00f4le, en particulier dans l'\u00c9tat membre de leur r\u00e9sidence habituelle, de leur lieu de travail ou du lieu de l'infraction pr\u00e9sum\u00e9e. Le droit de recours existe sans pr\u00e9judice de tout autre recours administratif ou judiciaire.<\/p><h5>Droit \u00e0 la portabilit\u00e9 des donn\u00e9es<\/h5><p>Vous avez le droit de demander que les donn\u00e9es que nous traitons de mani\u00e8re automatis\u00e9e sur la base de votre consentement ou dans le cadre de l'ex\u00e9cution d'un contrat soient transmises \u00e0 vous-m\u00eame ou \u00e0 un tiers dans un format couramment utilis\u00e9 et lisible par machine. Si vous demandez le transfert direct des donn\u00e9es \u00e0 un autre responsable, cela n'a lieu que dans la mesure o\u00f9 cela est techniquement possible.<\/p><h5>Acc\u00e8s, rectification et suppression<\/h5><p>Vous avez \u00e0 tout moment, dans le cadre des dispositions l\u00e9gales en vigueur, le droit d'obtenir gratuitement des informations sur vos donn\u00e9es personnelles stock\u00e9es, leur origine, leur destinataire et le but du traitement des donn\u00e9es et, le cas \u00e9ch\u00e9ant, un droit de rectification ou de suppression de ces donn\u00e9es. Vous pouvez nous contacter \u00e0 tout moment pour toute question relative aux donn\u00e9es personnelles.<\/p><h5>Droit \u00e0 la limitation du traitement<\/h5><p>Vous avez le droit de demander la limitation du traitement de vos donn\u00e9es personnelles. Pour ce faire, vous pouvez nous contacter \u00e0 tout moment. Le droit \u00e0 la limitation du traitement existe dans les cas suivants :<\/p><ul><li>Si vous contestez l'exactitude de vos donn\u00e9es personnelles stock\u00e9es chez nous, nous avons g\u00e9n\u00e9ralement besoin de temps pour le v\u00e9rifier. Pendant la dur\u00e9e de la v\u00e9rification, vous avez le droit de demander la limitation du traitement de vos donn\u00e9es personnelles.<\/li><li>Si le traitement de vos donn\u00e9es personnelles a eu lieu\/est effectu\u00e9 ill\u00e9galement, vous pouvez demander la limitation du traitement des donn\u00e9es au lieu de leur suppression.<\/li><li>Si nous n\u2019avons plus besoin de vos donn\u00e9es personnelles mais que vous en avez besoin pour exercer, d\u00e9fendre ou faire valoir des droits en justice, vous avez le droit de demander la limitation du traitement de vos donn\u00e9es personnelles au lieu de leur suppression.<\/li><li>Si vous avez introduit une opposition en vertu de l'article 21, paragraphe 1, du RGPD, une mise en balance entre vos int\u00e9r\u00eats et les n\u00f4tres doit \u00eatre effectu\u00e9e. Tant qu'il n'est pas encore \u00e9tabli quels int\u00e9r\u00eats pr\u00e9valent, vous avez le droit de demander la limitation du traitement de vos donn\u00e9es personnelles.<\/li><\/ul><p>Lorsque vous avez limit\u00e9 le traitement de vos donn\u00e9es personnelles, ces donn\u00e9es ne peuvent \u00eatre trait\u00e9es \u2013 \u00e0 l\u2019exception de leur stockage \u2013 qu\u2019avec votre consentement ou pour la constatation, l\u2019exercice ou la d\u00e9fense de droits en justice, ou pour la protection des droits d\u2019une autre personne physique ou morale ou pour des raisons d\u2019int\u00e9r\u00eat public important de l\u2019Union europ\u00e9enne ou d\u2019un \u00c9tat membre.<\/p><h4>4. Collecte de donn\u00e9es sur ce site Web<\/h4><h5>Cookies<\/h5><p>Nos sites Internet utilisent ce que l'on appelle des \u00ab cookies \u00bb. Les cookies sont de petits paquets de donn\u00e9es qui ne causent aucun dommage \u00e0 votre terminal. Ils sont stock\u00e9s soit temporairement pour la dur\u00e9e d'une session (cookies de session) soit d\u00e9finitivement (cookies permanents). Les cookies de session sont automatiquement supprim\u00e9s \u00e0 la fin de votre visite. Les cookies permanents restent stock\u00e9s sur votre terminal jusqu'\u00e0 ce que vous les supprimiez vous-m\u00eame ou que votre navigateur Internet les efface automatiquement.<\/p><p>Les cookies peuvent provenir de nous (cookies first-party) ou d'entreprises tierces (dits cookies third-party). Les cookies tiers permettent l'int\u00e9gration de certains services tiers dans les sites Web (par exemple, les cookies pour le traitement des services de paiement).<\/p><p>Les cookies ont diff\u00e9rentes fonctions. De nombreux cookies sont techniquement n\u00e9cessaires, car certaines fonctions du site Web ne fonctionneraient pas sans eux (par exemple, la fonction panier ou l'affichage de vid\u00e9os). D'autres cookies peuvent \u00eatre utilis\u00e9s pour analyser le comportement de l'utilisateur ou \u00e0 des fins publicitaires.<\/p><p>Les cookies n\u00e9cessaires \u00e0 l'ex\u00e9cution du processus de communication \u00e9lectronique, \u00e0 la mise \u00e0 disposition de certaines fonctions que vous souhaitez (par exemple, la fonction panier) ou \u00e0 l'optimisation du site Web (par exemple, les cookies de mesure de l'audience Web) (cookies n\u00e9cessaires) sont stock\u00e9s sur la base de l'article 6, paragraphe 1, point f) du RGPD, sauf indication contraire. L'exploitant du site Web a un int\u00e9r\u00eat l\u00e9gitime \u00e0 stocker les cookies n\u00e9cessaires \u00e0 la fourniture techniquement sans erreur et optimis\u00e9e de ses services. Dans la mesure o\u00f9 un consentement au stockage de cookies et de technologies de reconnaissance similaires a \u00e9t\u00e9 demand\u00e9, le traitement est effectu\u00e9 exclusivement sur la base de ce consentement (article 6, paragraphe 1, lettre a du RGPD et \u00a7 25, paragraphe 1, TTDSG) et le consentement est r\u00e9vocable \u00e0 tout moment.<\/p><p>Vous pouvez configurer votre navigateur de mani\u00e8re \u00e0 \u00eatre inform\u00e9 de l'installation de cookies et \u00e0 n'autoriser les cookies qu'au cas par cas, \u00e0 exclure l'acceptation de cookies dans certains cas ou de mani\u00e8re g\u00e9n\u00e9rale et \u00e0 activer la suppression automatique des cookies lorsque vous fermez le navigateur. La d\u00e9sactivation des cookies peut limiter les fonctionnalit\u00e9s de ce site Web.<\/p><p>Les cookies et services utilis\u00e9s sur ce site Web peuvent \u00eatre consult\u00e9s dans la pr\u00e9sente politique de confidentialit\u00e9.<\/p><h4 class=\"p1\">5. Utilisation de Google Web Fonts<\/h4><p class=\"p1\">Notre site Web utilise des polices Web fournies par Google pour une pr\u00e9sentation uniforme et attrayante. Lorsque vous consultez une page, votre navigateur charge les polices Web requises directement \u00e0 partir des serveurs de Google, votre adresse IP pouvant \u00eatre transmise \u00e0 Google aux \u00c9tats-Unis. Cette transmission a lieu sur la base de notre int\u00e9r\u00eat l\u00e9gitime conform\u00e9ment \u00e0 l'article 6, paragraphe 1, point f) du RGPD, afin d'assurer une pr\u00e9sentation uniforme et attractive de nos offres en ligne.<\/p><p class=\"p1\">Cette fonction ne peut pas \u00eatre d\u00e9sactiv\u00e9e car elle est n\u00e9cessaire \u00e0 la bonne pr\u00e9sentation du site.<\/p><p class=\"p1 translation-block\">Vous trouverez de plus amples informations sur Google Web Fonts sur <a>https:\/\/developers.google.com\/fonts\/faq fonts\/faq et dans la d\u00e9claration de confidentialit\u00e9 de Google : <a href=\"\/fr_fr\/\u00ab\/\" target=\"_____self\">https:\/\/www.google.com\/policies\/privacy\/ .com\/policies\/privacit\u00e9\/.<\/p>\t\t\t\t\t\t\t\t<\/div>\n\t\t\t\t<\/div>\n\t\t\t\t\t<\/div>\n\t\t\t\t<\/div>\n\t\t\t\t<\/div>","protected":false},"excerpt":{"rendered":"<p>Datenschutz\u00aderkl\u00e4rung 1. Datenschutz auf einen Blick Allgemeine Hinweise Die folgenden Hinweise geben einen einfachen \u00dcberblick dar\u00fcber, was mit Ihren personenbezogenen Daten passiert, wenn Sie diese Website besuchen. Personenbezogene Daten sind alle Daten, mit denen Sie pers\u00f6nlich identifiziert werden k\u00f6nnen. Ausf\u00fchrliche Informationen zum Thema Datenschutz entnehmen Sie unserer unter diesem Text aufgef\u00fchrten Datenschutzerkl\u00e4rung. Datenerfassung auf dieser [&hellip;]<\/p>","protected":false},"author":1,"featured_media":0,"parent":0,"menu_order":0,"comment_status":"closed","ping_status":"closed","template":"","meta":{"_acf_changed":false,"give_campaign_id":0,"footnotes":""},"class_list":["post-891","page","type-page","status-publish","hentry"],"acf":[],"campaignId":"","_links":{"self":[{"href":"https:\/\/nezir-europe.org\/fr_fr\/wp-json\/wp\/v2\/pages\/891","targetHints":{"allow":["GET"]}}],"collection":[{"href":"https:\/\/nezir-europe.org\/fr_fr\/wp-json\/wp\/v2\/pages"}],"about":[{"href":"https:\/\/nezir-europe.org\/fr_fr\/wp-json\/wp\/v2\/types\/page"}],"author":[{"embeddable":true,"href":"https:\/\/nezir-europe.org\/fr_fr\/wp-json\/wp\/v2\/users\/1"}],"replies":[{"embeddable":true,"href":"https:\/\/nezir-europe.org\/fr_fr\/wp-json\/wp\/v2\/comments?post=891"}],"version-history":[{"count":40,"href":"https:\/\/nezir-europe.org\/fr_fr\/wp-json\/wp\/v2\/pages\/891\/revisions"}],"predecessor-version":[{"id":9444,"href":"https:\/\/nezir-europe.org\/fr_fr\/wp-json\/wp\/v2\/pages\/891\/revisions\/9444"}],"wp:attachment":[{"href":"https:\/\/nezir-europe.org\/fr_fr\/wp-json\/wp\/v2\/media?parent=891"}],"curies":[{"name":"wp","href":"https:\/\/api.w.org\/{rel}","templated":true}]}}