{"id":883,"date":"2024-03-03T21:14:52","date_gmt":"2024-03-03T21:14:52","guid":{"rendered":"https:\/\/nezir-europe.org\/?page_id=883"},"modified":"2025-10-21T18:24:06","modified_gmt":"2025-10-21T18:24:06","slug":"imprint","status":"publish","type":"page","link":"https:\/\/nezir-europe.org\/fr_fr\/imprint\/","title":{"rendered":"Mentions l\u00e9gales"},"content":{"rendered":"<div data-elementor-type=\"wp-page\" data-elementor-id=\"883\" class=\"elementor elementor-883\" data-elementor-post-type=\"page\">\n\t\t\t\t<div class=\"elementor-element elementor-element-30ae5f0 e-flex e-con-boxed e-con e-parent\" data-id=\"30ae5f0\" data-element_type=\"container\">\n\t\t\t\t\t<div class=\"e-con-inner\">\n\t\t\t\t<div class=\"elementor-element elementor-element-a262240 elementor-widget elementor-widget-text-editor\" data-id=\"a262240\" data-element_type=\"widget\" data-widget_type=\"text-editor.default\">\n\t\t\t\t<div class=\"elementor-widget-container\">\n\t\t\t\t\t\t\t\t\t<h3>Mentions l\u00e9gales<\/h3><p>Nezir e.V.<br \/>Bunsenstra\u00dfe 7-11<br \/>41540 Dormagen<\/p><p>Registre des associations : VR 3181<br \/>Tribunal d'enregistrement : Tribunal d'instance de Neuss<br \/>Num\u00e9ro d'identification fiscale : 114\/5875\/0037<\/p><p><strong>Repr\u00e9sent\u00e9 par :<\/strong><br \/>Ahmed Mardan<br \/>Abdullah \u00d6zel<\/p><h4>Contact<\/h4><p>Courrier \u00e9lectronique : info@nezir-europe.org<br \/><a href=\"https:\/\/nezir-europe.org\/fr_fr\/kontakt\/\">Formulaire de contact<\/a><\/p><h4>R\u00e8glement des litiges<\/h4><p>Nous ne sommes pas dispos\u00e9s ou oblig\u00e9s de participer \u00e0 des proc\u00e9dures de r\u00e8glement des litiges devant une instance de m\u00e9diation.<br \/>\u00e0 un organisme de conciliation des consommateurs.<\/p><h3 class=\"text-primary\">Clause de non-responsabilit\u00e9 :<\/h3><p><strong>Responsabilit\u00e9 du contenu<\/strong><\/p><p>Le contenu de nos pages a \u00e9t\u00e9 \u00e9labor\u00e9 avec le plus grand soin. Nous ne pouvons toutefois pas garantir l'exactitude, l'exhaustivit\u00e9 et l'actualit\u00e9 des contenus. En tant que prestataire de services, nous sommes responsables, conform\u00e9ment au \u00a7 7 alin\u00e9a 1 de la loi allemande sur les t\u00e9l\u00e9m\u00e9dias (TMG), de nos propres contenus sur ces pages selon les lois g\u00e9n\u00e9rales. Selon les \u00a7\u00a7 8 \u00e0 10 de la TMG, nous ne sommes toutefois pas tenus, en tant que prestataire de services, de surveiller les informations externes transmises ou enregistr\u00e9es ou de rechercher les circonstances qui indiquent une activit\u00e9 ill\u00e9gale. Les obligations de supprimer ou de bloquer l'utilisation d'informations conform\u00e9ment aux lois g\u00e9n\u00e9rales ne sont pas affect\u00e9es par cette disposition. Une responsabilit\u00e9 \u00e0 cet \u00e9gard n'est toutefois possible qu'\u00e0 partir du moment o\u00f9 une violation concr\u00e8te de la loi est connue. D\u00e8s la prise de connaissance d'une telle violation, nous supprimerons imm\u00e9diatement les contenus concern\u00e9s.<\/p><p><strong>Responsabilit\u00e9 pour les liens\u00a0<\/strong><\/p><p>Notre offre contient des liens vers des sites web externes de tiers, sur le contenu desquels nous n'avons aucune influence. C'est pourquoi nous ne pouvons pas non plus nous porter garants de ces contenus externes. Le fournisseur ou l'exploitant des pages li\u00e9es est toujours responsable des contenus de ces pages. Les pages li\u00e9es ont \u00e9t\u00e9 contr\u00f4l\u00e9es au moment de la cr\u00e9ation du lien afin de v\u00e9rifier qu'elles ne pr\u00e9sentaient pas d'infraction \u00e0 la loi. Aucun contenu ill\u00e9gal n'a \u00e9t\u00e9 identifi\u00e9 au moment de la cr\u00e9ation du lien. Un contr\u00f4le permanent du contenu des pages li\u00e9es n'est cependant pas exigible sans indices concrets d'une violation de la loi. Si nous prenons connaissance d'une violation de la loi, nous supprimerons imm\u00e9diatement les liens concern\u00e9s.<\/p><p class=\"text-primary\"><strong>Droit d'auteur\u00a0<\/strong><\/p><p>Les contenus et les \u0153uvres cr\u00e9\u00e9s par les exploitants de ces pages sont soumis au droit d'auteur allemand. La reproduction, le traitement, la diffusion et toute forme d'exploitation en dehors des limites du droit d'auteur requi\u00e8rent l'accord \u00e9crit de l'auteur ou du cr\u00e9ateur concern\u00e9. Les t\u00e9l\u00e9chargements et les copies de ce site ne sont autoris\u00e9s que pour un usage priv\u00e9 et non commercial. Dans la mesure o\u00f9 les contenus de ce site n'ont pas \u00e9t\u00e9 cr\u00e9\u00e9s par l'exploitant, les droits d'auteur de tiers sont respect\u00e9s. Les contenus de tiers sont notamment identifi\u00e9s comme tels. Si vous deviez n\u00e9anmoins constater une violation des droits d'auteur, nous vous prions de nous en informer. D\u00e8s la prise de connaissance d'une violation de la loi, nous supprimerons imm\u00e9diatement les contenus concern\u00e9s.<\/p>\t\t\t\t\t\t\t\t<\/div>\n\t\t\t\t<\/div>\n\t\t\t\t\t<\/div>\n\t\t\t\t<\/div>\n\t\t\t\t<\/div>","protected":false},"excerpt":{"rendered":"<p>Impressum Nezir e.V.Bunsenstra\u00dfe 7-1141540 Dormagen Vereinsregister: VR 3181Registergericht: Amtsgericht NeussSteuernummer: 114\/5875\/0037 Vertreten durch:Ahmed MardanAbdullah \u00d6zel Kontakt E-Mail: info@nezir-europe.orgKontaktformular Streitbeilegung Wir sind nicht bereit oder verpflichtet, an Streitbeilegungsverfahren vor einerVerbraucherschlichtungsstelle teilzunehmen. Haftungsausschluss: Haftung f\u00fcr Inhalte Die Inhalte unserer Seiten wurden mit gr\u00f6\u00dfter Sorgfalt erstellt. F\u00fcr die Richtigkeit, Vollst\u00e4ndigkeit und Aktualit\u00e4t der Inhalte k\u00f6nnen wir jedoch keine [&hellip;]<\/p>","protected":false},"author":1,"featured_media":0,"parent":0,"menu_order":0,"comment_status":"closed","ping_status":"closed","template":"","meta":{"_acf_changed":false,"give_campaign_id":0,"footnotes":""},"class_list":["post-883","page","type-page","status-publish","hentry"],"acf":[],"campaignId":"","_links":{"self":[{"href":"https:\/\/nezir-europe.org\/fr_fr\/wp-json\/wp\/v2\/pages\/883","targetHints":{"allow":["GET"]}}],"collection":[{"href":"https:\/\/nezir-europe.org\/fr_fr\/wp-json\/wp\/v2\/pages"}],"about":[{"href":"https:\/\/nezir-europe.org\/fr_fr\/wp-json\/wp\/v2\/types\/page"}],"author":[{"embeddable":true,"href":"https:\/\/nezir-europe.org\/fr_fr\/wp-json\/wp\/v2\/users\/1"}],"replies":[{"embeddable":true,"href":"https:\/\/nezir-europe.org\/fr_fr\/wp-json\/wp\/v2\/comments?post=883"}],"version-history":[{"count":64,"href":"https:\/\/nezir-europe.org\/fr_fr\/wp-json\/wp\/v2\/pages\/883\/revisions"}],"predecessor-version":[{"id":13808,"href":"https:\/\/nezir-europe.org\/fr_fr\/wp-json\/wp\/v2\/pages\/883\/revisions\/13808"}],"wp:attachment":[{"href":"https:\/\/nezir-europe.org\/fr_fr\/wp-json\/wp\/v2\/media?parent=883"}],"curies":[{"name":"wp","href":"https:\/\/api.w.org\/{rel}","templated":true}]}}